{"id":23186,"date":"2025-08-01T17:16:51","date_gmt":"2025-08-01T15:16:51","guid":{"rendered":"https:\/\/uj.adatbank.ro\/lexikon\/termek\/toldalagi-eva-nagyercsei-gr-roman-czjzekne\/"},"modified":"2025-08-01T17:16:51","modified_gmt":"2025-08-01T15:16:51","slug":"toldalagi-eva-nagyercsei-gr-roman-czjzekne","status":"publish","type":"product","link":"https:\/\/uj.adatbank.ro\/lexikon\/termek\/toldalagi-eva-nagyercsei-gr-roman-czjzekne\/","title":{"rendered":"TOLDALAGI \u00c9va, nagyercsei gr., Roman Czjzekn\u00e9"},"content":{"rendered":"<p>Kv., 1923, \u2020 B\u00e9cs, 2003. j\u00fal. 2.: ford\u00edt\u00f3. Apja ~ L\u00e1szl\u00f3, b\u00e1tyja ~ Ferenc. Marosgomb\u00e1son volt az udvarh\u00e1zuk. Sok \u00e9v ut\u00e1n B\u00e9csben \u00e9lt. A f\u00e9rj\u00e9vel k\u00f6z\u00f6sen ford\u00edtottak N\u00e9met L\u00e1szl\u00f3, Pilinszki, Szil\u00e1gyi Domokos, Hervay Gizella, Sz\u00e9kely J\u00e1nos stb. m\u0171veib\u0151l. M\u0171ford\u00edt\u00e1saival sz\u00e1mos magyaro.-i \u00e9s erd\u00e9lyi \u00edr\u00f3 m\u0171veit tette ismertt\u00e9 t\u00f6bb idegen nyelven. <br \/><strong>\u2013 Irod.:<\/strong> \u00c1ll\u00f3 \u00e9s mozg\u00f3k\u00e9pek; Castellum \u00c9rtes\u00edt\u0151 (2003. 10. sz.).<\/br><\/p>\n","protected":false},"excerpt":{"rendered":"<p>Kv., 1923, \u2020 B\u00e9cs, 2003. j\u00fal. 2.: ford\u00edt\u00f3. Apja ~ L\u00e1szl\u00f3, b\u00e1tyja ~ Ferenc. Marosgomb\u00e1son volt az udvarh\u00e1zuk. Sok \u00e9v ut\u00e1n B\u00e9csben \u00e9lt. A f\u00e9rj\u00e9vel k\u00f6z\u00f6sen ford\u00edtottak N\u00e9met L\u00e1szl\u00f3, Pilinszki, Szil\u00e1gyi Domokos, Hervay Gizella, Sz\u00e9kely J\u00e1nos stb. m\u0171veib\u0151l. M\u0171ford\u00edt\u00e1saival sz\u00e1mos magyaro.-i \u00e9s erd\u00e9lyi \u00edr\u00f3 m\u0171veit tette ismertt\u00e9 t\u00f6bb idegen nyelven. \u2013 Irod.: \u00c1ll\u00f3 \u00e9s mozg\u00f3k\u00e9pek; [&hellip;]<\/p>\n","protected":false},"featured_media":0,"comment_status":"open","ping_status":"closed","template":"","meta":[],"product_brand":[],"product_cat":[137],"product_tag":[],"class_list":{"0":"post-23186","1":"product","2":"type-product","3":"status-publish","5":"product_cat-maros-megyei-eletrajzi-lexikon","7":"first","8":"instock","9":"shipping-taxable","10":"product-type-simple"},"_links":{"self":[{"href":"https:\/\/uj.adatbank.ro\/lexikon\/wp-json\/wp\/v2\/product\/23186","targetHints":{"allow":["GET"]}}],"collection":[{"href":"https:\/\/uj.adatbank.ro\/lexikon\/wp-json\/wp\/v2\/product"}],"about":[{"href":"https:\/\/uj.adatbank.ro\/lexikon\/wp-json\/wp\/v2\/types\/product"}],"replies":[{"embeddable":true,"href":"https:\/\/uj.adatbank.ro\/lexikon\/wp-json\/wp\/v2\/comments?post=23186"}],"wp:attachment":[{"href":"https:\/\/uj.adatbank.ro\/lexikon\/wp-json\/wp\/v2\/media?parent=23186"}],"wp:term":[{"taxonomy":"product_brand","embeddable":true,"href":"https:\/\/uj.adatbank.ro\/lexikon\/wp-json\/wp\/v2\/product_brand?post=23186"},{"taxonomy":"product_cat","embeddable":true,"href":"https:\/\/uj.adatbank.ro\/lexikon\/wp-json\/wp\/v2\/product_cat?post=23186"},{"taxonomy":"product_tag","embeddable":true,"href":"https:\/\/uj.adatbank.ro\/lexikon\/wp-json\/wp\/v2\/product_tag?post=23186"}],"curies":[{"name":"wp","href":"https:\/\/api.w.org\/{rel}","templated":true}]}}