{"id":23187,"date":"2025-08-01T17:16:55","date_gmt":"2025-08-01T15:16:55","guid":{"rendered":"https:\/\/uj.adatbank.ro\/lexikon\/termek\/toldalagi-farkas-nagyercsei-es-gelencei-gr\/"},"modified":"2025-08-01T17:16:55","modified_gmt":"2025-08-01T15:16:55","slug":"toldalagi-farkas-nagyercsei-es-gelencei-gr","status":"publish","type":"product","link":"https:\/\/uj.adatbank.ro\/lexikon\/termek\/toldalagi-farkas-nagyercsei-es-gelencei-gr\/","title":{"rendered":"TOLDALAGI Farkas, nagyercsei \u00e9s gelencei gr."},"content":{"rendered":"<p>? \u2020 ?: birtokos. \u2013 T. J\u00e1nos \u00e9s Barnay Katalin fia. Ny\u00e1r\u00e1dszentbenedekben f\u00f6ldes\u00far (1700-as \u00e9vek). <br \/><strong>\u2013 Irod.:<\/strong> Keresztes; Ny\u00e1r\u00e1dszentbenedek.<\/br><\/p>\n","protected":false},"excerpt":{"rendered":"<p>? \u2020 ?: birtokos. \u2013 T. J\u00e1nos \u00e9s Barnay Katalin fia. Ny\u00e1r\u00e1dszentbenedekben f\u00f6ldes\u00far (1700-as \u00e9vek). \u2013 Irod.: Keresztes; Ny\u00e1r\u00e1dszentbenedek.<\/p>\n","protected":false},"featured_media":0,"comment_status":"open","ping_status":"closed","template":"","meta":[],"product_brand":[],"product_cat":[137],"product_tag":[],"class_list":{"0":"post-23187","1":"product","2":"type-product","3":"status-publish","5":"product_cat-maros-megyei-eletrajzi-lexikon","7":"first","8":"instock","9":"shipping-taxable","10":"product-type-simple"},"_links":{"self":[{"href":"https:\/\/uj.adatbank.ro\/lexikon\/wp-json\/wp\/v2\/product\/23187","targetHints":{"allow":["GET"]}}],"collection":[{"href":"https:\/\/uj.adatbank.ro\/lexikon\/wp-json\/wp\/v2\/product"}],"about":[{"href":"https:\/\/uj.adatbank.ro\/lexikon\/wp-json\/wp\/v2\/types\/product"}],"replies":[{"embeddable":true,"href":"https:\/\/uj.adatbank.ro\/lexikon\/wp-json\/wp\/v2\/comments?post=23187"}],"wp:attachment":[{"href":"https:\/\/uj.adatbank.ro\/lexikon\/wp-json\/wp\/v2\/media?parent=23187"}],"wp:term":[{"taxonomy":"product_brand","embeddable":true,"href":"https:\/\/uj.adatbank.ro\/lexikon\/wp-json\/wp\/v2\/product_brand?post=23187"},{"taxonomy":"product_cat","embeddable":true,"href":"https:\/\/uj.adatbank.ro\/lexikon\/wp-json\/wp\/v2\/product_cat?post=23187"},{"taxonomy":"product_tag","embeddable":true,"href":"https:\/\/uj.adatbank.ro\/lexikon\/wp-json\/wp\/v2\/product_tag?post=23187"}],"curies":[{"name":"wp","href":"https:\/\/api.w.org\/{rel}","templated":true}]}}