{"id":23189,"date":"2025-08-01T17:17:02","date_gmt":"2025-08-01T15:17:02","guid":{"rendered":"https:\/\/uj.adatbank.ro\/lexikon\/termek\/toldalagi-ferenc-2\/"},"modified":"2025-08-01T17:17:02","modified_gmt":"2025-08-01T15:17:02","slug":"toldalagi-ferenc-2","status":"publish","type":"product","link":"https:\/\/uj.adatbank.ro\/lexikon\/termek\/toldalagi-ferenc-2\/","title":{"rendered":"TOLDALAGI Ferenc"},"content":{"rendered":"<p>? \u2020 ?: f\u0151isp\u00e1n. \u2013 Feles\u00e9ge Apafi Anna (\u2020 Kir\u00e1lyfalva, 1640. m\u00e1rc. 14). Fiaik: J\u00e1nos, korm\u00e1nysz\u00e9ki tan\u00e1csos \u00e9s Andr\u00e1s. \u2013 Ikl\u00f3d \u00e9s Kir\u00e1lyfalva volt a csal\u00e1d birtoka. Az unit. egyh\u00e1z t\u00e1mogat\u00f3i. Bels\u0151-Szolnok megye f\u0151isp\u00e1nja. <br \/><strong>\u2013 Irod.:<\/strong> G\u00e1lth\u00f3i Andr\u00e1s: Halotti besz\u00e9d Apafi Anna felett. Kir\u00e1lyfalva, 1640. m\u00e1rc. 14.; Harasztosi Istv\u00e1n: Halottb\u00facs\u00faztat\u00f3 vers Apafi Anna felett; Killy\u00e9ni Gy\u00f6rgy I. Halotti besz\u00e9d Apafi Anna felett. = K\u00e9nosi\u2013Uzoni 2.; K\u00e9nosi\u2013Uzoni 2.<\/br><\/p>\n","protected":false},"excerpt":{"rendered":"<p>? \u2020 ?: f\u0151isp\u00e1n. \u2013 Feles\u00e9ge Apafi Anna (\u2020 Kir\u00e1lyfalva, 1640. m\u00e1rc. 14). Fiaik: J\u00e1nos, korm\u00e1nysz\u00e9ki tan\u00e1csos \u00e9s Andr\u00e1s. \u2013 Ikl\u00f3d \u00e9s Kir\u00e1lyfalva volt a csal\u00e1d birtoka. Az unit. egyh\u00e1z t\u00e1mogat\u00f3i. Bels\u0151-Szolnok megye f\u0151isp\u00e1nja. \u2013 Irod.: G\u00e1lth\u00f3i Andr\u00e1s: Halotti besz\u00e9d Apafi Anna felett. Kir\u00e1lyfalva, 1640. m\u00e1rc. 14.; Harasztosi Istv\u00e1n: Halottb\u00facs\u00faztat\u00f3 vers Apafi Anna felett; Killy\u00e9ni [&hellip;]<\/p>\n","protected":false},"featured_media":0,"comment_status":"open","ping_status":"closed","template":"","meta":[],"product_brand":[],"product_cat":[137],"product_tag":[],"class_list":{"0":"post-23189","1":"product","2":"type-product","3":"status-publish","5":"product_cat-maros-megyei-eletrajzi-lexikon","7":"first","8":"instock","9":"shipping-taxable","10":"product-type-simple"},"_links":{"self":[{"href":"https:\/\/uj.adatbank.ro\/lexikon\/wp-json\/wp\/v2\/product\/23189","targetHints":{"allow":["GET"]}}],"collection":[{"href":"https:\/\/uj.adatbank.ro\/lexikon\/wp-json\/wp\/v2\/product"}],"about":[{"href":"https:\/\/uj.adatbank.ro\/lexikon\/wp-json\/wp\/v2\/types\/product"}],"replies":[{"embeddable":true,"href":"https:\/\/uj.adatbank.ro\/lexikon\/wp-json\/wp\/v2\/comments?post=23189"}],"wp:attachment":[{"href":"https:\/\/uj.adatbank.ro\/lexikon\/wp-json\/wp\/v2\/media?parent=23189"}],"wp:term":[{"taxonomy":"product_brand","embeddable":true,"href":"https:\/\/uj.adatbank.ro\/lexikon\/wp-json\/wp\/v2\/product_brand?post=23189"},{"taxonomy":"product_cat","embeddable":true,"href":"https:\/\/uj.adatbank.ro\/lexikon\/wp-json\/wp\/v2\/product_cat?post=23189"},{"taxonomy":"product_tag","embeddable":true,"href":"https:\/\/uj.adatbank.ro\/lexikon\/wp-json\/wp\/v2\/product_tag?post=23189"}],"curies":[{"name":"wp","href":"https:\/\/api.w.org\/{rel}","templated":true}]}}