{"id":23190,"date":"2025-08-01T17:17:04","date_gmt":"2025-08-01T15:17:04","guid":{"rendered":"https:\/\/uj.adatbank.ro\/lexikon\/termek\/toldalagi-ferenc-nagyercsei-gr\/"},"modified":"2025-08-01T17:17:04","modified_gmt":"2025-08-01T15:17:04","slug":"toldalagi-ferenc-nagyercsei-gr","status":"publish","type":"product","link":"https:\/\/uj.adatbank.ro\/lexikon\/termek\/toldalagi-ferenc-nagyercsei-gr\/","title":{"rendered":"TOLDALAGI Ferenc, nagyercsei gr."},"content":{"rendered":"<p>? \u2020 ?: f\u0151\u00far, koronkai f\u00f6ldbirtokos. \u2013 Malmot kezdett \u00e9p\u00edteni a S\u00e1sv\u00e1ri hat\u00e1rban a v\u00e1ros k\u00e1r\u00e1ra (1759), a kirobbant birtokvita mellett a magisztr\u00e1tust a v\u00e1ros piac\u00e1n megkezdett nagyszab\u00e1s\u00fa \u00e9p\u00edtkez\u00e9se is zavarta. Egyemeletes barokk palot\u00e1t \u00e9p\u00edttetett Jean Luidor \u00e9s Schmitt P\u00e1l pall\u00e9rmesterekkel, k\u0151farag\u00f3 Anton Schuchbauer \u00e9s \u00f6nhatalm\u00falag \u00e1tl\u00e9pte a telekhat\u00e1rt (1759\u201362); Esk\u00fcvel fogadta hogy a v\u00e1rossal szembeni polg\u00e1ri k\u00f6telezetts\u00e9geit teljes\u00edti (1760); A tan\u00e1cs enged\u00e9lyezi hogy megv\u00e1ltsa 15 magyar forinton a v\u00e1rossal szemben fenn\u00e1ll\u00f3 k\u00f6telezetts\u00e9geit, \u00e9s h\u00e1z\u00e1ba k\u00f6teles katon\u00e1kat besz\u00e1ll\u00e1solni \u00e9s az ogy. k\u00f6veteit fogadni (1761); koll.-i gondnok, nyom\u00e1s\u00e1ra seg\u00e9dtan\u00e1rk\u00e9nt visszafogadt\u00e1k a Ref. Koll.-ba Benk\u0151 Mih\u00e1lyt, de csak a Heidelbergi k\u00e1t\u00e9t magyar\u00e1z\u00f3 \u00f3r\u00e1kat tarthatta (1772). <br \/><strong>\u2013 Irod.:<\/strong> Id\u0151t\u00e1r 1.<\/br><\/p>\n","protected":false},"excerpt":{"rendered":"<p>? \u2020 ?: f\u0151\u00far, koronkai f\u00f6ldbirtokos. \u2013 Malmot kezdett \u00e9p\u00edteni a S\u00e1sv\u00e1ri hat\u00e1rban a v\u00e1ros k\u00e1r\u00e1ra (1759), a kirobbant birtokvita mellett a magisztr\u00e1tust a v\u00e1ros piac\u00e1n megkezdett nagyszab\u00e1s\u00fa \u00e9p\u00edtkez\u00e9se is zavarta. Egyemeletes barokk palot\u00e1t \u00e9p\u00edttetett Jean Luidor \u00e9s Schmitt P\u00e1l pall\u00e9rmesterekkel, k\u0151farag\u00f3 Anton Schuchbauer \u00e9s \u00f6nhatalm\u00falag \u00e1tl\u00e9pte a telekhat\u00e1rt (1759\u201362); Esk\u00fcvel fogadta hogy a v\u00e1rossal [&hellip;]<\/p>\n","protected":false},"featured_media":0,"comment_status":"open","ping_status":"closed","template":"","meta":[],"product_brand":[],"product_cat":[137],"product_tag":[],"class_list":{"0":"post-23190","1":"product","2":"type-product","3":"status-publish","5":"product_cat-maros-megyei-eletrajzi-lexikon","7":"first","8":"instock","9":"shipping-taxable","10":"product-type-simple"},"_links":{"self":[{"href":"https:\/\/uj.adatbank.ro\/lexikon\/wp-json\/wp\/v2\/product\/23190","targetHints":{"allow":["GET"]}}],"collection":[{"href":"https:\/\/uj.adatbank.ro\/lexikon\/wp-json\/wp\/v2\/product"}],"about":[{"href":"https:\/\/uj.adatbank.ro\/lexikon\/wp-json\/wp\/v2\/types\/product"}],"replies":[{"embeddable":true,"href":"https:\/\/uj.adatbank.ro\/lexikon\/wp-json\/wp\/v2\/comments?post=23190"}],"wp:attachment":[{"href":"https:\/\/uj.adatbank.ro\/lexikon\/wp-json\/wp\/v2\/media?parent=23190"}],"wp:term":[{"taxonomy":"product_brand","embeddable":true,"href":"https:\/\/uj.adatbank.ro\/lexikon\/wp-json\/wp\/v2\/product_brand?post=23190"},{"taxonomy":"product_cat","embeddable":true,"href":"https:\/\/uj.adatbank.ro\/lexikon\/wp-json\/wp\/v2\/product_cat?post=23190"},{"taxonomy":"product_tag","embeddable":true,"href":"https:\/\/uj.adatbank.ro\/lexikon\/wp-json\/wp\/v2\/product_tag?post=23190"}],"curies":[{"name":"wp","href":"https:\/\/api.w.org\/{rel}","templated":true}]}}