{"id":23193,"date":"2025-08-01T17:17:11","date_gmt":"2025-08-01T15:17:11","guid":{"rendered":"https:\/\/uj.adatbank.ro\/lexikon\/termek\/toldalagi-ferenc-nagyercsei-es-gelenczei-gr-2\/"},"modified":"2025-08-01T17:17:11","modified_gmt":"2025-08-01T15:17:11","slug":"toldalagi-ferenc-nagyercsei-es-gelenczei-gr-2","status":"publish","type":"product","link":"https:\/\/uj.adatbank.ro\/lexikon\/termek\/toldalagi-ferenc-nagyercsei-es-gelenczei-gr-2\/","title":{"rendered":"TOLDALAGI Ferenc, nagyercsei \u00e9s gelenczei gr."},"content":{"rendered":"<p>Kv., 1920. febr. 14, \u2020 P\u00e1ris, Chatou (Fr.o.), 1996. jan. 15.: banktisztvisel\u0151. T. L\u00e1szl\u00f3 (1892\u20131942), \u00e9s gr. bethleni Bethlen Sarolta (1897\u20131964) fia. Feles\u00e9ge Szilassy \u00c9va, Gyermekei: dr. T. P\u00e1l Mih\u00e1ly (Algir, 1951\u2013), Katalin (Algir, 1952\u2013), Erzs\u00e9bet (Algir, 1956\u2013). \u2013 Nyolc\u00e9ves kor\u00e1t\u00f3l B\u00e9csben tanult a Theresianumban. Sz\u00fclei elv\u00e1ltak, apja elhagyta Koronk\u00e1t. Le\u00e9retts\u00e9gizett (1938), beiratkozott a b\u00e9csi k\u00fclgazdas\u00e1gi f\u0151iskol\u00e1ra, otthagyta B\u00e9cset. A francia idegenl\u00e9gi\u00f3 \u00f6nk\u00e9ntese (1939), Marseille-ben, majd Sidi-bel-Abbesben kik\u00e9pz\u00e9sben r\u00e9szes\u00fclt. \u00d6t \u00e9vet szolg\u00e1lt Alg\u00e9ri\u00e1ban innen ker\u00fclt, Marokk\u00f3ba, majd Tuniszba. Egy francia \u00e9rdekelts\u00e9g\u0171 bankn\u00e1l volt tisztvisel\u0151 Alg\u00e9ri\u00e1ban, majd P\u00e1rizsba k\u00f6lt\u00f6ztek (1961\u201374), itt a banki szakm\u00e1ban karrierj\u00e9t akad\u00e1lyozt\u00e1k, mert Alg\u00edrb\u00f3l j\u00f6tt, tov\u00e1bb tanult \u00e9s elsaj\u00e1t\u00edtotta a banki sz\u00e1m\u00edt\u00f3g\u00e9prendszeres ismereteket is, majd k\u00e9pviselhette a Banque Nationale de Paris-t nemzetk\u00f6zi t\u00e1rgyal\u00e1sokon (1960-as \u00e9vek v\u00e9g\u00e9n), v\u00e9g\u00fcl a legnagyobb eur\u00f3deviz\u00e1t kezel\u0151 banknak, a CEDEL S. A. igazgat\u00f3s\u00e1gi tagja, majd a luxemburgi bankk\u00f6zi p\u00e9nzint\u00e9zetnek a vez\u00e9rigazgat\u00f3ja (1970\u201381). A Johannita Rend M. Tagozat\u00e1nak tagja, jogi lovag volt. <br \/><strong>\u2013 Irod.:<\/strong> \u00c1ll\u00f3- \u00e9s mozg\u00f3k\u00e9pek; Kornis; M. Johannita csal\u00e1dt\u00f6rt.<\/br><\/p>\n","protected":false},"excerpt":{"rendered":"<p>Kv., 1920. febr. 14, \u2020 P\u00e1ris, Chatou (Fr.o.), 1996. jan. 15.: banktisztvisel\u0151. T. L\u00e1szl\u00f3 (1892\u20131942), \u00e9s gr. bethleni Bethlen Sarolta (1897\u20131964) fia. Feles\u00e9ge Szilassy \u00c9va, Gyermekei: dr. T. P\u00e1l Mih\u00e1ly (Algir, 1951\u2013), Katalin (Algir, 1952\u2013), Erzs\u00e9bet (Algir, 1956\u2013). \u2013 Nyolc\u00e9ves kor\u00e1t\u00f3l B\u00e9csben tanult a Theresianumban. Sz\u00fclei elv\u00e1ltak, apja elhagyta Koronk\u00e1t. Le\u00e9retts\u00e9gizett (1938), beiratkozott a b\u00e9csi [&hellip;]<\/p>\n","protected":false},"featured_media":0,"comment_status":"open","ping_status":"closed","template":"","meta":[],"product_brand":[],"product_cat":[137],"product_tag":[],"class_list":{"0":"post-23193","1":"product","2":"type-product","3":"status-publish","5":"product_cat-maros-megyei-eletrajzi-lexikon","7":"first","8":"instock","9":"shipping-taxable","10":"product-type-simple"},"_links":{"self":[{"href":"https:\/\/uj.adatbank.ro\/lexikon\/wp-json\/wp\/v2\/product\/23193","targetHints":{"allow":["GET"]}}],"collection":[{"href":"https:\/\/uj.adatbank.ro\/lexikon\/wp-json\/wp\/v2\/product"}],"about":[{"href":"https:\/\/uj.adatbank.ro\/lexikon\/wp-json\/wp\/v2\/types\/product"}],"replies":[{"embeddable":true,"href":"https:\/\/uj.adatbank.ro\/lexikon\/wp-json\/wp\/v2\/comments?post=23193"}],"wp:attachment":[{"href":"https:\/\/uj.adatbank.ro\/lexikon\/wp-json\/wp\/v2\/media?parent=23193"}],"wp:term":[{"taxonomy":"product_brand","embeddable":true,"href":"https:\/\/uj.adatbank.ro\/lexikon\/wp-json\/wp\/v2\/product_brand?post=23193"},{"taxonomy":"product_cat","embeddable":true,"href":"https:\/\/uj.adatbank.ro\/lexikon\/wp-json\/wp\/v2\/product_cat?post=23193"},{"taxonomy":"product_tag","embeddable":true,"href":"https:\/\/uj.adatbank.ro\/lexikon\/wp-json\/wp\/v2\/product_tag?post=23193"}],"curies":[{"name":"wp","href":"https:\/\/api.w.org\/{rel}","templated":true}]}}