{"id":23195,"date":"2025-08-01T17:17:15","date_gmt":"2025-08-01T15:17:15","guid":{"rendered":"https:\/\/uj.adatbank.ro\/lexikon\/termek\/toldalagi-franciska-nagyercsei-es-gelenczei-gr\/"},"modified":"2025-08-01T17:17:15","modified_gmt":"2025-08-01T15:17:15","slug":"toldalagi-franciska-nagyercsei-es-gelenczei-gr","status":"publish","type":"product","link":"https:\/\/uj.adatbank.ro\/lexikon\/termek\/toldalagi-franciska-nagyercsei-es-gelenczei-gr\/","title":{"rendered":"TOLDALAGI Franciska; nagyercsei \u00e9s gelenczei gr."},"content":{"rendered":"<p>1830. aug. 12., \u2020 Mv., 1905. m\u00e1rc. 1., Tem. Koronka 1905. m\u00e1rc. 3.: birtokos. \u2013 Ferenc (1803\u20131864) \u00e9s s\u00e1rosmagyarberkeszi Katona Anna l\u00e1nya. <br \/><strong>\u2013 Irod.:<\/strong> Gudenus.<\/br><\/p>\n","protected":false},"excerpt":{"rendered":"<p>1830. aug. 12., \u2020 Mv., 1905. m\u00e1rc. 1., Tem. Koronka 1905. m\u00e1rc. 3.: birtokos. \u2013 Ferenc (1803\u20131864) \u00e9s s\u00e1rosmagyarberkeszi Katona Anna l\u00e1nya. \u2013 Irod.: Gudenus.<\/p>\n","protected":false},"featured_media":0,"comment_status":"open","ping_status":"closed","template":"","meta":[],"product_brand":[],"product_cat":[137],"product_tag":[],"class_list":{"0":"post-23195","1":"product","2":"type-product","3":"status-publish","5":"product_cat-maros-megyei-eletrajzi-lexikon","7":"first","8":"instock","9":"shipping-taxable","10":"product-type-simple"},"_links":{"self":[{"href":"https:\/\/uj.adatbank.ro\/lexikon\/wp-json\/wp\/v2\/product\/23195","targetHints":{"allow":["GET"]}}],"collection":[{"href":"https:\/\/uj.adatbank.ro\/lexikon\/wp-json\/wp\/v2\/product"}],"about":[{"href":"https:\/\/uj.adatbank.ro\/lexikon\/wp-json\/wp\/v2\/types\/product"}],"replies":[{"embeddable":true,"href":"https:\/\/uj.adatbank.ro\/lexikon\/wp-json\/wp\/v2\/comments?post=23195"}],"wp:attachment":[{"href":"https:\/\/uj.adatbank.ro\/lexikon\/wp-json\/wp\/v2\/media?parent=23195"}],"wp:term":[{"taxonomy":"product_brand","embeddable":true,"href":"https:\/\/uj.adatbank.ro\/lexikon\/wp-json\/wp\/v2\/product_brand?post=23195"},{"taxonomy":"product_cat","embeddable":true,"href":"https:\/\/uj.adatbank.ro\/lexikon\/wp-json\/wp\/v2\/product_cat?post=23195"},{"taxonomy":"product_tag","embeddable":true,"href":"https:\/\/uj.adatbank.ro\/lexikon\/wp-json\/wp\/v2\/product_tag?post=23195"}],"curies":[{"name":"wp","href":"https:\/\/api.w.org\/{rel}","templated":true}]}}