{"id":23199,"date":"2025-08-01T17:17:28","date_gmt":"2025-08-01T15:17:28","guid":{"rendered":"https:\/\/uj.adatbank.ro\/lexikon\/termek\/toldalagi-gyorgy-gr-2\/"},"modified":"2025-08-01T17:17:28","modified_gmt":"2025-08-01T15:17:28","slug":"toldalagi-gyorgy-gr-2","status":"publish","type":"product","link":"https:\/\/uj.adatbank.ro\/lexikon\/termek\/toldalagi-gyorgy-gr-2\/","title":{"rendered":"TOLDALAGI Gy\u00f6rgy, gr."},"content":{"rendered":"<p>? \u2020 ?: birtokos. \u2013 Feles\u00e9ge: gr. L\u00e1z\u00e1r Anna (1778?\u20131842: ? szept? 27 K\u00f6rtv\u00e9lyf\u00e1j\u00e1n temett\u00e9k.) L\u00e1nyaik: T. Zsuzs\u00e1nna \u2013 Korda \u00c1d\u00e1mn\u00e9; Druzi\u00e1na gr. Toldy L\u0151rinc feles\u00e9ge. <br \/><strong>\u2013 Irod.:<\/strong> Lev\u00e9lt\u00e1ri gy\u00e1szj.<\/br><\/p>\n","protected":false},"excerpt":{"rendered":"<p>? \u2020 ?: birtokos. \u2013 Feles\u00e9ge: gr. L\u00e1z\u00e1r Anna (1778?\u20131842: ? szept? 27 K\u00f6rtv\u00e9lyf\u00e1j\u00e1n temett\u00e9k.) L\u00e1nyaik: T. Zsuzs\u00e1nna \u2013 Korda \u00c1d\u00e1mn\u00e9; Druzi\u00e1na gr. Toldy L\u0151rinc feles\u00e9ge. \u2013 Irod.: Lev\u00e9lt\u00e1ri gy\u00e1szj.<\/p>\n","protected":false},"featured_media":0,"comment_status":"open","ping_status":"closed","template":"","meta":[],"product_brand":[],"product_cat":[137],"product_tag":[],"class_list":{"0":"post-23199","1":"product","2":"type-product","3":"status-publish","5":"product_cat-maros-megyei-eletrajzi-lexikon","7":"first","8":"instock","9":"shipping-taxable","10":"product-type-simple"},"_links":{"self":[{"href":"https:\/\/uj.adatbank.ro\/lexikon\/wp-json\/wp\/v2\/product\/23199","targetHints":{"allow":["GET"]}}],"collection":[{"href":"https:\/\/uj.adatbank.ro\/lexikon\/wp-json\/wp\/v2\/product"}],"about":[{"href":"https:\/\/uj.adatbank.ro\/lexikon\/wp-json\/wp\/v2\/types\/product"}],"replies":[{"embeddable":true,"href":"https:\/\/uj.adatbank.ro\/lexikon\/wp-json\/wp\/v2\/comments?post=23199"}],"wp:attachment":[{"href":"https:\/\/uj.adatbank.ro\/lexikon\/wp-json\/wp\/v2\/media?parent=23199"}],"wp:term":[{"taxonomy":"product_brand","embeddable":true,"href":"https:\/\/uj.adatbank.ro\/lexikon\/wp-json\/wp\/v2\/product_brand?post=23199"},{"taxonomy":"product_cat","embeddable":true,"href":"https:\/\/uj.adatbank.ro\/lexikon\/wp-json\/wp\/v2\/product_cat?post=23199"},{"taxonomy":"product_tag","embeddable":true,"href":"https:\/\/uj.adatbank.ro\/lexikon\/wp-json\/wp\/v2\/product_tag?post=23199"}],"curies":[{"name":"wp","href":"https:\/\/api.w.org\/{rel}","templated":true}]}}