{"id":23201,"date":"2025-08-01T17:17:33","date_gmt":"2025-08-01T15:17:33","guid":{"rendered":"https:\/\/uj.adatbank.ro\/lexikon\/termek\/toldalagi-istvan-nagyercsei-gr\/"},"modified":"2025-08-01T17:17:33","modified_gmt":"2025-08-01T15:17:33","slug":"toldalagi-istvan-nagyercsei-gr","status":"publish","type":"product","link":"https:\/\/uj.adatbank.ro\/lexikon\/termek\/toldalagi-istvan-nagyercsei-gr\/","title":{"rendered":"TOLDALAGI Istv\u00e1n, nagyercsei gr."},"content":{"rendered":"<p>1751? \u2020 Mv., 1793. okt. 5.: f\u00f6lbirtokos. \u2013 Testv\u00e9re: T. L\u00e1szl\u00f3 (1748. okt. 23., \u2020 1806.). H\u00e1rom le\u00e1ny apja. \u2013 A ref. egyh\u00e1z f\u0151kur\u00e1tora Torboszl\u00f3n, aj\u00e1nlat\u00e1ra a D\u00e9v\u00e1n tartott zsinaton (1793. j\u00fan. 11.) kimondta Torboszl\u00f3 elszakad\u00e1s\u00e1t Ny\u00e1r\u00e1dszentimr\u00e9t\u0151l. <br \/><strong>\u2013 Irod.:<\/strong> Gy\u00e1szjelent\u0151; Torboszl\u00f3.<\/br><\/p>\n","protected":false},"excerpt":{"rendered":"<p>1751? \u2020 Mv., 1793. okt. 5.: f\u00f6lbirtokos. \u2013 Testv\u00e9re: T. L\u00e1szl\u00f3 (1748. okt. 23., \u2020 1806.). H\u00e1rom le\u00e1ny apja. \u2013 A ref. egyh\u00e1z f\u0151kur\u00e1tora Torboszl\u00f3n, aj\u00e1nlat\u00e1ra a D\u00e9v\u00e1n tartott zsinaton (1793. j\u00fan. 11.) kimondta Torboszl\u00f3 elszakad\u00e1s\u00e1t Ny\u00e1r\u00e1dszentimr\u00e9t\u0151l. \u2013 Irod.: Gy\u00e1szjelent\u0151; Torboszl\u00f3.<\/p>\n","protected":false},"featured_media":0,"comment_status":"open","ping_status":"closed","template":"","meta":[],"product_brand":[],"product_cat":[137],"product_tag":[],"class_list":{"0":"post-23201","1":"product","2":"type-product","3":"status-publish","5":"product_cat-maros-megyei-eletrajzi-lexikon","7":"first","8":"instock","9":"shipping-taxable","10":"product-type-simple"},"_links":{"self":[{"href":"https:\/\/uj.adatbank.ro\/lexikon\/wp-json\/wp\/v2\/product\/23201","targetHints":{"allow":["GET"]}}],"collection":[{"href":"https:\/\/uj.adatbank.ro\/lexikon\/wp-json\/wp\/v2\/product"}],"about":[{"href":"https:\/\/uj.adatbank.ro\/lexikon\/wp-json\/wp\/v2\/types\/product"}],"replies":[{"embeddable":true,"href":"https:\/\/uj.adatbank.ro\/lexikon\/wp-json\/wp\/v2\/comments?post=23201"}],"wp:attachment":[{"href":"https:\/\/uj.adatbank.ro\/lexikon\/wp-json\/wp\/v2\/media?parent=23201"}],"wp:term":[{"taxonomy":"product_brand","embeddable":true,"href":"https:\/\/uj.adatbank.ro\/lexikon\/wp-json\/wp\/v2\/product_brand?post=23201"},{"taxonomy":"product_cat","embeddable":true,"href":"https:\/\/uj.adatbank.ro\/lexikon\/wp-json\/wp\/v2\/product_cat?post=23201"},{"taxonomy":"product_tag","embeddable":true,"href":"https:\/\/uj.adatbank.ro\/lexikon\/wp-json\/wp\/v2\/product_tag?post=23201"}],"curies":[{"name":"wp","href":"https:\/\/api.w.org\/{rel}","templated":true}]}}