{"id":23203,"date":"2025-08-01T17:17:38","date_gmt":"2025-08-01T15:17:38","guid":{"rendered":"https:\/\/uj.adatbank.ro\/lexikon\/termek\/toldalagi-janos-2\/"},"modified":"2025-08-01T17:17:38","modified_gmt":"2025-08-01T15:17:38","slug":"toldalagi-janos-2","status":"publish","type":"product","link":"https:\/\/uj.adatbank.ro\/lexikon\/termek\/toldalagi-janos-2\/","title":{"rendered":"TOLDALAGI J\u00e1nos"},"content":{"rendered":"<p>17 ?, \u2020 ? 1722.: f\u00f6ldbirtokos. \u2013 J\u00e1nos (\u2020 1712) \u00e9s Stef\u00e1ni Erzs\u00e9bet fia. Nej\u00e9t\u0151l nagyv\u00e1radi Incz\u00e9dy Kat\u00e1t\u00f3l csak le\u00e1nya Zsuzsa br. Nal\u00e1czy Istv\u00e1nn\u00e9 maradt, kinek koronkai \u00e9s sz\u00e9naver\u0151si r\u00e9sz\u00e9t \u00e9s Majost hagyta; Le\u00e1nya \u00e9lt m\u00e9g 1758-ban. <br \/><strong>\u2013 Irod.:<\/strong> Nagy Iv\u00e1n.<\/br><\/p>\n","protected":false},"excerpt":{"rendered":"<p>17 ?, \u2020 ? 1722.: f\u00f6ldbirtokos. \u2013 J\u00e1nos (\u2020 1712) \u00e9s Stef\u00e1ni Erzs\u00e9bet fia. Nej\u00e9t\u0151l nagyv\u00e1radi Incz\u00e9dy Kat\u00e1t\u00f3l csak le\u00e1nya Zsuzsa br. Nal\u00e1czy Istv\u00e1nn\u00e9 maradt, kinek koronkai \u00e9s sz\u00e9naver\u0151si r\u00e9sz\u00e9t \u00e9s Majost hagyta; Le\u00e1nya \u00e9lt m\u00e9g 1758-ban. \u2013 Irod.: Nagy Iv\u00e1n.<\/p>\n","protected":false},"featured_media":0,"comment_status":"open","ping_status":"closed","template":"","meta":[],"product_brand":[],"product_cat":[137],"product_tag":[],"class_list":{"0":"post-23203","1":"product","2":"type-product","3":"status-publish","5":"product_cat-maros-megyei-eletrajzi-lexikon","7":"first","8":"instock","9":"shipping-taxable","10":"product-type-simple"},"_links":{"self":[{"href":"https:\/\/uj.adatbank.ro\/lexikon\/wp-json\/wp\/v2\/product\/23203","targetHints":{"allow":["GET"]}}],"collection":[{"href":"https:\/\/uj.adatbank.ro\/lexikon\/wp-json\/wp\/v2\/product"}],"about":[{"href":"https:\/\/uj.adatbank.ro\/lexikon\/wp-json\/wp\/v2\/types\/product"}],"replies":[{"embeddable":true,"href":"https:\/\/uj.adatbank.ro\/lexikon\/wp-json\/wp\/v2\/comments?post=23203"}],"wp:attachment":[{"href":"https:\/\/uj.adatbank.ro\/lexikon\/wp-json\/wp\/v2\/media?parent=23203"}],"wp:term":[{"taxonomy":"product_brand","embeddable":true,"href":"https:\/\/uj.adatbank.ro\/lexikon\/wp-json\/wp\/v2\/product_brand?post=23203"},{"taxonomy":"product_cat","embeddable":true,"href":"https:\/\/uj.adatbank.ro\/lexikon\/wp-json\/wp\/v2\/product_cat?post=23203"},{"taxonomy":"product_tag","embeddable":true,"href":"https:\/\/uj.adatbank.ro\/lexikon\/wp-json\/wp\/v2\/product_tag?post=23203"}],"curies":[{"name":"wp","href":"https:\/\/api.w.org\/{rel}","templated":true}]}}