{"id":23206,"date":"2025-08-01T17:17:46","date_gmt":"2025-08-01T15:17:46","guid":{"rendered":"https:\/\/uj.adatbank.ro\/lexikon\/termek\/toldalagi-janos-nagyercsei-es-gelenczei-gr\/"},"modified":"2025-08-01T17:17:46","modified_gmt":"2025-08-01T15:17:46","slug":"toldalagi-janos-nagyercsei-es-gelenczei-gr","status":"publish","type":"product","link":"https:\/\/uj.adatbank.ro\/lexikon\/termek\/toldalagi-janos-nagyercsei-es-gelenczei-gr\/","title":{"rendered":"TOLDALAGI J\u00e1nos, nagyercsei \u00e9s gelenczei gr."},"content":{"rendered":"<p>17 ?, \u2020 ?: abaf\u00e1ji birtokos, kapit\u00e1ny.- Mih\u00e1ly (1682\u20131744) \u00e9s tancsi F\u00f6ldv\u00e1ry Erzs\u00e9bet fia. Feles\u00e9ge nagybarcsai Barcsay Kata. Gyermekei: Lajos, Farkas, Kl\u00e1ra, S\u00e1ra. A K\u00e1lnoki ezredben, r\u00e9szt vett a porosz h\u00e1bor\u00faban (1762). Az abaf\u00e1ji mag\u00e1nh\u00e1z\u00e1ban tartott\u00e1k a ref. istentiszteleteket, miut\u00e1n a kat. templomot visszaszerezt\u00e9k a katolikusok (1752). <br \/><strong>\u2013 Irod.:<\/strong> Kr\u00f3n F\u00fcz. (1939. 4\/9); L\u00e9sty\u00e1n \u2013 templomok 1.; P\u00e1lmay.<\/br><\/p>\n","protected":false},"excerpt":{"rendered":"<p>17 ?, \u2020 ?: abaf\u00e1ji birtokos, kapit\u00e1ny.- Mih\u00e1ly (1682\u20131744) \u00e9s tancsi F\u00f6ldv\u00e1ry Erzs\u00e9bet fia. Feles\u00e9ge nagybarcsai Barcsay Kata. Gyermekei: Lajos, Farkas, Kl\u00e1ra, S\u00e1ra. A K\u00e1lnoki ezredben, r\u00e9szt vett a porosz h\u00e1bor\u00faban (1762). Az abaf\u00e1ji mag\u00e1nh\u00e1z\u00e1ban tartott\u00e1k a ref. istentiszteleteket, miut\u00e1n a kat. templomot visszaszerezt\u00e9k a katolikusok (1752). \u2013 Irod.: Kr\u00f3n F\u00fcz. (1939. 4\/9); L\u00e9sty\u00e1n \u2013 [&hellip;]<\/p>\n","protected":false},"featured_media":0,"comment_status":"open","ping_status":"closed","template":"","meta":[],"product_brand":[],"product_cat":[137],"product_tag":[],"class_list":{"0":"post-23206","1":"product","2":"type-product","3":"status-publish","5":"product_cat-maros-megyei-eletrajzi-lexikon","7":"first","8":"instock","9":"shipping-taxable","10":"product-type-simple"},"_links":{"self":[{"href":"https:\/\/uj.adatbank.ro\/lexikon\/wp-json\/wp\/v2\/product\/23206","targetHints":{"allow":["GET"]}}],"collection":[{"href":"https:\/\/uj.adatbank.ro\/lexikon\/wp-json\/wp\/v2\/product"}],"about":[{"href":"https:\/\/uj.adatbank.ro\/lexikon\/wp-json\/wp\/v2\/types\/product"}],"replies":[{"embeddable":true,"href":"https:\/\/uj.adatbank.ro\/lexikon\/wp-json\/wp\/v2\/comments?post=23206"}],"wp:attachment":[{"href":"https:\/\/uj.adatbank.ro\/lexikon\/wp-json\/wp\/v2\/media?parent=23206"}],"wp:term":[{"taxonomy":"product_brand","embeddable":true,"href":"https:\/\/uj.adatbank.ro\/lexikon\/wp-json\/wp\/v2\/product_brand?post=23206"},{"taxonomy":"product_cat","embeddable":true,"href":"https:\/\/uj.adatbank.ro\/lexikon\/wp-json\/wp\/v2\/product_cat?post=23206"},{"taxonomy":"product_tag","embeddable":true,"href":"https:\/\/uj.adatbank.ro\/lexikon\/wp-json\/wp\/v2\/product_tag?post=23206"}],"curies":[{"name":"wp","href":"https:\/\/api.w.org\/{rel}","templated":true}]}}