{"id":23207,"date":"2025-08-01T17:17:49","date_gmt":"2025-08-01T15:17:49","guid":{"rendered":"https:\/\/uj.adatbank.ro\/lexikon\/termek\/toldalagi-johanna-nagyercsei-es-gelenczei-gr-kornis-samuelne\/"},"modified":"2025-08-01T17:17:49","modified_gmt":"2025-08-01T15:17:49","slug":"toldalagi-johanna-nagyercsei-es-gelenczei-gr-kornis-samuelne","status":"publish","type":"product","link":"https:\/\/uj.adatbank.ro\/lexikon\/termek\/toldalagi-johanna-nagyercsei-es-gelenczei-gr-kornis-samuelne\/","title":{"rendered":"TOLDALAGI Johanna, nagyercsei \u00e9s gelenczei gr., Kornis S\u00e1mueln\u00e9"},"content":{"rendered":"<p>Mv., 1820. m\u00e1j. 17., \u2020 Mv., 1849. m\u00e1j. 6: f\u00f6ldbirtokos. \u2013 Zsigmond (1766\u20131847) \u00e9s Vay Katalin l\u00e1nya. F\u00e9rje g\u00f6ncruszkai gr. Kornis S\u00e1muel. Esk\u00fcv\u0151: \u00c1kosfalva, 1840. m\u00e1j. 16. <br \/><strong>\u2013 Irod.:<\/strong> Gudenus; MNZS.<\/br><\/p>\n","protected":false},"excerpt":{"rendered":"<p>Mv., 1820. m\u00e1j. 17., \u2020 Mv., 1849. m\u00e1j. 6: f\u00f6ldbirtokos. \u2013 Zsigmond (1766\u20131847) \u00e9s Vay Katalin l\u00e1nya. F\u00e9rje g\u00f6ncruszkai gr. Kornis S\u00e1muel. Esk\u00fcv\u0151: \u00c1kosfalva, 1840. m\u00e1j. 16. \u2013 Irod.: Gudenus; MNZS.<\/p>\n","protected":false},"featured_media":0,"comment_status":"open","ping_status":"closed","template":"","meta":[],"product_brand":[],"product_cat":[137],"product_tag":[],"class_list":{"0":"post-23207","1":"product","2":"type-product","3":"status-publish","5":"product_cat-maros-megyei-eletrajzi-lexikon","7":"first","8":"instock","9":"shipping-taxable","10":"product-type-simple"},"_links":{"self":[{"href":"https:\/\/uj.adatbank.ro\/lexikon\/wp-json\/wp\/v2\/product\/23207","targetHints":{"allow":["GET"]}}],"collection":[{"href":"https:\/\/uj.adatbank.ro\/lexikon\/wp-json\/wp\/v2\/product"}],"about":[{"href":"https:\/\/uj.adatbank.ro\/lexikon\/wp-json\/wp\/v2\/types\/product"}],"replies":[{"embeddable":true,"href":"https:\/\/uj.adatbank.ro\/lexikon\/wp-json\/wp\/v2\/comments?post=23207"}],"wp:attachment":[{"href":"https:\/\/uj.adatbank.ro\/lexikon\/wp-json\/wp\/v2\/media?parent=23207"}],"wp:term":[{"taxonomy":"product_brand","embeddable":true,"href":"https:\/\/uj.adatbank.ro\/lexikon\/wp-json\/wp\/v2\/product_brand?post=23207"},{"taxonomy":"product_cat","embeddable":true,"href":"https:\/\/uj.adatbank.ro\/lexikon\/wp-json\/wp\/v2\/product_cat?post=23207"},{"taxonomy":"product_tag","embeddable":true,"href":"https:\/\/uj.adatbank.ro\/lexikon\/wp-json\/wp\/v2\/product_tag?post=23207"}],"curies":[{"name":"wp","href":"https:\/\/api.w.org\/{rel}","templated":true}]}}