{"id":23209,"date":"2025-08-01T17:17:53","date_gmt":"2025-08-01T15:17:53","guid":{"rendered":"https:\/\/uj.adatbank.ro\/lexikon\/termek\/toldalagi-jozsef-gr\/"},"modified":"2025-08-01T17:17:53","modified_gmt":"2025-08-01T15:17:53","slug":"toldalagi-jozsef-gr","status":"publish","type":"product","link":"https:\/\/uj.adatbank.ro\/lexikon\/termek\/toldalagi-jozsef-gr\/","title":{"rendered":"TOLDALAGI J\u00f3zsef, gr."},"content":{"rendered":"<p>Koronka, 1893.\u2020 ?: f\u00f6ldbirtokos. \u2013 Jogot tanult B\u00e9csben (1806). Besorozt\u00e1k (1917), harct\u00e9rre ker\u00fclt (1917. nov. 17.). <br \/><strong>\u2013 Irod.:<\/strong> Koszta.<\/br><\/p>\n","protected":false},"excerpt":{"rendered":"<p>Koronka, 1893.\u2020 ?: f\u00f6ldbirtokos. \u2013 Jogot tanult B\u00e9csben (1806). Besorozt\u00e1k (1917), harct\u00e9rre ker\u00fclt (1917. nov. 17.). \u2013 Irod.: Koszta.<\/p>\n","protected":false},"featured_media":0,"comment_status":"open","ping_status":"closed","template":"","meta":[],"product_brand":[],"product_cat":[137],"product_tag":[],"class_list":{"0":"post-23209","1":"product","2":"type-product","3":"status-publish","5":"product_cat-maros-megyei-eletrajzi-lexikon","7":"first","8":"instock","9":"shipping-taxable","10":"product-type-simple"},"_links":{"self":[{"href":"https:\/\/uj.adatbank.ro\/lexikon\/wp-json\/wp\/v2\/product\/23209","targetHints":{"allow":["GET"]}}],"collection":[{"href":"https:\/\/uj.adatbank.ro\/lexikon\/wp-json\/wp\/v2\/product"}],"about":[{"href":"https:\/\/uj.adatbank.ro\/lexikon\/wp-json\/wp\/v2\/types\/product"}],"replies":[{"embeddable":true,"href":"https:\/\/uj.adatbank.ro\/lexikon\/wp-json\/wp\/v2\/comments?post=23209"}],"wp:attachment":[{"href":"https:\/\/uj.adatbank.ro\/lexikon\/wp-json\/wp\/v2\/media?parent=23209"}],"wp:term":[{"taxonomy":"product_brand","embeddable":true,"href":"https:\/\/uj.adatbank.ro\/lexikon\/wp-json\/wp\/v2\/product_brand?post=23209"},{"taxonomy":"product_cat","embeddable":true,"href":"https:\/\/uj.adatbank.ro\/lexikon\/wp-json\/wp\/v2\/product_cat?post=23209"},{"taxonomy":"product_tag","embeddable":true,"href":"https:\/\/uj.adatbank.ro\/lexikon\/wp-json\/wp\/v2\/product_tag?post=23209"}],"curies":[{"name":"wp","href":"https:\/\/api.w.org\/{rel}","templated":true}]}}