{"id":23211,"date":"2025-08-01T17:17:58","date_gmt":"2025-08-01T15:17:58","guid":{"rendered":"https:\/\/uj.adatbank.ro\/lexikon\/termek\/toldalagi-jozsef-viktor-%c2%a7-nagyercsei-es-gelencei-nagyiklodi-gr-toldalaghy-jozsef\/"},"modified":"2025-08-01T17:17:58","modified_gmt":"2025-08-01T15:17:58","slug":"toldalagi-jozsef-viktor-%c2%a7-nagyercsei-es-gelencei-nagyiklodi-gr-toldalaghy-jozsef","status":"publish","type":"product","link":"https:\/\/uj.adatbank.ro\/lexikon\/termek\/toldalagi-jozsef-viktor-%c2%a7-nagyercsei-es-gelencei-nagyiklodi-gr-toldalaghy-jozsef\/","title":{"rendered":"TOLDALAGI J\u00f3zsef Viktor, \u00a7 nagyercsei \u00e9s gelencei, nagyikl\u00f3di gr., Toldalaghy J\u00f3zsef"},"content":{"rendered":"<p>Koronka, 1899. \u00e1pr. 17., \u2020 Kv, 1944. szept. 23., tem. Koronk\u00e1n: f\u00f6ldbirtokos, t\u00f6rt\u00e9n\u00e9sz, az ogy. fels\u0151h\u00e1z\u00e1nak kinevezett tagja, Johannita lovag, \u00e9s orvos, geneal\u00f3gus. Felvett\u00e9k az orvosok vit\u00e9zi rendj\u00e9be a Marosi als\u00f3 j\u00e1r\u00e1sban. \u2013 T. L\u00e1szl\u00f3 (1865\u20131923), ref. koll.-i f\u0151gondnok \u00e9s zeykfalvi br. Zeyk Erzs\u00e9bet fia. Feles\u00e9ge uzoni B\u00e9ldi Zsuzsanna (1913\u20131964, esk: 1933. aug. 29.) a koronkai kast\u00e9lynak az \u00e1llamos\u00edt\u00e1s el\u0151tti utols\u00f3 lak\u00f3ja volt. Gyermekei Zsuzsanna (1935\u2013) \u00e9s Orsolya (1937\u2013). Mostohaapjuk \u00f6r\u00f6kbe fogadta \u0151ket \u00e9s felvett\u00e9k a Miskolczy nevet. \u2013 A k\u00f6z\u00e9piskola padjaib\u00f3l ker\u00fclt az I. vh.-ba (1917\u201318), az orosz \u00e9s az olasz fronton harcolt, megsebes\u00fclt (1918). Mint z\u00e1szl\u00f3s szerelt le, 8 kit\u00fcntet\u00e9st kapott. \u00c1tvette a koronkai gazd\u00e1lkod\u00e1st testv\u00e9r\u00e9t\u0151l, L\u00e1szl\u00f3t\u00f3l, a koronkai k\u00f6nyvt\u00e1r \u00e9s kast\u00e9ly utols\u00f3 gazd\u00e1ja, maga is nagy k\u00f6nyvgy\u0171jt\u0151. Beleegyezett, hogy S\u00e9nyi L\u00e1szl\u00f3 a 12 ezer k\u00f6tetes k\u00f6nyvt\u00e1r egy r\u00e9sz\u00e9t Mv.-re menek\u00edtse, k\u00e9pekkel, szobrokkal, b\u00fatordarabokkal egy\u00fctt, ezek egy r\u00e9sze a Teleki\u2013Bolyai k\u00f6nyvt\u00e1rba ker\u00fclt. Az utols\u00f3 feh\u00e9r porcel\u00e1nk\u00e1lyh\u00e1t a mv.-i h\u00e1zass\u00e1gk\u00f6t\u0151 teremben \u00e1ll\u00edtott\u00e1k fel (1986), amely a II. vh. idej\u00e9n katon\u00e1k sz\u00e1ll\u00e1shelye volt, majd gabonarakt\u00e1r \u00e9s mez\u0151gazdas\u00e1gi sz\u00f6vetkezet sz\u00e9khelye (1949 ut\u00e1n). Kiirtott\u00e1k a h\u00edres dendrol\u00f3giai parkj\u00e1t is. A Vit\u00e9zi Sz\u00e9k j\u00e1r\u00e1si hadnagya, a mv.-i Ref. Koll. f\u0151gondnoka (1939), a koronkai ref. egyh\u00e1zk\u00f6zs\u00e9g patr\u00f3nusa; az EME egyik igazgat\u00f3ja; a M. T\u00f6rt\u00e9nelmi \u00e9s Geneal\u00f3giai T\u00e1rsas\u00e1g tagja; a Johannita-rend tiszteleti lovagja (1941\u201344), a kultur\u00e1lis \u00e9s t\u00e1rsadalmi egyes\u00fcletek t\u00e1mogat\u00f3ja volt. Geneal\u00f3giai \u00e9rtekez\u00e9sek. <br \/><strong>\u2013 Irod.:<\/strong> \u00c1ll\u00f3- \u00e9s mozg\u00f3k\u00e9pek; B\u00e1nffy \u2013 Marosi; Berekm\u00e9ri\u2013Nemes; B\u00edr\u00f3 J\u00f3zsef: A koronkai Tholdalaghi-kast\u00e9ly = B\u00edr\u00f3 J\u00f3zsef: Erd\u00e9ly besz\u00e9l\u0151 k\u00f6vei (Kv., 2008); Erd\u00e9lyi ezredek; Fodor S\u00e1ndor: J\u00e1rom az utat&#8230; (N\u00fa., 2005. aug. 11.); EM; Gudenus; Id\u0151t\u00e1r 3; Kornis; Koszta; Lev\u00e9lt\u00e1ri gy\u00e1szj.; M. Johannita csal\u00e1dt\u00f6rt; Maros megye; Marosi-KZST; P\u00e1lmay, Sebesty\u00e9n; Sz\u00e9kelyf\u00f6ld \u00ed. k.<\/br><\/p>\n","protected":false},"excerpt":{"rendered":"<p>Koronka, 1899. \u00e1pr. 17., \u2020 Kv, 1944. szept. 23., tem. Koronk\u00e1n: f\u00f6ldbirtokos, t\u00f6rt\u00e9n\u00e9sz, az ogy. fels\u0151h\u00e1z\u00e1nak kinevezett tagja, Johannita lovag, \u00e9s orvos, geneal\u00f3gus. Felvett\u00e9k az orvosok vit\u00e9zi rendj\u00e9be a Marosi als\u00f3 j\u00e1r\u00e1sban. \u2013 T. L\u00e1szl\u00f3 (1865\u20131923), ref. koll.-i f\u0151gondnok \u00e9s zeykfalvi br. Zeyk Erzs\u00e9bet fia. Feles\u00e9ge uzoni B\u00e9ldi Zsuzsanna (1913\u20131964, esk: 1933. aug. 29.) a [&hellip;]<\/p>\n","protected":false},"featured_media":0,"comment_status":"open","ping_status":"closed","template":"","meta":[],"product_brand":[],"product_cat":[137],"product_tag":[],"class_list":{"0":"post-23211","1":"product","2":"type-product","3":"status-publish","5":"product_cat-maros-megyei-eletrajzi-lexikon","7":"first","8":"instock","9":"shipping-taxable","10":"product-type-simple"},"_links":{"self":[{"href":"https:\/\/uj.adatbank.ro\/lexikon\/wp-json\/wp\/v2\/product\/23211","targetHints":{"allow":["GET"]}}],"collection":[{"href":"https:\/\/uj.adatbank.ro\/lexikon\/wp-json\/wp\/v2\/product"}],"about":[{"href":"https:\/\/uj.adatbank.ro\/lexikon\/wp-json\/wp\/v2\/types\/product"}],"replies":[{"embeddable":true,"href":"https:\/\/uj.adatbank.ro\/lexikon\/wp-json\/wp\/v2\/comments?post=23211"}],"wp:attachment":[{"href":"https:\/\/uj.adatbank.ro\/lexikon\/wp-json\/wp\/v2\/media?parent=23211"}],"wp:term":[{"taxonomy":"product_brand","embeddable":true,"href":"https:\/\/uj.adatbank.ro\/lexikon\/wp-json\/wp\/v2\/product_brand?post=23211"},{"taxonomy":"product_cat","embeddable":true,"href":"https:\/\/uj.adatbank.ro\/lexikon\/wp-json\/wp\/v2\/product_cat?post=23211"},{"taxonomy":"product_tag","embeddable":true,"href":"https:\/\/uj.adatbank.ro\/lexikon\/wp-json\/wp\/v2\/product_tag?post=23211"}],"curies":[{"name":"wp","href":"https:\/\/api.w.org\/{rel}","templated":true}]}}