{"id":23213,"date":"2025-08-01T17:18:06","date_gmt":"2025-08-01T15:18:06","guid":{"rendered":"https:\/\/uj.adatbank.ro\/lexikon\/termek\/toldalagi-judit-nagyercsei-nemes\/"},"modified":"2025-08-01T17:18:06","modified_gmt":"2025-08-01T15:18:06","slug":"toldalagi-judit-nagyercsei-nemes","status":"publish","type":"product","link":"https:\/\/uj.adatbank.ro\/lexikon\/termek\/toldalagi-judit-nagyercsei-nemes\/","title":{"rendered":"TOLDALAGI Judit, nagyercsei nemes"},"content":{"rendered":"<p>? \u2020 ?: birtokos nemes. \u2013 T. Mih\u00e1ly (1580\u20131642) \u00e9s gelenczei Mih\u00e1lcz Erzs\u00e9bet l\u00e1nya. F\u00e9rje: Angyalosi Istv\u00e1n, majd Bodoni Gy\u00f6rgy a fejedelmi t\u00e1bla \u00fcln\u00f6ke I. Apafi Mih\u00e1ly idej\u00e9n. <br \/><strong>\u2013 Irod.:<\/strong> Teleki Mih\u00e1ly udvartart\u00e1si napl\u00f3ja (1673\u20131681) (Kv., 2007); Radv\u00e1nszky B\u00e9la: Magyar csal\u00e1d\u00e9let \u00e9s h\u00e1ztart\u00e1s a XVI \u00e9s XVII sz.-ban 3 (Bp., 1879\u201396).<\/br><\/p>\n","protected":false},"excerpt":{"rendered":"<p>? \u2020 ?: birtokos nemes. \u2013 T. Mih\u00e1ly (1580\u20131642) \u00e9s gelenczei Mih\u00e1lcz Erzs\u00e9bet l\u00e1nya. F\u00e9rje: Angyalosi Istv\u00e1n, majd Bodoni Gy\u00f6rgy a fejedelmi t\u00e1bla \u00fcln\u00f6ke I. Apafi Mih\u00e1ly idej\u00e9n. \u2013 Irod.: Teleki Mih\u00e1ly udvartart\u00e1si napl\u00f3ja (1673\u20131681) (Kv., 2007); Radv\u00e1nszky B\u00e9la: Magyar csal\u00e1d\u00e9let \u00e9s h\u00e1ztart\u00e1s a XVI \u00e9s XVII sz.-ban 3 (Bp., 1879\u201396).<\/p>\n","protected":false},"featured_media":0,"comment_status":"open","ping_status":"closed","template":"","meta":[],"product_brand":[],"product_cat":[137],"product_tag":[],"class_list":{"0":"post-23213","1":"product","2":"type-product","3":"status-publish","5":"product_cat-maros-megyei-eletrajzi-lexikon","7":"first","8":"instock","9":"shipping-taxable","10":"product-type-simple"},"_links":{"self":[{"href":"https:\/\/uj.adatbank.ro\/lexikon\/wp-json\/wp\/v2\/product\/23213","targetHints":{"allow":["GET"]}}],"collection":[{"href":"https:\/\/uj.adatbank.ro\/lexikon\/wp-json\/wp\/v2\/product"}],"about":[{"href":"https:\/\/uj.adatbank.ro\/lexikon\/wp-json\/wp\/v2\/types\/product"}],"replies":[{"embeddable":true,"href":"https:\/\/uj.adatbank.ro\/lexikon\/wp-json\/wp\/v2\/comments?post=23213"}],"wp:attachment":[{"href":"https:\/\/uj.adatbank.ro\/lexikon\/wp-json\/wp\/v2\/media?parent=23213"}],"wp:term":[{"taxonomy":"product_brand","embeddable":true,"href":"https:\/\/uj.adatbank.ro\/lexikon\/wp-json\/wp\/v2\/product_brand?post=23213"},{"taxonomy":"product_cat","embeddable":true,"href":"https:\/\/uj.adatbank.ro\/lexikon\/wp-json\/wp\/v2\/product_cat?post=23213"},{"taxonomy":"product_tag","embeddable":true,"href":"https:\/\/uj.adatbank.ro\/lexikon\/wp-json\/wp\/v2\/product_tag?post=23213"}],"curies":[{"name":"wp","href":"https:\/\/api.w.org\/{rel}","templated":true}]}}