{"id":23214,"date":"2025-08-01T17:18:09","date_gmt":"2025-08-01T15:18:09","guid":{"rendered":"https:\/\/uj.adatbank.ro\/lexikon\/termek\/toldalagi-katalin-nagyercsei-es-gelenczei-gr-ugron-istvanne\/"},"modified":"2025-08-01T17:18:09","modified_gmt":"2025-08-01T15:18:09","slug":"toldalagi-katalin-nagyercsei-es-gelenczei-gr-ugron-istvanne","status":"publish","type":"product","link":"https:\/\/uj.adatbank.ro\/lexikon\/termek\/toldalagi-katalin-nagyercsei-es-gelenczei-gr-ugron-istvanne\/","title":{"rendered":"TOLDALAGI Katalin, nagyercsei \u00e9s gelenczei gr., Ugron Istv\u00e1nn\u00e9"},"content":{"rendered":"<p>Ny\u00e1r\u00e1dszentbenedek, 1800., \u2020 Kv., 1860. okt. 10. \u2013 T. Zsigmond (1766\u20131847) \u00e9s Vay Kata le\u00e1nya. F\u00e9rjhez ment (1840), ugronfalvi Ugron Istv\u00e1nhoz, aki Torda megye f\u0151isp\u00e1nja, aranyossz\u00e9ki f\u0151kir\u00e1lyb\u00edr\u00f3, az erd\u00e9lyi ref. egyh\u00e1z f\u0151gondnoka. Halotti c\u00edmere a kv.-i Farkas utcai templomban. <br \/><strong>\u2013 Irod.:<\/strong> Entz\u2013Kov\u00e1cs; Gudenus.<\/br><\/p>\n","protected":false},"excerpt":{"rendered":"<p>Ny\u00e1r\u00e1dszentbenedek, 1800., \u2020 Kv., 1860. okt. 10. \u2013 T. Zsigmond (1766\u20131847) \u00e9s Vay Kata le\u00e1nya. F\u00e9rjhez ment (1840), ugronfalvi Ugron Istv\u00e1nhoz, aki Torda megye f\u0151isp\u00e1nja, aranyossz\u00e9ki f\u0151kir\u00e1lyb\u00edr\u00f3, az erd\u00e9lyi ref. egyh\u00e1z f\u0151gondnoka. Halotti c\u00edmere a kv.-i Farkas utcai templomban. \u2013 Irod.: Entz\u2013Kov\u00e1cs; Gudenus.<\/p>\n","protected":false},"featured_media":0,"comment_status":"open","ping_status":"closed","template":"","meta":[],"product_brand":[],"product_cat":[137],"product_tag":[],"class_list":{"0":"post-23214","1":"product","2":"type-product","3":"status-publish","5":"product_cat-maros-megyei-eletrajzi-lexikon","7":"first","8":"instock","9":"shipping-taxable","10":"product-type-simple"},"_links":{"self":[{"href":"https:\/\/uj.adatbank.ro\/lexikon\/wp-json\/wp\/v2\/product\/23214","targetHints":{"allow":["GET"]}}],"collection":[{"href":"https:\/\/uj.adatbank.ro\/lexikon\/wp-json\/wp\/v2\/product"}],"about":[{"href":"https:\/\/uj.adatbank.ro\/lexikon\/wp-json\/wp\/v2\/types\/product"}],"replies":[{"embeddable":true,"href":"https:\/\/uj.adatbank.ro\/lexikon\/wp-json\/wp\/v2\/comments?post=23214"}],"wp:attachment":[{"href":"https:\/\/uj.adatbank.ro\/lexikon\/wp-json\/wp\/v2\/media?parent=23214"}],"wp:term":[{"taxonomy":"product_brand","embeddable":true,"href":"https:\/\/uj.adatbank.ro\/lexikon\/wp-json\/wp\/v2\/product_brand?post=23214"},{"taxonomy":"product_cat","embeddable":true,"href":"https:\/\/uj.adatbank.ro\/lexikon\/wp-json\/wp\/v2\/product_cat?post=23214"},{"taxonomy":"product_tag","embeddable":true,"href":"https:\/\/uj.adatbank.ro\/lexikon\/wp-json\/wp\/v2\/product_tag?post=23214"}],"curies":[{"name":"wp","href":"https:\/\/api.w.org\/{rel}","templated":true}]}}