{"id":23215,"date":"2025-08-01T17:18:11","date_gmt":"2025-08-01T15:18:11","guid":{"rendered":"https:\/\/uj.adatbank.ro\/lexikon\/termek\/toldalagi-krisztina-nagyercsei-es-gelenczei-gr-haller-zsigmondne\/"},"modified":"2025-08-01T17:18:11","modified_gmt":"2025-08-01T15:18:11","slug":"toldalagi-krisztina-nagyercsei-es-gelenczei-gr-haller-zsigmondne","status":"publish","type":"product","link":"https:\/\/uj.adatbank.ro\/lexikon\/termek\/toldalagi-krisztina-nagyercsei-es-gelenczei-gr-haller-zsigmondne\/","title":{"rendered":"TOLDALAGI Krisztina, nagyercsei \u00e9s gelenczei gr., Haller Zsigmondn\u00e9"},"content":{"rendered":"<p>1790? \u2020 1835. dec. 23.: birtokos. \u2013 L\u00e1szl\u00f3 (1717\u20131779) \u00e9s czegei Wass Katalin l\u00e1nya. F\u00e9rje hallerk\u0151i gr. Haller Zsigmond (\u20201803), a kir. T\u00e1bla eln\u00f6ke. A mosoni kast\u00e9ly \u00e9p\u00edttet\u0151je, A sz\u00e9kelymosoni ref. templom \u00e9p\u00edttet\u0151je (1780\u201390). Mv.-en polg\u00e1ri esk\u00fct tett (1784. m\u00e1rc. 29.). H\u00e1za volt Mv.-en (1786). Irod.: Keresztes 1995; L\u00e9sty\u00e1n \u2013 templomok 1.; Nagy Iv\u00e1n; Orb\u00e1n J\u00e1nos: T\u00e1blab\u00edr\u00e1k, f\u0151nemesek, pall\u00e9rok \u00e9s h\u00e1zak: V\u00e1rosk\u00e9p \u00e9s t\u00e1rsadalom v\u00e1ltoz\u00e1sai Mv.-en a Kir\u00e1lyi T\u00e1bla bek\u00f6lt\u00f6z\u00e9se ut\u00e1n [1754] = K\u00f6nyvek \u00e1ltal\u2026; P\u00e1l-Antal 2006; P\u00e1l-Antal 2009.<\/br><\/p>\n","protected":false},"excerpt":{"rendered":"<p>1790? \u2020 1835. dec. 23.: birtokos. \u2013 L\u00e1szl\u00f3 (1717\u20131779) \u00e9s czegei Wass Katalin l\u00e1nya. F\u00e9rje hallerk\u0151i gr. Haller Zsigmond (\u20201803), a kir. T\u00e1bla eln\u00f6ke. A mosoni kast\u00e9ly \u00e9p\u00edttet\u0151je, A sz\u00e9kelymosoni ref. templom \u00e9p\u00edttet\u0151je (1780\u201390). Mv.-en polg\u00e1ri esk\u00fct tett (1784. m\u00e1rc. 29.). H\u00e1za volt Mv.-en (1786). Irod.: Keresztes 1995; L\u00e9sty\u00e1n \u2013 templomok 1.; Nagy Iv\u00e1n; Orb\u00e1n [&hellip;]<\/p>\n","protected":false},"featured_media":0,"comment_status":"open","ping_status":"closed","template":"","meta":[],"product_brand":[],"product_cat":[137],"product_tag":[],"class_list":{"0":"post-23215","1":"product","2":"type-product","3":"status-publish","5":"product_cat-maros-megyei-eletrajzi-lexikon","7":"first","8":"instock","9":"shipping-taxable","10":"product-type-simple"},"_links":{"self":[{"href":"https:\/\/uj.adatbank.ro\/lexikon\/wp-json\/wp\/v2\/product\/23215","targetHints":{"allow":["GET"]}}],"collection":[{"href":"https:\/\/uj.adatbank.ro\/lexikon\/wp-json\/wp\/v2\/product"}],"about":[{"href":"https:\/\/uj.adatbank.ro\/lexikon\/wp-json\/wp\/v2\/types\/product"}],"replies":[{"embeddable":true,"href":"https:\/\/uj.adatbank.ro\/lexikon\/wp-json\/wp\/v2\/comments?post=23215"}],"wp:attachment":[{"href":"https:\/\/uj.adatbank.ro\/lexikon\/wp-json\/wp\/v2\/media?parent=23215"}],"wp:term":[{"taxonomy":"product_brand","embeddable":true,"href":"https:\/\/uj.adatbank.ro\/lexikon\/wp-json\/wp\/v2\/product_brand?post=23215"},{"taxonomy":"product_cat","embeddable":true,"href":"https:\/\/uj.adatbank.ro\/lexikon\/wp-json\/wp\/v2\/product_cat?post=23215"},{"taxonomy":"product_tag","embeddable":true,"href":"https:\/\/uj.adatbank.ro\/lexikon\/wp-json\/wp\/v2\/product_tag?post=23215"}],"curies":[{"name":"wp","href":"https:\/\/api.w.org\/{rel}","templated":true}]}}