{"id":23219,"date":"2025-08-01T17:18:22","date_gmt":"2025-08-01T15:18:22","guid":{"rendered":"https:\/\/uj.adatbank.ro\/lexikon\/termek\/toldalagi-laszlo-nagyercsei-es-gelenczei-gr-2\/"},"modified":"2025-08-01T17:18:22","modified_gmt":"2025-08-01T15:18:22","slug":"toldalagi-laszlo-nagyercsei-es-gelenczei-gr-2","status":"publish","type":"product","link":"https:\/\/uj.adatbank.ro\/lexikon\/termek\/toldalagi-laszlo-nagyercsei-es-gelenczei-gr-2\/","title":{"rendered":"TOLDALAGI L\u00e1szl\u00f3, nagyercsei \u00e9s gelenczei gr."},"content":{"rendered":"<p>Koronka, 1748. okt. 23., \u2020 1806. m\u00e1rc. 5., temetve, Koronka csal\u00e1di kripta: cs. \u00e9s kir. kamar\u00e1s, k\u00f6zhivatalnok, f\u00f6ldbirtokos. \u2013 L\u00e1szl\u00f3 (1717\u20131779) \u00e9s Wass Kata fia. Feles\u00e9ge borosjen\u0151i gr. Korda Anna (1738\u20131826). T\u00f6bb \u00e9vig volt tanulm\u00e1ny\u00faton Hollandi\u00e1ban, Franciao.-ban, B\u00e1zelben, ahol matematikai, fizikai tanulm\u00e1nyokat v\u00e9gzett (1768), G\u00f6ttingenben (1776), Teleki S\u00e1muel is ekkor tanult. A csal\u00e1d t\u00e1mogat\u00e1s\u00e1val \u00e9p\u00fclt a koronkai ref. templom (1802), \u00e9s egy barokk kast\u00e9ly \u00e9p\u00edt\u00e9s\u00e9t kezdem\u00e9nyezte, de ez nem val\u00f3sult meg. Feles\u00e9ge a koronkai templom m\u00e1rv\u00e1nysz\u00f3sz\u00e9k\u00e9t csin\u00e1ltatta (1806). Ezt bizony\u00edtja a Toldalagi \u2013 Korda-c\u00edmerrel \u00e9k\u00edtett eml\u00e9kt\u00e1bla al\u00e1bbi sz\u00f6vege: \u201eIsten dits\u0151s\u00e9g\u00e9re ezen pr\u00e9dik\u00e1l\u00f3 sz\u00e9ket tsin\u00e1ltatta \u00e1rva gr\u00f3f Korda Anna, n. gr\u00f3f Toldalagi L\u00e1szl\u00f3 ur \u00f6zvegye koronkai refor. templomba, 1806-ik \u00e9szten. 8-ik juni.\u201d Egy\u00fctt terveztett\u00e9k a kv.-i Toldalagi-Korda palot\u00e1t. <br \/><strong>\u2013 Irod.:<\/strong> \u00c1ll\u00f3- \u00e9s mozg\u00f3k\u00e9pek; Bir\u00f3 J\u00f3zsef. A bonchidai B\u00e1nffy-kast\u00e9ly csal\u00e1di arck\u00e9pei = Lyka eml\u00e9kk.; Fekete; Halotti besz\u00e9dek; Imreh; Keresztes; Kov\u00e1sznai S\u00e1ndor: Carmina exequalia, et particula quaedam alius argumenti (Utrecht, 1782); Kr\u00f3n F\u00fcz. (1939. 4\/9); Ny\u00e1r\u00e1dszentbenedek; P\u00e1lmay, Szab\u00f3\u2013Sz\u00f6gi; Valori mure\u015fene de patrimoniu.<\/br><\/p>\n","protected":false},"excerpt":{"rendered":"<p>Koronka, 1748. okt. 23., \u2020 1806. m\u00e1rc. 5., temetve, Koronka csal\u00e1di kripta: cs. \u00e9s kir. kamar\u00e1s, k\u00f6zhivatalnok, f\u00f6ldbirtokos. \u2013 L\u00e1szl\u00f3 (1717\u20131779) \u00e9s Wass Kata fia. Feles\u00e9ge borosjen\u0151i gr. Korda Anna (1738\u20131826). T\u00f6bb \u00e9vig volt tanulm\u00e1ny\u00faton Hollandi\u00e1ban, Franciao.-ban, B\u00e1zelben, ahol matematikai, fizikai tanulm\u00e1nyokat v\u00e9gzett (1768), G\u00f6ttingenben (1776), Teleki S\u00e1muel is ekkor tanult. A csal\u00e1d t\u00e1mogat\u00e1s\u00e1val \u00e9p\u00fclt [&hellip;]<\/p>\n","protected":false},"featured_media":0,"comment_status":"open","ping_status":"closed","template":"","meta":[],"product_brand":[],"product_cat":[137],"product_tag":[],"class_list":{"0":"post-23219","1":"product","2":"type-product","3":"status-publish","5":"product_cat-maros-megyei-eletrajzi-lexikon","7":"first","8":"instock","9":"shipping-taxable","10":"product-type-simple"},"_links":{"self":[{"href":"https:\/\/uj.adatbank.ro\/lexikon\/wp-json\/wp\/v2\/product\/23219","targetHints":{"allow":["GET"]}}],"collection":[{"href":"https:\/\/uj.adatbank.ro\/lexikon\/wp-json\/wp\/v2\/product"}],"about":[{"href":"https:\/\/uj.adatbank.ro\/lexikon\/wp-json\/wp\/v2\/types\/product"}],"replies":[{"embeddable":true,"href":"https:\/\/uj.adatbank.ro\/lexikon\/wp-json\/wp\/v2\/comments?post=23219"}],"wp:attachment":[{"href":"https:\/\/uj.adatbank.ro\/lexikon\/wp-json\/wp\/v2\/media?parent=23219"}],"wp:term":[{"taxonomy":"product_brand","embeddable":true,"href":"https:\/\/uj.adatbank.ro\/lexikon\/wp-json\/wp\/v2\/product_brand?post=23219"},{"taxonomy":"product_cat","embeddable":true,"href":"https:\/\/uj.adatbank.ro\/lexikon\/wp-json\/wp\/v2\/product_cat?post=23219"},{"taxonomy":"product_tag","embeddable":true,"href":"https:\/\/uj.adatbank.ro\/lexikon\/wp-json\/wp\/v2\/product_tag?post=23219"}],"curies":[{"name":"wp","href":"https:\/\/api.w.org\/{rel}","templated":true}]}}