{"id":23221,"date":"2025-08-01T17:18:25","date_gmt":"2025-08-01T15:18:25","guid":{"rendered":"https:\/\/uj.adatbank.ro\/lexikon\/termek\/toldalagi-laszlo-nagyercsei-gr\/"},"modified":"2025-08-01T17:18:25","modified_gmt":"2025-08-01T15:18:25","slug":"toldalagi-laszlo-nagyercsei-gr","status":"publish","type":"product","link":"https:\/\/uj.adatbank.ro\/lexikon\/termek\/toldalagi-laszlo-nagyercsei-gr\/","title":{"rendered":"TOLDALAGI L\u00e1szl\u00f3, nagyercsei gr."},"content":{"rendered":"<p>Koronka, 1892. aug. 20., \u2020 Bp., 1942. m\u00e1rc. 8.: cs. \u00e9s kir. kamar\u00e1s, rep\u00fcl\u0151sz\u00e1zados, okleveles vegy\u00e9szm\u00e9rn\u00f6k, k\u00e9mikus. \u2013 T. L\u00e1szl\u00f3 f\u00f6ldbirtokos (1865\u20131923) \u00e9s zeykfalvi br. Zeyk Erzs\u00e9bet fia. Testv\u00e9rei: T. Ilona gr.-n\u0151 Bonyh\u00e1di Perczel Armandn\u00e9; T. J\u00f3zsef, feles\u00e9ge B\u00e9ldi Zsuzs\u00e1nna br.-n\u0151. Feles\u00e9ge: gr. Bethlen Sarolta (1897. m\u00e1j.31. \u2013 N\u00fcrnberg, 1964. okt. 13). (Esk. Kv. 1919. \u00e1pr. 5). Gyermekeik: Ferenc; L\u00e1szl\u00f3 (1920. febr. 14. \u2013 1996. jan 15.), \u00c9va (1923. okt. 9. \u2013). Koronk\u00e1n \u00e9ltek, elv\u00e1ltak (Kv., 1930). \u2013 Tanulm\u00e1nyait Berlinben a M\u0171egy. Vegy. Kar\u00e1n (1910\u201313, G\u00f6ttingenben az egy. Vegy. Kar\u00e1n (1913\u201318) v\u00e9gezte. A mv.-i Ref. Koll. f\u0151gondnoka (1916). Sokat utazott k\u00fclf\u00f6ld\u00f6n, a fizikai \u00e9s vegyi tudom\u00e1nyoknak \u00e9lt. Kv.-on vegy\u00e9szeti munk\u00e1t adott ki (1920), k\u00e9miai dolgozatot \u00edrt (1935). Rep\u00fcl\u0151tiszt volt az I. vh.-ban (1915. m\u00e1j. 15. \u2013 nov. 10.; 1916. nov. 20. \u2013 dec. 1., 1917. j\u00fal. 15. \u2013 1918. m\u00e1rc.-t\u00f3l felmentve). Az Erd\u00e9lyi Kereskedelmi \u00e9s Hitelbank, Sz\u00e9kely Gazd\u00e1k Sz\u00f6vetkezet\u00e9nek igazgat\u00f3s\u00e1gi tagja (1924). A p\u00e9ti vegyszergy\u00e1rban dolgozott, sokat utazott k\u00fclf\u00f6ldre. Birtokai, 1927 hold, nagy r\u00e9sz\u00e9t (50,90 %) kisaj\u00e1t\u00edtotta a rom\u00e1n \u00e1llam az imp\u00e9rium v\u00e1ltoz\u00e1s ut\u00e1n, a f\u00f6ldreformmal (1921). \u0150 \u00e9s ut\u00f3dai a csal\u00e1dn\u00e9v egyszer\u0171bb v\u00e1ltozat\u00e1t haszn\u00e1lta \u201eToldalagi\u201d \u00edr\u00e1sm\u00f3ddal. \u2013  <strong>F. m..:<\/strong> Marostorda V\u00e1rmegyei Gazdas\u00e1gi Egyes\u00fclet alapszab\u00e1lyai \u00e9s tagjainak n\u00e9vsora (Mv., 1913), Phenolaetherekb\u0151l \u00e9s aldehydekb\u0151l el\u0151\u00e1ll\u00edtott \u00fajtriphenylmethan vegy\u00fcletekr\u0151l: B\u00f6lcs\u00e9szdoktori \u00e9rtekez\u00e9s (Kv., 1920). <br \/><strong>\u2013 Irod.:<\/strong> \u00c1ll\u00f3- \u00e9s mozg\u00f3k\u00e9pek; Gudenus; Gy\u00e1szjelent\u0151; Gy\u00f6rgy; Gy\u00f6rgy 1926; Kornis; Koszta; Lev\u00e9lt\u00e1ri gy\u00e1szj.; Pan\u0103; P\u00e1lmay, Szab\u00f3\u2013Simon\u2013Sz\u00f6gi.<\/br><\/p>\n","protected":false},"excerpt":{"rendered":"<p>Koronka, 1892. aug. 20., \u2020 Bp., 1942. m\u00e1rc. 8.: cs. \u00e9s kir. kamar\u00e1s, rep\u00fcl\u0151sz\u00e1zados, okleveles vegy\u00e9szm\u00e9rn\u00f6k, k\u00e9mikus. \u2013 T. L\u00e1szl\u00f3 f\u00f6ldbirtokos (1865\u20131923) \u00e9s zeykfalvi br. Zeyk Erzs\u00e9bet fia. Testv\u00e9rei: T. Ilona gr.-n\u0151 Bonyh\u00e1di Perczel Armandn\u00e9; T. J\u00f3zsef, feles\u00e9ge B\u00e9ldi Zsuzs\u00e1nna br.-n\u0151. Feles\u00e9ge: gr. Bethlen Sarolta (1897. m\u00e1j.31. \u2013 N\u00fcrnberg, 1964. okt. 13). (Esk. Kv. 1919. [&hellip;]<\/p>\n","protected":false},"featured_media":0,"comment_status":"open","ping_status":"closed","template":"","meta":[],"product_brand":[],"product_cat":[137],"product_tag":[],"class_list":{"0":"post-23221","1":"product","2":"type-product","3":"status-publish","5":"product_cat-maros-megyei-eletrajzi-lexikon","7":"first","8":"instock","9":"shipping-taxable","10":"product-type-simple"},"_links":{"self":[{"href":"https:\/\/uj.adatbank.ro\/lexikon\/wp-json\/wp\/v2\/product\/23221","targetHints":{"allow":["GET"]}}],"collection":[{"href":"https:\/\/uj.adatbank.ro\/lexikon\/wp-json\/wp\/v2\/product"}],"about":[{"href":"https:\/\/uj.adatbank.ro\/lexikon\/wp-json\/wp\/v2\/types\/product"}],"replies":[{"embeddable":true,"href":"https:\/\/uj.adatbank.ro\/lexikon\/wp-json\/wp\/v2\/comments?post=23221"}],"wp:attachment":[{"href":"https:\/\/uj.adatbank.ro\/lexikon\/wp-json\/wp\/v2\/media?parent=23221"}],"wp:term":[{"taxonomy":"product_brand","embeddable":true,"href":"https:\/\/uj.adatbank.ro\/lexikon\/wp-json\/wp\/v2\/product_brand?post=23221"},{"taxonomy":"product_cat","embeddable":true,"href":"https:\/\/uj.adatbank.ro\/lexikon\/wp-json\/wp\/v2\/product_cat?post=23221"},{"taxonomy":"product_tag","embeddable":true,"href":"https:\/\/uj.adatbank.ro\/lexikon\/wp-json\/wp\/v2\/product_tag?post=23221"}],"curies":[{"name":"wp","href":"https:\/\/api.w.org\/{rel}","templated":true}]}}