{"id":23224,"date":"2025-08-01T17:18:34","date_gmt":"2025-08-01T15:18:34","guid":{"rendered":"https:\/\/uj.adatbank.ro\/lexikon\/termek\/toldalagi-maria-iklodi-nalaczi-lajosne\/"},"modified":"2025-08-01T17:18:34","modified_gmt":"2025-08-01T15:18:34","slug":"toldalagi-maria-iklodi-nalaczi-lajosne","status":"publish","type":"product","link":"https:\/\/uj.adatbank.ro\/lexikon\/termek\/toldalagi-maria-iklodi-nalaczi-lajosne\/","title":{"rendered":"TOLDALAGI M\u00e1ria, ikl\u00f3di; Nal\u00e1czi Lajosn\u00e9"},"content":{"rendered":"<p>1675., \u2020 1720.: ? . Andr\u00e1s \u00e9s G\u00f6cs S\u00e1ra le\u00e1nya. F\u00e9rje: Nal\u00e1czi Lajos (\u2020 1728). <br \/><strong>\u2013 Irod.:<\/strong> Bir\u00f3 1.; Bir\u00f3 J\u00f3zsef. A bonchidai B\u00e1nffy-kast\u00e9ly csal\u00e1di arck\u00e9pei = Lyka eml\u00e9kk.; Wessel\u00e9yni Istv\u00e1n.<\/br><\/p>\n","protected":false},"excerpt":{"rendered":"<p>1675., \u2020 1720.: ? . Andr\u00e1s \u00e9s G\u00f6cs S\u00e1ra le\u00e1nya. F\u00e9rje: Nal\u00e1czi Lajos (\u2020 1728). \u2013 Irod.: Bir\u00f3 1.; Bir\u00f3 J\u00f3zsef. A bonchidai B\u00e1nffy-kast\u00e9ly csal\u00e1di arck\u00e9pei = Lyka eml\u00e9kk.; Wessel\u00e9yni Istv\u00e1n.<\/p>\n","protected":false},"featured_media":0,"comment_status":"open","ping_status":"closed","template":"","meta":[],"product_brand":[],"product_cat":[137],"product_tag":[],"class_list":{"0":"post-23224","1":"product","2":"type-product","3":"status-publish","5":"product_cat-maros-megyei-eletrajzi-lexikon","7":"first","8":"instock","9":"shipping-taxable","10":"product-type-simple"},"_links":{"self":[{"href":"https:\/\/uj.adatbank.ro\/lexikon\/wp-json\/wp\/v2\/product\/23224","targetHints":{"allow":["GET"]}}],"collection":[{"href":"https:\/\/uj.adatbank.ro\/lexikon\/wp-json\/wp\/v2\/product"}],"about":[{"href":"https:\/\/uj.adatbank.ro\/lexikon\/wp-json\/wp\/v2\/types\/product"}],"replies":[{"embeddable":true,"href":"https:\/\/uj.adatbank.ro\/lexikon\/wp-json\/wp\/v2\/comments?post=23224"}],"wp:attachment":[{"href":"https:\/\/uj.adatbank.ro\/lexikon\/wp-json\/wp\/v2\/media?parent=23224"}],"wp:term":[{"taxonomy":"product_brand","embeddable":true,"href":"https:\/\/uj.adatbank.ro\/lexikon\/wp-json\/wp\/v2\/product_brand?post=23224"},{"taxonomy":"product_cat","embeddable":true,"href":"https:\/\/uj.adatbank.ro\/lexikon\/wp-json\/wp\/v2\/product_cat?post=23224"},{"taxonomy":"product_tag","embeddable":true,"href":"https:\/\/uj.adatbank.ro\/lexikon\/wp-json\/wp\/v2\/product_tag?post=23224"}],"curies":[{"name":"wp","href":"https:\/\/api.w.org\/{rel}","templated":true}]}}