{"id":23229,"date":"2025-08-01T17:18:45","date_gmt":"2025-08-01T15:18:45","guid":{"rendered":"https:\/\/uj.adatbank.ro\/lexikon\/termek\/toldalagi-mihaly-nagyercsei-es-gelenczei-gr-tholdalagi\/"},"modified":"2025-08-01T17:18:45","modified_gmt":"2025-08-01T15:18:45","slug":"toldalagi-mihaly-nagyercsei-es-gelenczei-gr-tholdalagi","status":"publish","type":"product","link":"https:\/\/uj.adatbank.ro\/lexikon\/termek\/toldalagi-mihaly-nagyercsei-es-gelenczei-gr-tholdalagi\/","title":{"rendered":"Toldalagi Mih\u00e1ly, nagyercsei \u00e9s gelenczei gr., Tholdalagi"},"content":{"rendered":"<p>1680. (v. 1682.), \u2020 1744. (v. 1745, ill. 1748.) : birtokos. \u2013 T. Mih\u00e1ly d\u00e9dunok\u00e1ja. T. J\u00e1nos (\u2020 1712) \u00e9s St\u00e9p\u00e1n Erzs\u00e9bet fia. Feles\u00e9ge: 1. marosn\u00e9meti \u00e9s n\u00e1daskai gr. Gyulai Katalin (Ny\u00e1r\u00e1dandr\u00e1sfalva, 1685. febr. 5. \u2013 Bodpal\u00e1d, 1710. okt. 29.); 2. tancsi F\u00f6ldv\u00e1ri Erzs\u00e9bet (1697. \u2013 Koronka, 1748). Gyermekeik: L\u00e1szl\u00f3 (1717\u20131779), J\u00e1nos, P\u00e1l (\u2020 1787 k.), Ferenc (1724\u20131803) \u00e9s le\u00e1nyai Erzs\u00e9bet (\u2020 1758), Katalin, S\u00e1ra. \u2013 A koronkai udvarh\u00e1z tulajdonosa, c\u00edmere (1740-b\u0151l) l\u00e1that\u00f3 volt az \u00e9p\u00fclet fal\u00e1n. A ny\u00e1r\u00e1dszentbenedeki birtok tulajdonosa, \u00faj k\u00fari\u00e1t \u00e9p\u00edtettek. Ref. volt. II. R\u00e1k\u00f3czi Ferenc fejedelem vad\u00e1szmesterek\u00e9nt vett r\u00e9szt a kuruc h\u00e1bor\u00fakban (1703\u201311). A ny\u00e1r\u00e1dszentbenedeki ref. egyh\u00e1z patr\u00f3nusa, neki k\u00f6sz\u00f6nhet\u0151 az ekl\u00e9zsia felvir\u00e1gz\u00e1sa. Adom\u00e1nyt adott a tervezett mv.-i templom \u00e9p\u00edt\u00e9s\u00e9hez. T\u00f6bb t\u00e1rgyat adom\u00e1nyozott az egyh\u00e1znak, a m\u0171v\u00e9sziesen kifaragott c\u00edmer\u00fck \u00e9s nev\u00fck van a templom katedr\u00e1j\u00e1nak pelik\u00e1nmadaras koron\u00e1j\u00e1n. Val\u00f3sz\u00edn\u0171leg hozz\u00e1 kapcsol\u00f3dik a koronkai iskola alap\u00edt\u00e1sa \u2013 mely egy 1823-as feljegyz\u00e9s szerint Marossz\u00e9k h\u00e1rom \u00f6n\u00e1ll\u00f3 falusi iskol\u00e1j\u00e1nak egyike \u2013, melynek eml\u00e9k\u00e9re 2001-ben a koronkai iskola felvette a Tholdalagi Mih\u00e1ly nev\u00e9t. Hal\u00e1la ut\u00e1n M\u00e1ria Ter\u00e9zi\u00e1t\u00f3l gyermekeivel gr\u00f3fi rangot kapott \u00e9s c\u00edmer\u00fcket kib\u0151v\u00edtett\u00e9k (1744. nov. 13.). A T. csal\u00e1d egykori kript\u00e1j\u00e1t a temet\u0151n k\u00edv\u00fcl fedezt\u00e9k fel (1991) \u00e9s benne T. M. s\u00edrj\u00e1val. <br \/><strong>\u2013 Irod.:<\/strong> \u00c1ll\u00f3- \u00e9s mozg\u00f3k\u00e9pek; Gudenus; Kr\u00f3n. f\u00fcz. (1940.4\/10); Maros megye; Marosz\u00e9k; Nagy Iv\u00e1n; Ny\u00e1r\u00e1dszentbenedek; P\u00e1lmay; P\u00e1l-Antal 2009; Szucher Ervin: Nemes csontv\u00e1zak k\u00f6z\u00f6tt (N\u00fa., 1991. \u00e1pr. 2.); Verest\u00f3i Gy\u00f6rgy: Holtakkal val\u00f3 bar\u00e1ts\u00e1g&#8230; (Kv., 1783).<\/br><\/p>\n","protected":false},"excerpt":{"rendered":"<p>1680. (v. 1682.), \u2020 1744. (v. 1745, ill. 1748.) : birtokos. \u2013 T. Mih\u00e1ly d\u00e9dunok\u00e1ja. T. J\u00e1nos (\u2020 1712) \u00e9s St\u00e9p\u00e1n Erzs\u00e9bet fia. Feles\u00e9ge: 1. marosn\u00e9meti \u00e9s n\u00e1daskai gr. Gyulai Katalin (Ny\u00e1r\u00e1dandr\u00e1sfalva, 1685. febr. 5. \u2013 Bodpal\u00e1d, 1710. okt. 29.); 2. tancsi F\u00f6ldv\u00e1ri Erzs\u00e9bet (1697. \u2013 Koronka, 1748). Gyermekeik: L\u00e1szl\u00f3 (1717\u20131779), J\u00e1nos, P\u00e1l (\u2020 1787 [&hellip;]<\/p>\n","protected":false},"featured_media":0,"comment_status":"open","ping_status":"closed","template":"","meta":[],"product_brand":[],"product_cat":[137],"product_tag":[],"class_list":{"0":"post-23229","1":"product","2":"type-product","3":"status-publish","5":"product_cat-maros-megyei-eletrajzi-lexikon","7":"first","8":"instock","9":"shipping-taxable","10":"product-type-simple"},"_links":{"self":[{"href":"https:\/\/uj.adatbank.ro\/lexikon\/wp-json\/wp\/v2\/product\/23229","targetHints":{"allow":["GET"]}}],"collection":[{"href":"https:\/\/uj.adatbank.ro\/lexikon\/wp-json\/wp\/v2\/product"}],"about":[{"href":"https:\/\/uj.adatbank.ro\/lexikon\/wp-json\/wp\/v2\/types\/product"}],"replies":[{"embeddable":true,"href":"https:\/\/uj.adatbank.ro\/lexikon\/wp-json\/wp\/v2\/comments?post=23229"}],"wp:attachment":[{"href":"https:\/\/uj.adatbank.ro\/lexikon\/wp-json\/wp\/v2\/media?parent=23229"}],"wp:term":[{"taxonomy":"product_brand","embeddable":true,"href":"https:\/\/uj.adatbank.ro\/lexikon\/wp-json\/wp\/v2\/product_brand?post=23229"},{"taxonomy":"product_cat","embeddable":true,"href":"https:\/\/uj.adatbank.ro\/lexikon\/wp-json\/wp\/v2\/product_cat?post=23229"},{"taxonomy":"product_tag","embeddable":true,"href":"https:\/\/uj.adatbank.ro\/lexikon\/wp-json\/wp\/v2\/product_tag?post=23229"}],"curies":[{"name":"wp","href":"https:\/\/api.w.org\/{rel}","templated":true}]}}