{"id":23235,"date":"2025-08-01T17:18:59","date_gmt":"2025-08-01T15:18:59","guid":{"rendered":"https:\/\/uj.adatbank.ro\/lexikon\/termek\/toldalagi-pal-nagyercsei-gr\/"},"modified":"2025-08-01T17:18:59","modified_gmt":"2025-08-01T15:18:59","slug":"toldalagi-pal-nagyercsei-gr","status":"publish","type":"product","link":"https:\/\/uj.adatbank.ro\/lexikon\/termek\/toldalagi-pal-nagyercsei-gr\/","title":{"rendered":"TOLDALAGI P\u00e1l, nagyercsei gr."},"content":{"rendered":"<p>? \u2020 1787\u201389 k.: koronkai birtokos, korm\u00e1nysz\u00e9ki biztos. \u2013 T. Mih\u00e1ly (1682\u20131744) \u00e9s tancsi F\u00f6ldv\u00e1ri Erzs\u00e9bet (\u2020 1765) fia. Gr.-i c\u00edmet kapott (1746). Feles\u00e9ge: 1. losonczi br. B\u00e1nffy Erzs\u00e9bet (\u2020 1757. dec. 18. temet\u00e9se napja); 2. gr. Bethlen Krisztina (\u2020 1765); 3. kisr\u00e9dei gr. Rh\u00e9dei Kl\u00e1ra. Gyermekei: J\u00f3zsef, P\u00e1l. A mv.-i Ref. Koll. f\u0151gondnoka (1743\u2013), a fksz. havadi M\u00e1t\u00e9 Izs\u00e1k alkir\u00e1lyb\u00edr\u00f3val egy\u00fctt kinevezte Mv. biztos\u00e1v\u00e1 (1759. m\u00e1rc. 9.), a poroszok elleni h\u00e1bor\u00faba toborz\u00e1s megejt\u00e9se v\u00e9gett. 1751 v\u00e9ka b\u00faz\u00e1t juttatott a ref. koll. c\u00e9ljaira (1762\u20131787). Mv.-en polg\u00e1ri esk\u00fct tett (1772. j\u00fal. 9.). A Marosi traktus gondnok\u00e1v\u00e1 nevezt\u00e9k ki (1775\u2013). Harmadik feles\u00e9g\u00e9vel, a kiskendi ref. egyh\u00e1zk\u00f6zs\u00e9gnek, ez\u00fcstbe foglalt k\u00f3kuszdi\u00f3 serleget \u00e9s \u00farvacsorai keszken\u0151t adom\u00e1nyozott (1776). Mv.-en h\u00e1za volt (1786). <br \/><strong>\u2013 Irod.:<\/strong> Benk\u0151 Mih\u00e1ly: R\u00f6vid halotti tan\u00edt\u00e1s losonczi B\u00e1nffi Erzs\u00e9bet&#8230; (Kv., 1758); Halotti oratio az igaz kereszty\u00e9ni szelids\u00e9gr\u0151l, melyet ezen ritka virtussal t\u00fcnd\u00f6kl\u0151 szelid ifj\u00fa \u00farasszonynak, n\u00e9h. m\u00e9lt. sz\u00fcl. lib. b. losonczi B\u00e1nffi Erzs\u00e9bet asszonynak, m\u00e9lt. gr\u00f3f. n.-ercsei Toldalagi P\u00e1l \u00far \u0151 nagys\u00e1ga n\u00e9h. \u00e9lete szelid p\u00e1rj\u00e1nak utols\u00f3 tisztess\u00e9gt\u00e9tel\u00e9re k\u00e9sz\u00edtett &#8230; ezen szelid angyalt\u00f3l hamar elhagyattatott keserg\u0151 t\u00e1rs\u00e1nak vigasztal\u00e1s\u00e1ra (Koronk\u00e1n, 1757.) (Kv., 1757); Id\u0151t\u00e1r 1; Incze Istv\u00e1n: Halotti oratio losonczi B\u00e1nffi Erzs\u00e9bet gr. ercsei Toldalagi P\u00e1l \u00e9lete p\u00e1rja felett (Kv., 1758); Koncz; Kr\u00f3n. F\u00fcz. (1939, 4\/9); K\u00fck\u00fcll\u0151i Ref. Egyh\u00e1zm. 2.; Orb\u00e1n J\u00e1nos: T\u00e1blab\u00edr\u00e1k, f\u0151nemesek, pall\u00e9rok \u00e9s h\u00e1zak: V\u00e1rosk\u00e9p \u00e9s t\u00e1rsadalom v\u00e1ltoz\u00e1sai Mv.-en a Kir\u00e1lyi T\u00e1bla bek\u00f6lt\u00f6z\u00e9se ut\u00e1n [1754] = K\u00f6nyvek \u00e1ltal\u2026, P\u00e1l-Antal 2006, P\u00e1l-Antal 2009.<\/br><\/p>\n","protected":false},"excerpt":{"rendered":"<p>? \u2020 1787\u201389 k.: koronkai birtokos, korm\u00e1nysz\u00e9ki biztos. \u2013 T. Mih\u00e1ly (1682\u20131744) \u00e9s tancsi F\u00f6ldv\u00e1ri Erzs\u00e9bet (\u2020 1765) fia. Gr.-i c\u00edmet kapott (1746). Feles\u00e9ge: 1. losonczi br. B\u00e1nffy Erzs\u00e9bet (\u2020 1757. dec. 18. temet\u00e9se napja); 2. gr. Bethlen Krisztina (\u2020 1765); 3. kisr\u00e9dei gr. Rh\u00e9dei Kl\u00e1ra. Gyermekei: J\u00f3zsef, P\u00e1l. A mv.-i Ref. Koll. f\u0151gondnoka (1743\u2013), [&hellip;]<\/p>\n","protected":false},"featured_media":0,"comment_status":"open","ping_status":"closed","template":"","meta":[],"product_brand":[],"product_cat":[137],"product_tag":[],"class_list":{"0":"post-23235","1":"product","2":"type-product","3":"status-publish","5":"product_cat-maros-megyei-eletrajzi-lexikon","7":"first","8":"instock","9":"shipping-taxable","10":"product-type-simple"},"_links":{"self":[{"href":"https:\/\/uj.adatbank.ro\/lexikon\/wp-json\/wp\/v2\/product\/23235","targetHints":{"allow":["GET"]}}],"collection":[{"href":"https:\/\/uj.adatbank.ro\/lexikon\/wp-json\/wp\/v2\/product"}],"about":[{"href":"https:\/\/uj.adatbank.ro\/lexikon\/wp-json\/wp\/v2\/types\/product"}],"replies":[{"embeddable":true,"href":"https:\/\/uj.adatbank.ro\/lexikon\/wp-json\/wp\/v2\/comments?post=23235"}],"wp:attachment":[{"href":"https:\/\/uj.adatbank.ro\/lexikon\/wp-json\/wp\/v2\/media?parent=23235"}],"wp:term":[{"taxonomy":"product_brand","embeddable":true,"href":"https:\/\/uj.adatbank.ro\/lexikon\/wp-json\/wp\/v2\/product_brand?post=23235"},{"taxonomy":"product_cat","embeddable":true,"href":"https:\/\/uj.adatbank.ro\/lexikon\/wp-json\/wp\/v2\/product_cat?post=23235"},{"taxonomy":"product_tag","embeddable":true,"href":"https:\/\/uj.adatbank.ro\/lexikon\/wp-json\/wp\/v2\/product_tag?post=23235"}],"curies":[{"name":"wp","href":"https:\/\/api.w.org\/{rel}","templated":true}]}}