{"id":23240,"date":"2025-08-01T17:19:11","date_gmt":"2025-08-01T15:19:11","guid":{"rendered":"https:\/\/uj.adatbank.ro\/lexikon\/termek\/toldalagi-roza-etelka-franciska-%c2%a7-gr-mariaffi-lajosne\/"},"modified":"2025-08-01T17:19:11","modified_gmt":"2025-08-01T15:19:11","slug":"toldalagi-roza-etelka-franciska-%c2%a7-gr-mariaffi-lajosne","status":"publish","type":"product","link":"https:\/\/uj.adatbank.ro\/lexikon\/termek\/toldalagi-roza-etelka-franciska-%c2%a7-gr-mariaffi-lajosne\/","title":{"rendered":"TOLDALAGI R\u00f3za Etelka Franciska, \u00a7 gr. M\u00e1riaffi Lajosn\u00e9"},"content":{"rendered":"<p>Koronka, 1866. \u00e1pr. 17. \u2020 Egerszeg, 1943. j\u00fan. 3. Temet\u00e9se Marosszentgy\u00f6rgy\u00f6n: gr\u00f3fn\u0151, Csillagkeresztes h\u00f6lgy. \u2013 T. Viktor (1829\u20131881) \u00e9s losonczi br. B\u00e1nffy Anna l\u00e1nya. F\u00e9rjhez ment maksai M\u00e1riaffy Lajoshoz (Radn\u00f3tf\u00e1ja, 1892. nov. 5. v. 1893. j\u00fal. 3.). Gyermekei: Lajos (1894\u20131971), Albert (1895\u20131955), G\u00e1bor (1896\u20131938). \u2013 A marosszentgy\u00f6rgyi kast\u00e9ly\u00e1ban \u00e9lt. Az I. vh. idej\u00e9n a mv.-i V\u00f6r\u00f6s Kereszt Egylet v\u00e1lasztm\u00e1nyi tagja, t\u00e1mogatta a hadbavonultak itthoni \u00e9s \u00e1rv\u00e1n maradt csal\u00e1dtagjait, a V\u00f6r\u00f6skereszt k\u00f3rh\u00e1z\u00e1t. M\u00e1ria Jozefa f\u0151hercegn\u0151 adom\u00e1nya a katolikus f\u0151\u00fari h\u00f6lgyeknek legmagasabb kit\u00fcntet\u00e9se a Csillagkeresztes h\u00f6lgy c. (1912). 10.000 k. adom\u00e1nyozott a Mv.-i Kaszin\u00f3 megment\u00e9s\u00e9re (1919). <br \/><strong>\u2013 Irod.:<\/strong> Bi\u00e1s Istv\u00e1n; Gudenus; K\u00e1lm\u00e1n Attila: A M\u00e1riaffi csal\u00e1d t\u00f6rt\u00e9net\u00e9hez = Marosszentgy\u00f6gy; Mv. \u00e9s a h\u00e1bor\u00fa 1.<\/br><\/p>\n","protected":false},"excerpt":{"rendered":"<p>Koronka, 1866. \u00e1pr. 17. \u2020 Egerszeg, 1943. j\u00fan. 3. Temet\u00e9se Marosszentgy\u00f6rgy\u00f6n: gr\u00f3fn\u0151, Csillagkeresztes h\u00f6lgy. \u2013 T. Viktor (1829\u20131881) \u00e9s losonczi br. B\u00e1nffy Anna l\u00e1nya. F\u00e9rjhez ment maksai M\u00e1riaffy Lajoshoz (Radn\u00f3tf\u00e1ja, 1892. nov. 5. v. 1893. j\u00fal. 3.). Gyermekei: Lajos (1894\u20131971), Albert (1895\u20131955), G\u00e1bor (1896\u20131938). \u2013 A marosszentgy\u00f6rgyi kast\u00e9ly\u00e1ban \u00e9lt. Az I. vh. idej\u00e9n a mv.-i [&hellip;]<\/p>\n","protected":false},"featured_media":0,"comment_status":"open","ping_status":"closed","template":"","meta":[],"product_brand":[],"product_cat":[137],"product_tag":[],"class_list":{"0":"post-23240","1":"product","2":"type-product","3":"status-publish","5":"product_cat-maros-megyei-eletrajzi-lexikon","7":"first","8":"instock","9":"shipping-taxable","10":"product-type-simple"},"_links":{"self":[{"href":"https:\/\/uj.adatbank.ro\/lexikon\/wp-json\/wp\/v2\/product\/23240","targetHints":{"allow":["GET"]}}],"collection":[{"href":"https:\/\/uj.adatbank.ro\/lexikon\/wp-json\/wp\/v2\/product"}],"about":[{"href":"https:\/\/uj.adatbank.ro\/lexikon\/wp-json\/wp\/v2\/types\/product"}],"replies":[{"embeddable":true,"href":"https:\/\/uj.adatbank.ro\/lexikon\/wp-json\/wp\/v2\/comments?post=23240"}],"wp:attachment":[{"href":"https:\/\/uj.adatbank.ro\/lexikon\/wp-json\/wp\/v2\/media?parent=23240"}],"wp:term":[{"taxonomy":"product_brand","embeddable":true,"href":"https:\/\/uj.adatbank.ro\/lexikon\/wp-json\/wp\/v2\/product_brand?post=23240"},{"taxonomy":"product_cat","embeddable":true,"href":"https:\/\/uj.adatbank.ro\/lexikon\/wp-json\/wp\/v2\/product_cat?post=23240"},{"taxonomy":"product_tag","embeddable":true,"href":"https:\/\/uj.adatbank.ro\/lexikon\/wp-json\/wp\/v2\/product_tag?post=23240"}],"curies":[{"name":"wp","href":"https:\/\/api.w.org\/{rel}","templated":true}]}}