{"id":23243,"date":"2025-08-01T17:19:19","date_gmt":"2025-08-01T15:19:19","guid":{"rendered":"https:\/\/uj.adatbank.ro\/lexikon\/termek\/toldalagi-szathmary\/"},"modified":"2025-08-01T17:19:19","modified_gmt":"2025-08-01T15:19:19","slug":"toldalagi-szathmary","status":"publish","type":"product","link":"https:\/\/uj.adatbank.ro\/lexikon\/termek\/toldalagi-szathmary\/","title":{"rendered":"TOLDALAGI Szathm\u00e1ry"},"content":{"rendered":"<p>Harangl\u00e1b, 1869., \u2020 ?: katona. \u2013 A harct\u00e9ren (1916. aug. \u2013 1917. dec.-ig), a p\u00f3tsz\u00e1zadn\u00e1l (1917. nov. 15.\u2013) a tartal\u00e9kos \u00e1llom\u00e1nyban. <br \/><strong>\u2013 Irod.:<\/strong> Koszta.<\/br><\/p>\n","protected":false},"excerpt":{"rendered":"<p>Harangl\u00e1b, 1869., \u2020 ?: katona. \u2013 A harct\u00e9ren (1916. aug. \u2013 1917. dec.-ig), a p\u00f3tsz\u00e1zadn\u00e1l (1917. nov. 15.\u2013) a tartal\u00e9kos \u00e1llom\u00e1nyban. \u2013 Irod.: Koszta.<\/p>\n","protected":false},"featured_media":0,"comment_status":"open","ping_status":"closed","template":"","meta":[],"product_brand":[],"product_cat":[137],"product_tag":[],"class_list":{"0":"post-23243","1":"product","2":"type-product","3":"status-publish","5":"product_cat-maros-megyei-eletrajzi-lexikon","7":"first","8":"instock","9":"shipping-taxable","10":"product-type-simple"},"_links":{"self":[{"href":"https:\/\/uj.adatbank.ro\/lexikon\/wp-json\/wp\/v2\/product\/23243","targetHints":{"allow":["GET"]}}],"collection":[{"href":"https:\/\/uj.adatbank.ro\/lexikon\/wp-json\/wp\/v2\/product"}],"about":[{"href":"https:\/\/uj.adatbank.ro\/lexikon\/wp-json\/wp\/v2\/types\/product"}],"replies":[{"embeddable":true,"href":"https:\/\/uj.adatbank.ro\/lexikon\/wp-json\/wp\/v2\/comments?post=23243"}],"wp:attachment":[{"href":"https:\/\/uj.adatbank.ro\/lexikon\/wp-json\/wp\/v2\/media?parent=23243"}],"wp:term":[{"taxonomy":"product_brand","embeddable":true,"href":"https:\/\/uj.adatbank.ro\/lexikon\/wp-json\/wp\/v2\/product_brand?post=23243"},{"taxonomy":"product_cat","embeddable":true,"href":"https:\/\/uj.adatbank.ro\/lexikon\/wp-json\/wp\/v2\/product_cat?post=23243"},{"taxonomy":"product_tag","embeddable":true,"href":"https:\/\/uj.adatbank.ro\/lexikon\/wp-json\/wp\/v2\/product_tag?post=23243"}],"curies":[{"name":"wp","href":"https:\/\/api.w.org\/{rel}","templated":true}]}}