{"id":23249,"date":"2025-08-01T17:19:33","date_gmt":"2025-08-01T15:19:33","guid":{"rendered":"https:\/\/uj.adatbank.ro\/lexikon\/termek\/toldalagi-zsigmond-nagyercsei-gr-2\/"},"modified":"2025-08-01T17:19:33","modified_gmt":"2025-08-01T15:19:33","slug":"toldalagi-zsigmond-nagyercsei-gr-2","status":"publish","type":"product","link":"https:\/\/uj.adatbank.ro\/lexikon\/termek\/toldalagi-zsigmond-nagyercsei-gr-2\/","title":{"rendered":"TOLDALAGI Zsigmond, nagyercsei gr."},"content":{"rendered":"<p>Ny\u00e1r\u00e1dszentbenedek, v. Mv., 1871. szept. 11., \u2020 Bp., 1940. febr. 6.: m. k. honv\u00e9d alezredes \u2013 Apja birtokos de Bp.-en \u00e9lt. Testv\u00e9re T. S\u00e1muel. Feles\u00e9ge Lensbuscher Erzs\u00e9bet (esk. B\u00e9cs: 1901. nov. 30). \u2013 A k\u00f6z\u00e9piskol\u00e1t kat. Re\u00e1lgimn\u00e1ziumban v\u00e9gezte, Tanult a B\u00e9cs\u00fajhelyi Theresianum Kat. Akad. (1890\u201393), A cs. \u00e9s kir. hadsereg alezredese volt. A Ferenc J\u00f3zsef Rend lovagja, Sigmund Laudis tulajdonosa. <br \/><strong>\u2013 Irod.:<\/strong> Gligor; Gudenus; Lev\u00e9lt\u00e1ri gy\u00e1szj.; Szab\u00f3\u2013Simon\u2013Sz\u00f6gi.<\/br><\/p>\n","protected":false},"excerpt":{"rendered":"<p>Ny\u00e1r\u00e1dszentbenedek, v. Mv., 1871. szept. 11., \u2020 Bp., 1940. febr. 6.: m. k. honv\u00e9d alezredes \u2013 Apja birtokos de Bp.-en \u00e9lt. Testv\u00e9re T. S\u00e1muel. Feles\u00e9ge Lensbuscher Erzs\u00e9bet (esk. B\u00e9cs: 1901. nov. 30). \u2013 A k\u00f6z\u00e9piskol\u00e1t kat. Re\u00e1lgimn\u00e1ziumban v\u00e9gezte, Tanult a B\u00e9cs\u00fajhelyi Theresianum Kat. Akad. (1890\u201393), A cs. \u00e9s kir. hadsereg alezredese volt. A Ferenc J\u00f3zsef [&hellip;]<\/p>\n","protected":false},"featured_media":0,"comment_status":"open","ping_status":"closed","template":"","meta":[],"product_brand":[],"product_cat":[137],"product_tag":[],"class_list":{"0":"post-23249","1":"product","2":"type-product","3":"status-publish","5":"product_cat-maros-megyei-eletrajzi-lexikon","7":"first","8":"instock","9":"shipping-taxable","10":"product-type-simple"},"_links":{"self":[{"href":"https:\/\/uj.adatbank.ro\/lexikon\/wp-json\/wp\/v2\/product\/23249","targetHints":{"allow":["GET"]}}],"collection":[{"href":"https:\/\/uj.adatbank.ro\/lexikon\/wp-json\/wp\/v2\/product"}],"about":[{"href":"https:\/\/uj.adatbank.ro\/lexikon\/wp-json\/wp\/v2\/types\/product"}],"replies":[{"embeddable":true,"href":"https:\/\/uj.adatbank.ro\/lexikon\/wp-json\/wp\/v2\/comments?post=23249"}],"wp:attachment":[{"href":"https:\/\/uj.adatbank.ro\/lexikon\/wp-json\/wp\/v2\/media?parent=23249"}],"wp:term":[{"taxonomy":"product_brand","embeddable":true,"href":"https:\/\/uj.adatbank.ro\/lexikon\/wp-json\/wp\/v2\/product_brand?post=23249"},{"taxonomy":"product_cat","embeddable":true,"href":"https:\/\/uj.adatbank.ro\/lexikon\/wp-json\/wp\/v2\/product_cat?post=23249"},{"taxonomy":"product_tag","embeddable":true,"href":"https:\/\/uj.adatbank.ro\/lexikon\/wp-json\/wp\/v2\/product_tag?post=23249"}],"curies":[{"name":"wp","href":"https:\/\/api.w.org\/{rel}","templated":true}]}}