{"id":23251,"date":"2025-08-01T17:19:40","date_gmt":"2025-08-01T15:19:40","guid":{"rendered":"https:\/\/uj.adatbank.ro\/lexikon\/termek\/toldalagi-zsofia-balteri-benedekne\/"},"modified":"2025-08-01T17:19:40","modified_gmt":"2025-08-01T15:19:40","slug":"toldalagi-zsofia-balteri-benedekne","status":"publish","type":"product","link":"https:\/\/uj.adatbank.ro\/lexikon\/termek\/toldalagi-zsofia-balteri-benedekne\/","title":{"rendered":"TOLDALAGI Zs\u00f3fia, Balteri Benedekn\u00e9"},"content":{"rendered":"<p>? \u2020 ?: birtokos . \u2013 F\u00e9rj\u00e9vel a marosszentkir\u00e1lyi kolostornak adom\u00e1nyt tett, amihez misev\u00e9gz\u00e9si k\u00f6teless\u00e9g is tartozott (1483). <br \/><strong>\u2013 Irod.:<\/strong> L\u00e9sty\u00e1n Ferenc: Erd\u00e9ly egykori szent \u00e9let\u0171 seg\u00e9dp\u00fcsp\u00f6ke Marosszentkir\u00e1lyon (N\u00fa., 1997. m\u00e1j. 6.).<\/br><\/p>\n","protected":false},"excerpt":{"rendered":"<p>? \u2020 ?: birtokos . \u2013 F\u00e9rj\u00e9vel a marosszentkir\u00e1lyi kolostornak adom\u00e1nyt tett, amihez misev\u00e9gz\u00e9si k\u00f6teless\u00e9g is tartozott (1483). \u2013 Irod.: L\u00e9sty\u00e1n Ferenc: Erd\u00e9ly egykori szent \u00e9let\u0171 seg\u00e9dp\u00fcsp\u00f6ke Marosszentkir\u00e1lyon (N\u00fa., 1997. m\u00e1j. 6.).<\/p>\n","protected":false},"featured_media":0,"comment_status":"open","ping_status":"closed","template":"","meta":[],"product_brand":[],"product_cat":[137],"product_tag":[],"class_list":{"0":"post-23251","1":"product","2":"type-product","3":"status-publish","5":"product_cat-maros-megyei-eletrajzi-lexikon","7":"first","8":"instock","9":"shipping-taxable","10":"product-type-simple"},"_links":{"self":[{"href":"https:\/\/uj.adatbank.ro\/lexikon\/wp-json\/wp\/v2\/product\/23251","targetHints":{"allow":["GET"]}}],"collection":[{"href":"https:\/\/uj.adatbank.ro\/lexikon\/wp-json\/wp\/v2\/product"}],"about":[{"href":"https:\/\/uj.adatbank.ro\/lexikon\/wp-json\/wp\/v2\/types\/product"}],"replies":[{"embeddable":true,"href":"https:\/\/uj.adatbank.ro\/lexikon\/wp-json\/wp\/v2\/comments?post=23251"}],"wp:attachment":[{"href":"https:\/\/uj.adatbank.ro\/lexikon\/wp-json\/wp\/v2\/media?parent=23251"}],"wp:term":[{"taxonomy":"product_brand","embeddable":true,"href":"https:\/\/uj.adatbank.ro\/lexikon\/wp-json\/wp\/v2\/product_brand?post=23251"},{"taxonomy":"product_cat","embeddable":true,"href":"https:\/\/uj.adatbank.ro\/lexikon\/wp-json\/wp\/v2\/product_cat?post=23251"},{"taxonomy":"product_tag","embeddable":true,"href":"https:\/\/uj.adatbank.ro\/lexikon\/wp-json\/wp\/v2\/product_tag?post=23251"}],"curies":[{"name":"wp","href":"https:\/\/api.w.org\/{rel}","templated":true}]}}