{"id":23253,"date":"2025-08-01T17:19:44","date_gmt":"2025-08-01T15:19:44","guid":{"rendered":"https:\/\/uj.adatbank.ro\/lexikon\/termek\/toldalagi-zsuzsanna-nagyercsei-es-gelenczei-br-nalaczi-istvanne\/"},"modified":"2025-08-01T17:19:44","modified_gmt":"2025-08-01T15:19:44","slug":"toldalagi-zsuzsanna-nagyercsei-es-gelenczei-br-nalaczi-istvanne","status":"publish","type":"product","link":"https:\/\/uj.adatbank.ro\/lexikon\/termek\/toldalagi-zsuzsanna-nagyercsei-es-gelenczei-br-nalaczi-istvanne\/","title":{"rendered":"TOLDALAGI Zsuzsanna, nagyercsei \u00e9s gelenczei, br., Nal\u00e1czi Istv\u00e1nn\u00e9"},"content":{"rendered":"<p>1717. aug. 5., \u2020 Backamadaras, 1789. \u00e1pr. 25, temett\u00e9k j\u00fan. 14.: T. J\u00e1nos \u00e9s nagyv\u00e1radi Incz\u00e9di Zsuzsanna le\u00e1nya. F\u00e9rje Nal\u00e1czi Istv\u00e1n (1722\u20131760). Gyermekei: Elek (1743\u2013), J\u00f3zsef (1748\u20131822), eml\u00e9k\u00edr\u00f3, \u0151 alap\u00edtotta a Hunyad megyei Batizon a k\u0151ed\u00e9ny gy\u00e1rat, \u00c1gnes \u2013 fricsi Fekete L\u0151rincn\u00e9. Mv.-en polg\u00e1ri esk\u00fct tett (1770. jan. 16.). K\u00fari\u00e1ja volt Backamadarason (1744). Halotti c\u00edmere a kv.-i Farkas utcai templomban. <br \/><strong>\u2013 Irod.:<\/strong> Backamadaras; Br. Nal\u00e1czi J\u00f3zsef eml\u00e9kiratai = Erd\u00e9ly \u00f6r\u00f6ks\u00e9ge 8; Entz\u2013Kov\u00e1cs; Gy\u00e1szjelent.; Orb\u00e1n J\u00e1nos: T\u00e1blab\u00edr\u00e1k, f\u0151nemesek, pall\u00e9rok \u00e9s h\u00e1zak: V\u00e1rosk\u00e9p \u00e9s t\u00e1rsadalom v\u00e1ltoz\u00e1sai Mv.-en a Kir\u00e1lyi T\u00e1bla bek\u00f6lt\u00f6z\u00e9se ut\u00e1n [1754] = K\u00f6nyvek \u00e1ltal\u2026.<\/br><\/p>\n","protected":false},"excerpt":{"rendered":"<p>1717. aug. 5., \u2020 Backamadaras, 1789. \u00e1pr. 25, temett\u00e9k j\u00fan. 14.: T. J\u00e1nos \u00e9s nagyv\u00e1radi Incz\u00e9di Zsuzsanna le\u00e1nya. F\u00e9rje Nal\u00e1czi Istv\u00e1n (1722\u20131760). Gyermekei: Elek (1743\u2013), J\u00f3zsef (1748\u20131822), eml\u00e9k\u00edr\u00f3, \u0151 alap\u00edtotta a Hunyad megyei Batizon a k\u0151ed\u00e9ny gy\u00e1rat, \u00c1gnes \u2013 fricsi Fekete L\u0151rincn\u00e9. Mv.-en polg\u00e1ri esk\u00fct tett (1770. jan. 16.). K\u00fari\u00e1ja volt Backamadarason (1744). Halotti c\u00edmere [&hellip;]<\/p>\n","protected":false},"featured_media":0,"comment_status":"open","ping_status":"closed","template":"","meta":[],"product_brand":[],"product_cat":[137],"product_tag":[],"class_list":{"0":"post-23253","1":"product","2":"type-product","3":"status-publish","5":"product_cat-maros-megyei-eletrajzi-lexikon","7":"first","8":"instock","9":"shipping-taxable","10":"product-type-simple"},"_links":{"self":[{"href":"https:\/\/uj.adatbank.ro\/lexikon\/wp-json\/wp\/v2\/product\/23253","targetHints":{"allow":["GET"]}}],"collection":[{"href":"https:\/\/uj.adatbank.ro\/lexikon\/wp-json\/wp\/v2\/product"}],"about":[{"href":"https:\/\/uj.adatbank.ro\/lexikon\/wp-json\/wp\/v2\/types\/product"}],"replies":[{"embeddable":true,"href":"https:\/\/uj.adatbank.ro\/lexikon\/wp-json\/wp\/v2\/comments?post=23253"}],"wp:attachment":[{"href":"https:\/\/uj.adatbank.ro\/lexikon\/wp-json\/wp\/v2\/media?parent=23253"}],"wp:term":[{"taxonomy":"product_brand","embeddable":true,"href":"https:\/\/uj.adatbank.ro\/lexikon\/wp-json\/wp\/v2\/product_brand?post=23253"},{"taxonomy":"product_cat","embeddable":true,"href":"https:\/\/uj.adatbank.ro\/lexikon\/wp-json\/wp\/v2\/product_cat?post=23253"},{"taxonomy":"product_tag","embeddable":true,"href":"https:\/\/uj.adatbank.ro\/lexikon\/wp-json\/wp\/v2\/product_tag?post=23253"}],"curies":[{"name":"wp","href":"https:\/\/api.w.org\/{rel}","templated":true}]}}