{"id":23254,"date":"2025-08-01T17:19:47","date_gmt":"2025-08-01T15:19:47","guid":{"rendered":"https:\/\/uj.adatbank.ro\/lexikon\/termek\/toldalagi-zsuzsanna-nagyercsei-es-gelenczei-gr-szeredai-ignacne\/"},"modified":"2025-08-01T17:19:47","modified_gmt":"2025-08-01T15:19:47","slug":"toldalagi-zsuzsanna-nagyercsei-es-gelenczei-gr-szeredai-ignacne","status":"publish","type":"product","link":"https:\/\/uj.adatbank.ro\/lexikon\/termek\/toldalagi-zsuzsanna-nagyercsei-es-gelenczei-gr-szeredai-ignacne\/","title":{"rendered":"TOLDALAGI Zsuzsanna; nagyercsei \u00e9s gelenczei gr. Szeredai Ign\u00e1cn\u00e9"},"content":{"rendered":"<p>1810., \u2020 Koronka, 1836. j\u00fal. 28.: f\u00f6ldbirtokos. \u2013 Zsigmond (1766\u20131847) \u00e9s Vay Katalin l\u00e1nya. F\u00e9rje: szentront\u00e1si Szeredai Ign\u00e1c, Hunyad megye szolgab\u00edr\u00e1ja, kir. hivatalos (1835). <br \/><strong>\u2013 Irod.:<\/strong> Gudenus; Gy\u00e1szjelent\u0151.<\/br><\/p>\n","protected":false},"excerpt":{"rendered":"<p>1810., \u2020 Koronka, 1836. j\u00fal. 28.: f\u00f6ldbirtokos. \u2013 Zsigmond (1766\u20131847) \u00e9s Vay Katalin l\u00e1nya. F\u00e9rje: szentront\u00e1si Szeredai Ign\u00e1c, Hunyad megye szolgab\u00edr\u00e1ja, kir. hivatalos (1835). \u2013 Irod.: Gudenus; Gy\u00e1szjelent\u0151.<\/p>\n","protected":false},"featured_media":0,"comment_status":"open","ping_status":"closed","template":"","meta":[],"product_brand":[],"product_cat":[137],"product_tag":[],"class_list":{"0":"post-23254","1":"product","2":"type-product","3":"status-publish","5":"product_cat-maros-megyei-eletrajzi-lexikon","7":"first","8":"instock","9":"shipping-taxable","10":"product-type-simple"},"_links":{"self":[{"href":"https:\/\/uj.adatbank.ro\/lexikon\/wp-json\/wp\/v2\/product\/23254","targetHints":{"allow":["GET"]}}],"collection":[{"href":"https:\/\/uj.adatbank.ro\/lexikon\/wp-json\/wp\/v2\/product"}],"about":[{"href":"https:\/\/uj.adatbank.ro\/lexikon\/wp-json\/wp\/v2\/types\/product"}],"replies":[{"embeddable":true,"href":"https:\/\/uj.adatbank.ro\/lexikon\/wp-json\/wp\/v2\/comments?post=23254"}],"wp:attachment":[{"href":"https:\/\/uj.adatbank.ro\/lexikon\/wp-json\/wp\/v2\/media?parent=23254"}],"wp:term":[{"taxonomy":"product_brand","embeddable":true,"href":"https:\/\/uj.adatbank.ro\/lexikon\/wp-json\/wp\/v2\/product_brand?post=23254"},{"taxonomy":"product_cat","embeddable":true,"href":"https:\/\/uj.adatbank.ro\/lexikon\/wp-json\/wp\/v2\/product_cat?post=23254"},{"taxonomy":"product_tag","embeddable":true,"href":"https:\/\/uj.adatbank.ro\/lexikon\/wp-json\/wp\/v2\/product_tag?post=23254"}],"curies":[{"name":"wp","href":"https:\/\/api.w.org\/{rel}","templated":true}]}}