{"id":23255,"date":"2025-08-01T17:19:51","date_gmt":"2025-08-01T15:19:51","guid":{"rendered":"https:\/\/uj.adatbank.ro\/lexikon\/termek\/toldi-istvan\/"},"modified":"2025-08-01T17:19:51","modified_gmt":"2025-08-01T15:19:51","slug":"toldi-istvan","status":"publish","type":"product","link":"https:\/\/uj.adatbank.ro\/lexikon\/termek\/toldi-istvan\/","title":{"rendered":"TOLDI Istv\u00e1n"},"content":{"rendered":"<p>? \u2020 ?: marossz\u00e9ki kir\u00e1lyb\u00edr\u00f3. \u2013 A marossz\u00e9ki k\u00f6zemberek fegyveresen l\u00e1zadtak a szabads\u00e1gjogok visszavon\u00e1sa miatt. Bocskai Istv\u00e1n helyettese \u0151t k\u00fcldte a felkel\u00e9s lecsendes\u00edt\u00e9sre (1596). <br \/><strong>\u2013 Irod.:<\/strong> Id\u0151t\u00e1r 1.<\/br><\/p>\n","protected":false},"excerpt":{"rendered":"<p>? \u2020 ?: marossz\u00e9ki kir\u00e1lyb\u00edr\u00f3. \u2013 A marossz\u00e9ki k\u00f6zemberek fegyveresen l\u00e1zadtak a szabads\u00e1gjogok visszavon\u00e1sa miatt. Bocskai Istv\u00e1n helyettese \u0151t k\u00fcldte a felkel\u00e9s lecsendes\u00edt\u00e9sre (1596). \u2013 Irod.: Id\u0151t\u00e1r 1.<\/p>\n","protected":false},"featured_media":0,"comment_status":"open","ping_status":"closed","template":"","meta":[],"product_brand":[],"product_cat":[137],"product_tag":[],"class_list":{"0":"post-23255","1":"product","2":"type-product","3":"status-publish","5":"product_cat-maros-megyei-eletrajzi-lexikon","7":"first","8":"instock","9":"shipping-taxable","10":"product-type-simple"},"_links":{"self":[{"href":"https:\/\/uj.adatbank.ro\/lexikon\/wp-json\/wp\/v2\/product\/23255","targetHints":{"allow":["GET"]}}],"collection":[{"href":"https:\/\/uj.adatbank.ro\/lexikon\/wp-json\/wp\/v2\/product"}],"about":[{"href":"https:\/\/uj.adatbank.ro\/lexikon\/wp-json\/wp\/v2\/types\/product"}],"replies":[{"embeddable":true,"href":"https:\/\/uj.adatbank.ro\/lexikon\/wp-json\/wp\/v2\/comments?post=23255"}],"wp:attachment":[{"href":"https:\/\/uj.adatbank.ro\/lexikon\/wp-json\/wp\/v2\/media?parent=23255"}],"wp:term":[{"taxonomy":"product_brand","embeddable":true,"href":"https:\/\/uj.adatbank.ro\/lexikon\/wp-json\/wp\/v2\/product_brand?post=23255"},{"taxonomy":"product_cat","embeddable":true,"href":"https:\/\/uj.adatbank.ro\/lexikon\/wp-json\/wp\/v2\/product_cat?post=23255"},{"taxonomy":"product_tag","embeddable":true,"href":"https:\/\/uj.adatbank.ro\/lexikon\/wp-json\/wp\/v2\/product_tag?post=23255"}],"curies":[{"name":"wp","href":"https:\/\/api.w.org\/{rel}","templated":true}]}}