{"id":23257,"date":"2025-08-01T17:19:54","date_gmt":"2025-08-01T15:19:54","guid":{"rendered":"https:\/\/uj.adatbank.ro\/lexikon\/termek\/toldi-zsigmond-gr\/"},"modified":"2025-08-01T17:19:54","modified_gmt":"2025-08-01T15:19:54","slug":"toldi-zsigmond-gr","status":"publish","type":"product","link":"https:\/\/uj.adatbank.ro\/lexikon\/termek\/toldi-zsigmond-gr\/","title":{"rendered":"TOLDI Zsigmond, gr."},"content":{"rendered":"<p>? \u2020 ?: f\u00f6ldbirtokos, f\u0151isp\u00e1n. \u2013 Feles\u00e9ge: br. B\u00e1nffi R\u00e1khel (1754? \u2013 Bolya, 1796. m\u00e1rc. 5.). P\u00f3k\u00e1ban volt birtoka. Kov\u00e1sznai S\u00e1ndor tan\u00edtv\u00e1nya volt (1748.). K\u00f6z\u00e9pszolnoki f\u0151isp\u00e1n (1790 k.) <br \/><strong>\u2013 Irod.:<\/strong> Kov\u00e1sznai; Lev\u00e9lt\u00e1ri gy\u00e1szj.<\/br><\/p>\n","protected":false},"excerpt":{"rendered":"<p>? \u2020 ?: f\u00f6ldbirtokos, f\u0151isp\u00e1n. \u2013 Feles\u00e9ge: br. B\u00e1nffi R\u00e1khel (1754? \u2013 Bolya, 1796. m\u00e1rc. 5.). P\u00f3k\u00e1ban volt birtoka. Kov\u00e1sznai S\u00e1ndor tan\u00edtv\u00e1nya volt (1748.). K\u00f6z\u00e9pszolnoki f\u0151isp\u00e1n (1790 k.) \u2013 Irod.: Kov\u00e1sznai; Lev\u00e9lt\u00e1ri gy\u00e1szj.<\/p>\n","protected":false},"featured_media":0,"comment_status":"open","ping_status":"closed","template":"","meta":[],"product_brand":[],"product_cat":[137],"product_tag":[],"class_list":{"0":"post-23257","1":"product","2":"type-product","3":"status-publish","5":"product_cat-maros-megyei-eletrajzi-lexikon","7":"first","8":"instock","9":"shipping-taxable","10":"product-type-simple"},"_links":{"self":[{"href":"https:\/\/uj.adatbank.ro\/lexikon\/wp-json\/wp\/v2\/product\/23257","targetHints":{"allow":["GET"]}}],"collection":[{"href":"https:\/\/uj.adatbank.ro\/lexikon\/wp-json\/wp\/v2\/product"}],"about":[{"href":"https:\/\/uj.adatbank.ro\/lexikon\/wp-json\/wp\/v2\/types\/product"}],"replies":[{"embeddable":true,"href":"https:\/\/uj.adatbank.ro\/lexikon\/wp-json\/wp\/v2\/comments?post=23257"}],"wp:attachment":[{"href":"https:\/\/uj.adatbank.ro\/lexikon\/wp-json\/wp\/v2\/media?parent=23257"}],"wp:term":[{"taxonomy":"product_brand","embeddable":true,"href":"https:\/\/uj.adatbank.ro\/lexikon\/wp-json\/wp\/v2\/product_brand?post=23257"},{"taxonomy":"product_cat","embeddable":true,"href":"https:\/\/uj.adatbank.ro\/lexikon\/wp-json\/wp\/v2\/product_cat?post=23257"},{"taxonomy":"product_tag","embeddable":true,"href":"https:\/\/uj.adatbank.ro\/lexikon\/wp-json\/wp\/v2\/product_tag?post=23257"}],"curies":[{"name":"wp","href":"https:\/\/api.w.org\/{rel}","templated":true}]}}