{"id":23258,"date":"2025-08-01T17:19:59","date_gmt":"2025-08-01T15:19:59","guid":{"rendered":"https:\/\/uj.adatbank.ro\/lexikon\/termek\/toldi-horvath-lajosne-gr\/"},"modified":"2025-08-01T17:19:59","modified_gmt":"2025-08-01T15:19:59","slug":"toldi-horvath-lajosne-gr","status":"publish","type":"product","link":"https:\/\/uj.adatbank.ro\/lexikon\/termek\/toldi-horvath-lajosne-gr\/","title":{"rendered":"TOLDI-HORV\u00c1TH Lajosn\u00e9, gr."},"content":{"rendered":"<p>? \u2020 ?: iparoktat\u00f3. \u2013 Az \u00c1d\u00e1moson szervezett ideiglenes sz\u00f6v\u0151tanfolyam oktat\u00f3ja. A Bp.-i Orsz\u00e1gos \u00c1ltal\u00e1nos Ki\u00e1ll.-on K\u00f6zrem\u0171k\u00f6d\u0151i \u00e9remmel t\u00fcntett\u00e9k ki (1885). <br \/><strong>\u2013 Irod.:<\/strong> 1885. \u00e9vi ki\u00e1ll.<\/br><\/p>\n","protected":false},"excerpt":{"rendered":"<p>? \u2020 ?: iparoktat\u00f3. \u2013 Az \u00c1d\u00e1moson szervezett ideiglenes sz\u00f6v\u0151tanfolyam oktat\u00f3ja. A Bp.-i Orsz\u00e1gos \u00c1ltal\u00e1nos Ki\u00e1ll.-on K\u00f6zrem\u0171k\u00f6d\u0151i \u00e9remmel t\u00fcntett\u00e9k ki (1885). \u2013 Irod.: 1885. \u00e9vi ki\u00e1ll.<\/p>\n","protected":false},"featured_media":0,"comment_status":"open","ping_status":"closed","template":"","meta":[],"product_brand":[],"product_cat":[137],"product_tag":[],"class_list":{"0":"post-23258","1":"product","2":"type-product","3":"status-publish","5":"product_cat-maros-megyei-eletrajzi-lexikon","7":"first","8":"instock","9":"shipping-taxable","10":"product-type-simple"},"_links":{"self":[{"href":"https:\/\/uj.adatbank.ro\/lexikon\/wp-json\/wp\/v2\/product\/23258","targetHints":{"allow":["GET"]}}],"collection":[{"href":"https:\/\/uj.adatbank.ro\/lexikon\/wp-json\/wp\/v2\/product"}],"about":[{"href":"https:\/\/uj.adatbank.ro\/lexikon\/wp-json\/wp\/v2\/types\/product"}],"replies":[{"embeddable":true,"href":"https:\/\/uj.adatbank.ro\/lexikon\/wp-json\/wp\/v2\/comments?post=23258"}],"wp:attachment":[{"href":"https:\/\/uj.adatbank.ro\/lexikon\/wp-json\/wp\/v2\/media?parent=23258"}],"wp:term":[{"taxonomy":"product_brand","embeddable":true,"href":"https:\/\/uj.adatbank.ro\/lexikon\/wp-json\/wp\/v2\/product_brand?post=23258"},{"taxonomy":"product_cat","embeddable":true,"href":"https:\/\/uj.adatbank.ro\/lexikon\/wp-json\/wp\/v2\/product_cat?post=23258"},{"taxonomy":"product_tag","embeddable":true,"href":"https:\/\/uj.adatbank.ro\/lexikon\/wp-json\/wp\/v2\/product_tag?post=23258"}],"curies":[{"name":"wp","href":"https:\/\/api.w.org\/{rel}","templated":true}]}}