{"id":23261,"date":"2025-08-01T17:20:04","date_gmt":"2025-08-01T15:20:04","guid":{"rendered":"https:\/\/uj.adatbank.ro\/lexikon\/termek\/tollas-antal\/"},"modified":"2025-08-01T17:20:04","modified_gmt":"2025-08-01T15:20:04","slug":"tollas-antal","status":"publish","type":"product","link":"https:\/\/uj.adatbank.ro\/lexikon\/termek\/tollas-antal\/","title":{"rendered":"TOLLAS Antal"},"content":{"rendered":"<p>Ilencfalva, ? \u2020 Sz\u00e9kes, 1857.: ref. lelk\u00e9sz. \u2013 A mv.-i Ref. Koll.-ban tanult, ahol a k\u00f6vetkez\u0151k\u00e9ppen van bejegyezve: Tollas Antal 15, Ilentzfalva (1840). Az 1848-as forradalom idej\u00e9n Iklandon teljes\u00edtett papi szolg\u00e1latot, majd Sz\u00e9kesen, ott is halt meg (1851\u201357). \u2013Irod.: Sz\u00e9kes.<\/br><\/p>\n","protected":false},"excerpt":{"rendered":"<p>Ilencfalva, ? \u2020 Sz\u00e9kes, 1857.: ref. lelk\u00e9sz. \u2013 A mv.-i Ref. Koll.-ban tanult, ahol a k\u00f6vetkez\u0151k\u00e9ppen van bejegyezve: Tollas Antal 15, Ilentzfalva (1840). Az 1848-as forradalom idej\u00e9n Iklandon teljes\u00edtett papi szolg\u00e1latot, majd Sz\u00e9kesen, ott is halt meg (1851\u201357). \u2013Irod.: Sz\u00e9kes.<\/p>\n","protected":false},"featured_media":0,"comment_status":"open","ping_status":"closed","template":"","meta":[],"product_brand":[],"product_cat":[137],"product_tag":[],"class_list":{"0":"post-23261","1":"product","2":"type-product","3":"status-publish","5":"product_cat-maros-megyei-eletrajzi-lexikon","7":"first","8":"instock","9":"shipping-taxable","10":"product-type-simple"},"_links":{"self":[{"href":"https:\/\/uj.adatbank.ro\/lexikon\/wp-json\/wp\/v2\/product\/23261","targetHints":{"allow":["GET"]}}],"collection":[{"href":"https:\/\/uj.adatbank.ro\/lexikon\/wp-json\/wp\/v2\/product"}],"about":[{"href":"https:\/\/uj.adatbank.ro\/lexikon\/wp-json\/wp\/v2\/types\/product"}],"replies":[{"embeddable":true,"href":"https:\/\/uj.adatbank.ro\/lexikon\/wp-json\/wp\/v2\/comments?post=23261"}],"wp:attachment":[{"href":"https:\/\/uj.adatbank.ro\/lexikon\/wp-json\/wp\/v2\/media?parent=23261"}],"wp:term":[{"taxonomy":"product_brand","embeddable":true,"href":"https:\/\/uj.adatbank.ro\/lexikon\/wp-json\/wp\/v2\/product_brand?post=23261"},{"taxonomy":"product_cat","embeddable":true,"href":"https:\/\/uj.adatbank.ro\/lexikon\/wp-json\/wp\/v2\/product_cat?post=23261"},{"taxonomy":"product_tag","embeddable":true,"href":"https:\/\/uj.adatbank.ro\/lexikon\/wp-json\/wp\/v2\/product_tag?post=23261"}],"curies":[{"name":"wp","href":"https:\/\/api.w.org\/{rel}","templated":true}]}}