{"id":23262,"date":"2025-08-01T17:20:06","date_gmt":"2025-08-01T15:20:06","guid":{"rendered":"https:\/\/uj.adatbank.ro\/lexikon\/termek\/tollas-arpad-id\/"},"modified":"2025-08-01T17:20:06","modified_gmt":"2025-08-01T15:20:06","slug":"tollas-arpad-id","status":"publish","type":"product","link":"https:\/\/uj.adatbank.ro\/lexikon\/termek\/tollas-arpad-id\/","title":{"rendered":"TOLLAS \u00c1rp\u00e1d, id."},"content":{"rendered":"<p>, ? \u2020: ?: tan\u00edt\u00f3. \u2013 Az I. vh.-ban katonai frontszolg\u00e1latot teljes\u00edtett. Mez\u0151cs\u00e1v\u00e1son k\u00e1ntor \u00e9s a ref. iskola igazgat\u00f3ja (1913\u201337). \u00c1tvette a k\u00f3rus vezet\u00e9s\u00e9t (1913\u201335). Bel\u00e9ptek a Rom\u00e1niai Magyar Dalos Sz\u00f6vets\u00e9gbe, k\u00f3rusversenyeiken minden alkalommal szerepelt a cs\u00e1v\u00e1si f\u00e9rfikar. II. helyez\u00e9st \u00e9rtek el (1933), majd Beethoven szobrot nyertek (1934). L\u00e9trehozta a vegyeskart. Munk\u00e1j\u00e1t Peth\u0151 Gyula folytatta. <br \/><strong>\u2013 Irod.:<\/strong> Cs\u00e1v\u00e1si eml\u00e9kk\u00f6nyv.<\/br><\/p>\n","protected":false},"excerpt":{"rendered":"<p>, ? \u2020: ?: tan\u00edt\u00f3. \u2013 Az I. vh.-ban katonai frontszolg\u00e1latot teljes\u00edtett. Mez\u0151cs\u00e1v\u00e1son k\u00e1ntor \u00e9s a ref. iskola igazgat\u00f3ja (1913\u201337). \u00c1tvette a k\u00f3rus vezet\u00e9s\u00e9t (1913\u201335). Bel\u00e9ptek a Rom\u00e1niai Magyar Dalos Sz\u00f6vets\u00e9gbe, k\u00f3rusversenyeiken minden alkalommal szerepelt a cs\u00e1v\u00e1si f\u00e9rfikar. II. helyez\u00e9st \u00e9rtek el (1933), majd Beethoven szobrot nyertek (1934). L\u00e9trehozta a vegyeskart. Munk\u00e1j\u00e1t Peth\u0151 Gyula folytatta. [&hellip;]<\/p>\n","protected":false},"featured_media":0,"comment_status":"open","ping_status":"closed","template":"","meta":[],"product_brand":[],"product_cat":[137],"product_tag":[],"class_list":{"0":"post-23262","1":"product","2":"type-product","3":"status-publish","5":"product_cat-maros-megyei-eletrajzi-lexikon","7":"first","8":"instock","9":"shipping-taxable","10":"product-type-simple"},"_links":{"self":[{"href":"https:\/\/uj.adatbank.ro\/lexikon\/wp-json\/wp\/v2\/product\/23262","targetHints":{"allow":["GET"]}}],"collection":[{"href":"https:\/\/uj.adatbank.ro\/lexikon\/wp-json\/wp\/v2\/product"}],"about":[{"href":"https:\/\/uj.adatbank.ro\/lexikon\/wp-json\/wp\/v2\/types\/product"}],"replies":[{"embeddable":true,"href":"https:\/\/uj.adatbank.ro\/lexikon\/wp-json\/wp\/v2\/comments?post=23262"}],"wp:attachment":[{"href":"https:\/\/uj.adatbank.ro\/lexikon\/wp-json\/wp\/v2\/media?parent=23262"}],"wp:term":[{"taxonomy":"product_brand","embeddable":true,"href":"https:\/\/uj.adatbank.ro\/lexikon\/wp-json\/wp\/v2\/product_brand?post=23262"},{"taxonomy":"product_cat","embeddable":true,"href":"https:\/\/uj.adatbank.ro\/lexikon\/wp-json\/wp\/v2\/product_cat?post=23262"},{"taxonomy":"product_tag","embeddable":true,"href":"https:\/\/uj.adatbank.ro\/lexikon\/wp-json\/wp\/v2\/product_tag?post=23262"}],"curies":[{"name":"wp","href":"https:\/\/api.w.org\/{rel}","templated":true}]}}