{"id":23267,"date":"2025-08-01T17:20:14","date_gmt":"2025-08-01T15:20:14","guid":{"rendered":"https:\/\/uj.adatbank.ro\/lexikon\/termek\/tollas-gyorgy\/"},"modified":"2025-08-01T17:20:14","modified_gmt":"2025-08-01T15:20:14","slug":"tollas-gyorgy","status":"publish","type":"product","link":"https:\/\/uj.adatbank.ro\/lexikon\/termek\/tollas-gyorgy\/","title":{"rendered":"TOLLAS Gy\u00f6rgy"},"content":{"rendered":"<p>? \u2020 ?: mv.-i m\u00e9sz\u00e1ros. <br \/><strong>\u2013 Irod.:<\/strong> Orsz\u00e1ggy\u0171l\u00e9s, fels\u00e9ges udvar \u00e9s kir. f\u0151korm\u00e1nysz\u00e9k \u00e1ltal kiadott szab\u00e1lyok vagy is \u00fatmutat\u00f3 fels\u0151bb rendeletek (Mv., 1838).<\/br><\/p>\n","protected":false},"excerpt":{"rendered":"<p>? \u2020 ?: mv.-i m\u00e9sz\u00e1ros. \u2013 Irod.: Orsz\u00e1ggy\u0171l\u00e9s, fels\u00e9ges udvar \u00e9s kir. f\u0151korm\u00e1nysz\u00e9k \u00e1ltal kiadott szab\u00e1lyok vagy is \u00fatmutat\u00f3 fels\u0151bb rendeletek (Mv., 1838).<\/p>\n","protected":false},"featured_media":0,"comment_status":"open","ping_status":"closed","template":"","meta":[],"product_brand":[],"product_cat":[137],"product_tag":[],"class_list":{"0":"post-23267","1":"product","2":"type-product","3":"status-publish","5":"product_cat-maros-megyei-eletrajzi-lexikon","7":"first","8":"instock","9":"shipping-taxable","10":"product-type-simple"},"_links":{"self":[{"href":"https:\/\/uj.adatbank.ro\/lexikon\/wp-json\/wp\/v2\/product\/23267","targetHints":{"allow":["GET"]}}],"collection":[{"href":"https:\/\/uj.adatbank.ro\/lexikon\/wp-json\/wp\/v2\/product"}],"about":[{"href":"https:\/\/uj.adatbank.ro\/lexikon\/wp-json\/wp\/v2\/types\/product"}],"replies":[{"embeddable":true,"href":"https:\/\/uj.adatbank.ro\/lexikon\/wp-json\/wp\/v2\/comments?post=23267"}],"wp:attachment":[{"href":"https:\/\/uj.adatbank.ro\/lexikon\/wp-json\/wp\/v2\/media?parent=23267"}],"wp:term":[{"taxonomy":"product_brand","embeddable":true,"href":"https:\/\/uj.adatbank.ro\/lexikon\/wp-json\/wp\/v2\/product_brand?post=23267"},{"taxonomy":"product_cat","embeddable":true,"href":"https:\/\/uj.adatbank.ro\/lexikon\/wp-json\/wp\/v2\/product_cat?post=23267"},{"taxonomy":"product_tag","embeddable":true,"href":"https:\/\/uj.adatbank.ro\/lexikon\/wp-json\/wp\/v2\/product_tag?post=23267"}],"curies":[{"name":"wp","href":"https:\/\/api.w.org\/{rel}","templated":true}]}}