{"id":23268,"date":"2025-08-01T17:20:16","date_gmt":"2025-08-01T15:20:16","guid":{"rendered":"https:\/\/uj.adatbank.ro\/lexikon\/termek\/tollas-janos\/"},"modified":"2025-08-01T17:20:16","modified_gmt":"2025-08-01T15:20:16","slug":"tollas-janos","status":"publish","type":"product","link":"https:\/\/uj.adatbank.ro\/lexikon\/termek\/tollas-janos\/","title":{"rendered":"TOLLAS J\u00e1nos"},"content":{"rendered":"<p>Lukailencfalva, 1897., \u2020 ?: keresked\u0151. \u2013 Iskol\u00e1it Mv.-en v\u00e9gezte, el\u0151bb gazd\u00e1lkodott, majd keresked\u00e9st tanult. Az els\u0151 vh.-ban a 12. cs. \u00e9s k. t\u00fcz\u00e9rezredben az orosz \u00e9s az olasz fronton harcolt, a bronz vit. \u00e9rem \u00e9s a K\u00e1roly Csapatkereszttel t\u00fcntett\u00e9k ki. \u00d6n\u00e1ll\u00f3 keresked\u0151 lett Mv.-en (1938). <br \/><strong>\u2013 Irod.:<\/strong> Sz\u00e9kelyf\u00f6ld \u00ed. k.<\/br><\/p>\n","protected":false},"excerpt":{"rendered":"<p>Lukailencfalva, 1897., \u2020 ?: keresked\u0151. \u2013 Iskol\u00e1it Mv.-en v\u00e9gezte, el\u0151bb gazd\u00e1lkodott, majd keresked\u00e9st tanult. Az els\u0151 vh.-ban a 12. cs. \u00e9s k. t\u00fcz\u00e9rezredben az orosz \u00e9s az olasz fronton harcolt, a bronz vit. \u00e9rem \u00e9s a K\u00e1roly Csapatkereszttel t\u00fcntett\u00e9k ki. \u00d6n\u00e1ll\u00f3 keresked\u0151 lett Mv.-en (1938). \u2013 Irod.: Sz\u00e9kelyf\u00f6ld \u00ed. k.<\/p>\n","protected":false},"featured_media":0,"comment_status":"open","ping_status":"closed","template":"","meta":[],"product_brand":[],"product_cat":[137],"product_tag":[],"class_list":{"0":"post-23268","1":"product","2":"type-product","3":"status-publish","5":"product_cat-maros-megyei-eletrajzi-lexikon","7":"first","8":"instock","9":"shipping-taxable","10":"product-type-simple"},"_links":{"self":[{"href":"https:\/\/uj.adatbank.ro\/lexikon\/wp-json\/wp\/v2\/product\/23268","targetHints":{"allow":["GET"]}}],"collection":[{"href":"https:\/\/uj.adatbank.ro\/lexikon\/wp-json\/wp\/v2\/product"}],"about":[{"href":"https:\/\/uj.adatbank.ro\/lexikon\/wp-json\/wp\/v2\/types\/product"}],"replies":[{"embeddable":true,"href":"https:\/\/uj.adatbank.ro\/lexikon\/wp-json\/wp\/v2\/comments?post=23268"}],"wp:attachment":[{"href":"https:\/\/uj.adatbank.ro\/lexikon\/wp-json\/wp\/v2\/media?parent=23268"}],"wp:term":[{"taxonomy":"product_brand","embeddable":true,"href":"https:\/\/uj.adatbank.ro\/lexikon\/wp-json\/wp\/v2\/product_brand?post=23268"},{"taxonomy":"product_cat","embeddable":true,"href":"https:\/\/uj.adatbank.ro\/lexikon\/wp-json\/wp\/v2\/product_cat?post=23268"},{"taxonomy":"product_tag","embeddable":true,"href":"https:\/\/uj.adatbank.ro\/lexikon\/wp-json\/wp\/v2\/product_tag?post=23268"}],"curies":[{"name":"wp","href":"https:\/\/api.w.org\/{rel}","templated":true}]}}