{"id":23270,"date":"2025-08-01T17:20:22","date_gmt":"2025-08-01T15:20:22","guid":{"rendered":"https:\/\/uj.adatbank.ro\/lexikon\/termek\/tollas-karoly\/"},"modified":"2025-08-01T17:20:22","modified_gmt":"2025-08-01T15:20:22","slug":"tollas-karoly","status":"publish","type":"product","link":"https:\/\/uj.adatbank.ro\/lexikon\/termek\/tollas-karoly\/","title":{"rendered":"TOLLAS K\u00e1roly"},"content":{"rendered":"<p>? 1803 \u2020 Sz\u00f6v\u00e9rd, 1877. nov. 7: id, \u00fcgyv\u00e9d. \u2013 A gr\u00f3f Teleki-csal\u00e1d jog\u00fcgyeinek t\u00f6bb mint negyven \u00e9vig igazgat\u00f3ja \u00e9s p\u00e9nzt\u00e1rnoka, a ref. f\u0151egyh\u00e1ztan\u00e1csnak titk\u00e1ra. A Teleki csal\u00e1d lev\u00e9lt\u00e1r\u00e1nak egy sz\u00e1mottev\u0151 r\u00e9sz\u00e9t kb. egyharmad\u00e1t D\u00f3sa S\u00e1muellel lajstromozta (1836).-  <strong>F. m..:<\/strong> A nagy-enyedi ev. ref. f\u0151oskol\u00e1ban mutatkozott esem\u00e9nyek nyilv\u00e1nos el\u0151terjeszt\u00e9se. (Pest, 1842.) <br \/><strong>\u2013 Irod.:<\/strong> P\u00e1l-Antal 2003; Szinnyei.<\/br><\/p>\n","protected":false},"excerpt":{"rendered":"<p>? 1803 \u2020 Sz\u00f6v\u00e9rd, 1877. nov. 7: id, \u00fcgyv\u00e9d. \u2013 A gr\u00f3f Teleki-csal\u00e1d jog\u00fcgyeinek t\u00f6bb mint negyven \u00e9vig igazgat\u00f3ja \u00e9s p\u00e9nzt\u00e1rnoka, a ref. f\u0151egyh\u00e1ztan\u00e1csnak titk\u00e1ra. A Teleki csal\u00e1d lev\u00e9lt\u00e1r\u00e1nak egy sz\u00e1mottev\u0151 r\u00e9sz\u00e9t kb. egyharmad\u00e1t D\u00f3sa S\u00e1muellel lajstromozta (1836).- F. m..: A nagy-enyedi ev. ref. f\u0151oskol\u00e1ban mutatkozott esem\u00e9nyek nyilv\u00e1nos el\u0151terjeszt\u00e9se. (Pest, 1842.) \u2013 Irod.: P\u00e1l-Antal 2003; [&hellip;]<\/p>\n","protected":false},"featured_media":0,"comment_status":"open","ping_status":"closed","template":"","meta":[],"product_brand":[],"product_cat":[137],"product_tag":[],"class_list":{"0":"post-23270","1":"product","2":"type-product","3":"status-publish","5":"product_cat-maros-megyei-eletrajzi-lexikon","7":"first","8":"instock","9":"shipping-taxable","10":"product-type-simple"},"_links":{"self":[{"href":"https:\/\/uj.adatbank.ro\/lexikon\/wp-json\/wp\/v2\/product\/23270","targetHints":{"allow":["GET"]}}],"collection":[{"href":"https:\/\/uj.adatbank.ro\/lexikon\/wp-json\/wp\/v2\/product"}],"about":[{"href":"https:\/\/uj.adatbank.ro\/lexikon\/wp-json\/wp\/v2\/types\/product"}],"replies":[{"embeddable":true,"href":"https:\/\/uj.adatbank.ro\/lexikon\/wp-json\/wp\/v2\/comments?post=23270"}],"wp:attachment":[{"href":"https:\/\/uj.adatbank.ro\/lexikon\/wp-json\/wp\/v2\/media?parent=23270"}],"wp:term":[{"taxonomy":"product_brand","embeddable":true,"href":"https:\/\/uj.adatbank.ro\/lexikon\/wp-json\/wp\/v2\/product_brand?post=23270"},{"taxonomy":"product_cat","embeddable":true,"href":"https:\/\/uj.adatbank.ro\/lexikon\/wp-json\/wp\/v2\/product_cat?post=23270"},{"taxonomy":"product_tag","embeddable":true,"href":"https:\/\/uj.adatbank.ro\/lexikon\/wp-json\/wp\/v2\/product_tag?post=23270"}],"curies":[{"name":"wp","href":"https:\/\/api.w.org\/{rel}","templated":true}]}}