{"id":23276,"date":"2025-08-01T17:20:38","date_gmt":"2025-08-01T15:20:38","guid":{"rendered":"https:\/\/uj.adatbank.ro\/lexikon\/termek\/tolnai-f-gyorgy\/"},"modified":"2025-08-01T17:20:38","modified_gmt":"2025-08-01T15:20:38","slug":"tolnai-f-gyorgy","status":"publish","type":"product","link":"https:\/\/uj.adatbank.ro\/lexikon\/termek\/tolnai-f-gyorgy\/","title":{"rendered":"TOLNAI F. Gy\u00f6rgy"},"content":{"rendered":"<p>? 1654., \u2020 ?: tan\u00edt\u00f3. \u2013\u2013 Nagyenyeden subscrib\u00e1lt (1672). Tan\u00edtott K\u00fck\u00fcll\u0151v\u00e1ron (1680). Leidenben (1679\u201382) peregrin\u00e1lt. Magyar\u00f3zdon, majd Sz\u00e9kelykocs\u00e1rdon lelk\u00e9sz. <br \/><strong>\u2013 Irod.:<\/strong> K\u00fck\u00fcll\u0151i Ref. Egyh\u00e1zm. 3.<\/br><\/p>\n","protected":false},"excerpt":{"rendered":"<p>? 1654., \u2020 ?: tan\u00edt\u00f3. \u2013\u2013 Nagyenyeden subscrib\u00e1lt (1672). Tan\u00edtott K\u00fck\u00fcll\u0151v\u00e1ron (1680). Leidenben (1679\u201382) peregrin\u00e1lt. Magyar\u00f3zdon, majd Sz\u00e9kelykocs\u00e1rdon lelk\u00e9sz. \u2013 Irod.: K\u00fck\u00fcll\u0151i Ref. Egyh\u00e1zm. 3.<\/p>\n","protected":false},"featured_media":0,"comment_status":"open","ping_status":"closed","template":"","meta":[],"product_brand":[],"product_cat":[137],"product_tag":[],"class_list":{"0":"post-23276","1":"product","2":"type-product","3":"status-publish","5":"product_cat-maros-megyei-eletrajzi-lexikon","7":"first","8":"instock","9":"shipping-taxable","10":"product-type-simple"},"_links":{"self":[{"href":"https:\/\/uj.adatbank.ro\/lexikon\/wp-json\/wp\/v2\/product\/23276","targetHints":{"allow":["GET"]}}],"collection":[{"href":"https:\/\/uj.adatbank.ro\/lexikon\/wp-json\/wp\/v2\/product"}],"about":[{"href":"https:\/\/uj.adatbank.ro\/lexikon\/wp-json\/wp\/v2\/types\/product"}],"replies":[{"embeddable":true,"href":"https:\/\/uj.adatbank.ro\/lexikon\/wp-json\/wp\/v2\/comments?post=23276"}],"wp:attachment":[{"href":"https:\/\/uj.adatbank.ro\/lexikon\/wp-json\/wp\/v2\/media?parent=23276"}],"wp:term":[{"taxonomy":"product_brand","embeddable":true,"href":"https:\/\/uj.adatbank.ro\/lexikon\/wp-json\/wp\/v2\/product_brand?post=23276"},{"taxonomy":"product_cat","embeddable":true,"href":"https:\/\/uj.adatbank.ro\/lexikon\/wp-json\/wp\/v2\/product_cat?post=23276"},{"taxonomy":"product_tag","embeddable":true,"href":"https:\/\/uj.adatbank.ro\/lexikon\/wp-json\/wp\/v2\/product_tag?post=23276"}],"curies":[{"name":"wp","href":"https:\/\/api.w.org\/{rel}","templated":true}]}}