{"id":23280,"date":"2025-08-01T17:20:49","date_gmt":"2025-08-01T15:20:49","guid":{"rendered":"https:\/\/uj.adatbank.ro\/lexikon\/termek\/tolnay-antal-selyei-es-szentlaszloi-antonius-tolnai-de-selyem\/"},"modified":"2025-08-01T17:20:49","modified_gmt":"2025-08-01T15:20:49","slug":"tolnay-antal-selyei-es-szentlaszloi-antonius-tolnai-de-selyem","status":"publish","type":"product","link":"https:\/\/uj.adatbank.ro\/lexikon\/termek\/tolnay-antal-selyei-es-szentlaszloi-antonius-tolnai-de-selyem\/","title":{"rendered":"TOLNAY Antal, selyei \u00e9s szentl\u00e1szl\u00f3i, Antonius Tolnai de Selyem"},"content":{"rendered":"<p>Folyfalva, 1750., \u2020 Mv., 1777. j\u00fan. 29. A minoritatemplom alatti kript\u00e1ban nyugszik: tiszt. \u2013 T. P\u00e1l \u00e9s Mikl\u00f3si B\u00f3ra fia. \u2013 Test\u0151rtiszt (1772\u201374), majd a Gyulai S\u00e1muel, sz\u00e9kely gyalog- \u00e9s lovasgener\u00e1lis ezred\u00e9ben szolg\u00e1lt. A minoritatemplom b. o. szent\u00e9ly\u00e9ben, a s\u00edrbolt legr\u00e9gibb lak\u00f3j\u00e1t jel\u00f6li az az eml\u00e9kt\u00e1bla, melyet az istenes embert, egyben a ki\u00e9rdemes\u00fclt katon\u00e1t megillet\u0151 hadi\u00e9k\u00edtm\u00e9nyes c\u00edmerpajzs d\u00edsz\u00edt: nyitott k\u00f6nyv, kehely, \u00e1gy\u00facs\u0151, \u00e1gy\u00fagoly\u00f3, kardok, dob, trombita \u00e9s k\u00f6r\u00fcl harcilobog\u00f3k t\u0171zdelve. <br \/><strong>\u2013 Irod.:<\/strong> Kr\u00f3n. F\u00fcz. (1939. 4\/9); Minorit\u00e1k; MTN.<\/br><\/p>\n","protected":false},"excerpt":{"rendered":"<p>Folyfalva, 1750., \u2020 Mv., 1777. j\u00fan. 29. A minoritatemplom alatti kript\u00e1ban nyugszik: tiszt. \u2013 T. P\u00e1l \u00e9s Mikl\u00f3si B\u00f3ra fia. \u2013 Test\u0151rtiszt (1772\u201374), majd a Gyulai S\u00e1muel, sz\u00e9kely gyalog- \u00e9s lovasgener\u00e1lis ezred\u00e9ben szolg\u00e1lt. A minoritatemplom b. o. szent\u00e9ly\u00e9ben, a s\u00edrbolt legr\u00e9gibb lak\u00f3j\u00e1t jel\u00f6li az az eml\u00e9kt\u00e1bla, melyet az istenes embert, egyben a ki\u00e9rdemes\u00fclt katon\u00e1t megillet\u0151 [&hellip;]<\/p>\n","protected":false},"featured_media":0,"comment_status":"open","ping_status":"closed","template":"","meta":[],"product_brand":[],"product_cat":[137],"product_tag":[],"class_list":{"0":"post-23280","1":"product","2":"type-product","3":"status-publish","5":"product_cat-maros-megyei-eletrajzi-lexikon","7":"first","8":"instock","9":"shipping-taxable","10":"product-type-simple"},"_links":{"self":[{"href":"https:\/\/uj.adatbank.ro\/lexikon\/wp-json\/wp\/v2\/product\/23280","targetHints":{"allow":["GET"]}}],"collection":[{"href":"https:\/\/uj.adatbank.ro\/lexikon\/wp-json\/wp\/v2\/product"}],"about":[{"href":"https:\/\/uj.adatbank.ro\/lexikon\/wp-json\/wp\/v2\/types\/product"}],"replies":[{"embeddable":true,"href":"https:\/\/uj.adatbank.ro\/lexikon\/wp-json\/wp\/v2\/comments?post=23280"}],"wp:attachment":[{"href":"https:\/\/uj.adatbank.ro\/lexikon\/wp-json\/wp\/v2\/media?parent=23280"}],"wp:term":[{"taxonomy":"product_brand","embeddable":true,"href":"https:\/\/uj.adatbank.ro\/lexikon\/wp-json\/wp\/v2\/product_brand?post=23280"},{"taxonomy":"product_cat","embeddable":true,"href":"https:\/\/uj.adatbank.ro\/lexikon\/wp-json\/wp\/v2\/product_cat?post=23280"},{"taxonomy":"product_tag","embeddable":true,"href":"https:\/\/uj.adatbank.ro\/lexikon\/wp-json\/wp\/v2\/product_tag?post=23280"}],"curies":[{"name":"wp","href":"https:\/\/api.w.org\/{rel}","templated":true}]}}