{"id":23283,"date":"2025-08-01T17:20:56","date_gmt":"2025-08-01T15:20:56","guid":{"rendered":"https:\/\/uj.adatbank.ro\/lexikon\/termek\/tolnay-istvan-selyei-es-szentlaszloi\/"},"modified":"2025-08-01T17:20:56","modified_gmt":"2025-08-01T15:20:56","slug":"tolnay-istvan-selyei-es-szentlaszloi","status":"publish","type":"product","link":"https:\/\/uj.adatbank.ro\/lexikon\/termek\/tolnay-istvan-selyei-es-szentlaszloi\/","title":{"rendered":"TOLNAY Istv\u00e1n, selyei \u00e9s szentl\u00e1szl\u00f3i"},"content":{"rendered":"<p>? \u2020 ?: tan\u00e1r (1660\u201380). \u2013 K\u00fclf\u00f6ldi akad\u00e9mi\u00e1n v\u00e9gzett, tan\u00e1r lett (1660\u201380), majd folyfalvi birtok\u00e1ra vonult. <br \/><strong>\u2013 Irod.:<\/strong> P\u00e1lmay.<\/br><\/p>\n","protected":false},"excerpt":{"rendered":"<p>? \u2020 ?: tan\u00e1r (1660\u201380). \u2013 K\u00fclf\u00f6ldi akad\u00e9mi\u00e1n v\u00e9gzett, tan\u00e1r lett (1660\u201380), majd folyfalvi birtok\u00e1ra vonult. \u2013 Irod.: P\u00e1lmay.<\/p>\n","protected":false},"featured_media":0,"comment_status":"open","ping_status":"closed","template":"","meta":[],"product_brand":[],"product_cat":[137],"product_tag":[],"class_list":{"0":"post-23283","1":"product","2":"type-product","3":"status-publish","5":"product_cat-maros-megyei-eletrajzi-lexikon","7":"first","8":"instock","9":"shipping-taxable","10":"product-type-simple"},"_links":{"self":[{"href":"https:\/\/uj.adatbank.ro\/lexikon\/wp-json\/wp\/v2\/product\/23283","targetHints":{"allow":["GET"]}}],"collection":[{"href":"https:\/\/uj.adatbank.ro\/lexikon\/wp-json\/wp\/v2\/product"}],"about":[{"href":"https:\/\/uj.adatbank.ro\/lexikon\/wp-json\/wp\/v2\/types\/product"}],"replies":[{"embeddable":true,"href":"https:\/\/uj.adatbank.ro\/lexikon\/wp-json\/wp\/v2\/comments?post=23283"}],"wp:attachment":[{"href":"https:\/\/uj.adatbank.ro\/lexikon\/wp-json\/wp\/v2\/media?parent=23283"}],"wp:term":[{"taxonomy":"product_brand","embeddable":true,"href":"https:\/\/uj.adatbank.ro\/lexikon\/wp-json\/wp\/v2\/product_brand?post=23283"},{"taxonomy":"product_cat","embeddable":true,"href":"https:\/\/uj.adatbank.ro\/lexikon\/wp-json\/wp\/v2\/product_cat?post=23283"},{"taxonomy":"product_tag","embeddable":true,"href":"https:\/\/uj.adatbank.ro\/lexikon\/wp-json\/wp\/v2\/product_tag?post=23283"}],"curies":[{"name":"wp","href":"https:\/\/api.w.org\/{rel}","templated":true}]}}