{"id":23289,"date":"2025-08-01T17:21:14","date_gmt":"2025-08-01T15:21:14","guid":{"rendered":"https:\/\/uj.adatbank.ro\/lexikon\/termek\/tolnay-reginald-von-sellye-tolnai-reginald\/"},"modified":"2025-08-01T17:21:14","modified_gmt":"2025-08-01T15:21:14","slug":"tolnay-reginald-von-sellye-tolnai-reginald","status":"publish","type":"product","link":"https:\/\/uj.adatbank.ro\/lexikon\/termek\/tolnay-reginald-von-sellye-tolnai-reginald\/","title":{"rendered":"TOLNAY Regin\u00e1ld, von Sellye, Tolnai Regin\u00e1ld"},"content":{"rendered":"<p>Folyfalva, \u2020 ?: f\u00f6ldbirtokos, joog\u00e1sz. \u2013 Apja honv\u00e9d\u0151rnagy. Feles\u00e9ge: Wessel\u00e9nyi Lenke. \u2013 Tanult a B\u00e9csi Egy. Jogtud. Kar\u00e1n (1869\u201370). F\u00f6ldbirtokos Folyfalv\u00e1n. Feles\u00e9g\u00e9vel a k\u00e9sz\u00fcl\u0151 \u00e1kosfalvi r. k. templom orgon\u00e1j\u00e1nak k\u00f6lts\u00e9geit fedezt\u00e9k (1879). Mv.-en sz\u00ednp\u00e1rtol\u00f3 egylet alakult (1884. szept. 14.), az alap\u00edtv\u00e1nynak nagy\u00f6sszeget, 500 forintot, adom\u00e1nyozott az \u00e1lland\u00f3 sz\u00ednh\u00e1z l\u00e9tes\u00edt\u00e9s\u00e9re. Folyfalvi lakosk\u00e9nt el\u0151munk\u00e1lati jogot kapott a Mv-Szov\u00e1ta helyi \u00e9rdek\u0171 keskenyv\u00e1g\u00e1ny\u00fa vas\u00fatvonal \u00e9p\u00edt\u00e9s\u00e9re (1895). Ny\u00e1r\u00e1dszered\u00e1ban a t\u0151le v\u00e1s\u00e1rolt telken n\u00e9gy tantermes iskol\u00e1t \u00e9p\u00edtettek irod\u00e1val \u00e9s tan\u00edt\u00f3i lak\u00e1ssal (1897), oda k\u00f6lt\u00f6z\u00f6tt a k\u00f6zs\u00e9gi iskola. Bp.-re k\u00f6lt\u00f6z\u00f6tt, ahol h\u00e1ztulajdonos (1919). A kisaj\u00e1t\u00edt\u00e1s ut\u00e1n birtokai megmaradt r\u00e9sz\u00e9t Beregi Oszk\u00e1r sz\u00edn\u00e9sznek adta el (1920). <br \/><strong>\u2013 Irod.:<\/strong> Gid\u00f3 Csaba: Egy megsz\u0171nt vas\u00fatvonal-h\u00e1l\u00f3zat eml\u00e9k\u00e9re = P\u00e1l-Antal \u2013 Simon; Kusz\u00e1lik\u2013Zal\u00e1nyi; Ny\u00e1r\u00e1dszereda: Kiskalauz; Sipos; Szab\u00f3\u2013Simon\u2013Sz\u00f6gi.<\/br><\/p>\n","protected":false},"excerpt":{"rendered":"<p>Folyfalva, \u2020 ?: f\u00f6ldbirtokos, joog\u00e1sz. \u2013 Apja honv\u00e9d\u0151rnagy. Feles\u00e9ge: Wessel\u00e9nyi Lenke. \u2013 Tanult a B\u00e9csi Egy. Jogtud. Kar\u00e1n (1869\u201370). F\u00f6ldbirtokos Folyfalv\u00e1n. Feles\u00e9g\u00e9vel a k\u00e9sz\u00fcl\u0151 \u00e1kosfalvi r. k. templom orgon\u00e1j\u00e1nak k\u00f6lts\u00e9geit fedezt\u00e9k (1879). Mv.-en sz\u00ednp\u00e1rtol\u00f3 egylet alakult (1884. szept. 14.), az alap\u00edtv\u00e1nynak nagy\u00f6sszeget, 500 forintot, adom\u00e1nyozott az \u00e1lland\u00f3 sz\u00ednh\u00e1z l\u00e9tes\u00edt\u00e9s\u00e9re. Folyfalvi lakosk\u00e9nt el\u0151munk\u00e1lati jogot kapott a [&hellip;]<\/p>\n","protected":false},"featured_media":0,"comment_status":"open","ping_status":"closed","template":"","meta":[],"product_brand":[],"product_cat":[137],"product_tag":[],"class_list":{"0":"post-23289","1":"product","2":"type-product","3":"status-publish","5":"product_cat-maros-megyei-eletrajzi-lexikon","7":"first","8":"instock","9":"shipping-taxable","10":"product-type-simple"},"_links":{"self":[{"href":"https:\/\/uj.adatbank.ro\/lexikon\/wp-json\/wp\/v2\/product\/23289","targetHints":{"allow":["GET"]}}],"collection":[{"href":"https:\/\/uj.adatbank.ro\/lexikon\/wp-json\/wp\/v2\/product"}],"about":[{"href":"https:\/\/uj.adatbank.ro\/lexikon\/wp-json\/wp\/v2\/types\/product"}],"replies":[{"embeddable":true,"href":"https:\/\/uj.adatbank.ro\/lexikon\/wp-json\/wp\/v2\/comments?post=23289"}],"wp:attachment":[{"href":"https:\/\/uj.adatbank.ro\/lexikon\/wp-json\/wp\/v2\/media?parent=23289"}],"wp:term":[{"taxonomy":"product_brand","embeddable":true,"href":"https:\/\/uj.adatbank.ro\/lexikon\/wp-json\/wp\/v2\/product_brand?post=23289"},{"taxonomy":"product_cat","embeddable":true,"href":"https:\/\/uj.adatbank.ro\/lexikon\/wp-json\/wp\/v2\/product_cat?post=23289"},{"taxonomy":"product_tag","embeddable":true,"href":"https:\/\/uj.adatbank.ro\/lexikon\/wp-json\/wp\/v2\/product_tag?post=23289"}],"curies":[{"name":"wp","href":"https:\/\/api.w.org\/{rel}","templated":true}]}}