{"id":23291,"date":"2025-08-01T17:21:17","date_gmt":"2025-08-01T15:21:17","guid":{"rendered":"https:\/\/uj.adatbank.ro\/lexikon\/termek\/tolokan-antal\/"},"modified":"2025-08-01T17:21:17","modified_gmt":"2025-08-01T15:21:17","slug":"tolokan-antal","status":"publish","type":"product","link":"https:\/\/uj.adatbank.ro\/lexikon\/termek\/tolokan-antal\/","title":{"rendered":"TOLOK\u00c1N Antal"},"content":{"rendered":"<p>1887.\u2020 1966.: keresked\u0151. \u2013 Feles\u00e9ge: Sz\u00e1lasi Ir\u00e9n (1897\u20131963). \u2013 Marosbog\u00e1ton volt keresked\u0151. <br \/><strong>\u2013 Irod.:<\/strong> Sz\u00e1va 2012.<\/br><\/p>\n","protected":false},"excerpt":{"rendered":"<p>1887.\u2020 1966.: keresked\u0151. \u2013 Feles\u00e9ge: Sz\u00e1lasi Ir\u00e9n (1897\u20131963). \u2013 Marosbog\u00e1ton volt keresked\u0151. \u2013 Irod.: Sz\u00e1va 2012.<\/p>\n","protected":false},"featured_media":0,"comment_status":"open","ping_status":"closed","template":"","meta":[],"product_brand":[],"product_cat":[137],"product_tag":[],"class_list":{"0":"post-23291","1":"product","2":"type-product","3":"status-publish","5":"product_cat-maros-megyei-eletrajzi-lexikon","7":"first","8":"instock","9":"shipping-taxable","10":"product-type-simple"},"_links":{"self":[{"href":"https:\/\/uj.adatbank.ro\/lexikon\/wp-json\/wp\/v2\/product\/23291","targetHints":{"allow":["GET"]}}],"collection":[{"href":"https:\/\/uj.adatbank.ro\/lexikon\/wp-json\/wp\/v2\/product"}],"about":[{"href":"https:\/\/uj.adatbank.ro\/lexikon\/wp-json\/wp\/v2\/types\/product"}],"replies":[{"embeddable":true,"href":"https:\/\/uj.adatbank.ro\/lexikon\/wp-json\/wp\/v2\/comments?post=23291"}],"wp:attachment":[{"href":"https:\/\/uj.adatbank.ro\/lexikon\/wp-json\/wp\/v2\/media?parent=23291"}],"wp:term":[{"taxonomy":"product_brand","embeddable":true,"href":"https:\/\/uj.adatbank.ro\/lexikon\/wp-json\/wp\/v2\/product_brand?post=23291"},{"taxonomy":"product_cat","embeddable":true,"href":"https:\/\/uj.adatbank.ro\/lexikon\/wp-json\/wp\/v2\/product_cat?post=23291"},{"taxonomy":"product_tag","embeddable":true,"href":"https:\/\/uj.adatbank.ro\/lexikon\/wp-json\/wp\/v2\/product_tag?post=23291"}],"curies":[{"name":"wp","href":"https:\/\/api.w.org\/{rel}","templated":true}]}}