{"id":23292,"date":"2025-08-01T17:21:21","date_gmt":"2025-08-01T15:21:21","guid":{"rendered":"https:\/\/uj.adatbank.ro\/lexikon\/termek\/tolokan-dezso\/"},"modified":"2025-08-01T17:21:21","modified_gmt":"2025-08-01T15:21:21","slug":"tolokan-dezso","status":"publish","type":"product","link":"https:\/\/uj.adatbank.ro\/lexikon\/termek\/tolokan-dezso\/","title":{"rendered":"TOLOK\u00c1N Dezs\u0151"},"content":{"rendered":"<p>Marosbog\u00e1t, 1906., \u2020 Mv., 1972. febr. 28.: keresked\u0151. \u2013 Tanulm\u00e1nyait Sz\u00e9kelyudvarhelyen v\u00e9gezte, majd a keresked\u00e9st tanulta, \u00f6n\u00e1ll\u00f3 lett (1934); Mv.-en volt \u00fczlete (1941\u2013). A hazafias \u00e9s kultur\u00e1lis egyes\u00fcletek t\u00e1mogat\u00f3ja volt. <br \/><strong>\u2013 Irod.:<\/strong> Sz\u00e9kelyf\u00f6ld \u00ed. k.<\/br><\/p>\n","protected":false},"excerpt":{"rendered":"<p>Marosbog\u00e1t, 1906., \u2020 Mv., 1972. febr. 28.: keresked\u0151. \u2013 Tanulm\u00e1nyait Sz\u00e9kelyudvarhelyen v\u00e9gezte, majd a keresked\u00e9st tanulta, \u00f6n\u00e1ll\u00f3 lett (1934); Mv.-en volt \u00fczlete (1941\u2013). A hazafias \u00e9s kultur\u00e1lis egyes\u00fcletek t\u00e1mogat\u00f3ja volt. \u2013 Irod.: Sz\u00e9kelyf\u00f6ld \u00ed. k.<\/p>\n","protected":false},"featured_media":0,"comment_status":"open","ping_status":"closed","template":"","meta":[],"product_brand":[],"product_cat":[137],"product_tag":[],"class_list":{"0":"post-23292","1":"product","2":"type-product","3":"status-publish","5":"product_cat-maros-megyei-eletrajzi-lexikon","7":"first","8":"instock","9":"shipping-taxable","10":"product-type-simple"},"_links":{"self":[{"href":"https:\/\/uj.adatbank.ro\/lexikon\/wp-json\/wp\/v2\/product\/23292","targetHints":{"allow":["GET"]}}],"collection":[{"href":"https:\/\/uj.adatbank.ro\/lexikon\/wp-json\/wp\/v2\/product"}],"about":[{"href":"https:\/\/uj.adatbank.ro\/lexikon\/wp-json\/wp\/v2\/types\/product"}],"replies":[{"embeddable":true,"href":"https:\/\/uj.adatbank.ro\/lexikon\/wp-json\/wp\/v2\/comments?post=23292"}],"wp:attachment":[{"href":"https:\/\/uj.adatbank.ro\/lexikon\/wp-json\/wp\/v2\/media?parent=23292"}],"wp:term":[{"taxonomy":"product_brand","embeddable":true,"href":"https:\/\/uj.adatbank.ro\/lexikon\/wp-json\/wp\/v2\/product_brand?post=23292"},{"taxonomy":"product_cat","embeddable":true,"href":"https:\/\/uj.adatbank.ro\/lexikon\/wp-json\/wp\/v2\/product_cat?post=23292"},{"taxonomy":"product_tag","embeddable":true,"href":"https:\/\/uj.adatbank.ro\/lexikon\/wp-json\/wp\/v2\/product_tag?post=23292"}],"curies":[{"name":"wp","href":"https:\/\/api.w.org\/{rel}","templated":true}]}}