{"id":23294,"date":"2025-08-01T17:21:27","date_gmt":"2025-08-01T15:21:27","guid":{"rendered":"https:\/\/uj.adatbank.ro\/lexikon\/termek\/tolokan-jeno\/"},"modified":"2025-08-01T17:21:27","modified_gmt":"2025-08-01T15:21:27","slug":"tolokan-jeno","status":"publish","type":"product","link":"https:\/\/uj.adatbank.ro\/lexikon\/termek\/tolokan-jeno\/","title":{"rendered":"TOLOK\u00c1N Jen\u0151"},"content":{"rendered":"<p>Marosludas, 1922. j\u00fan. 5., \u2020 N\u00fcrnberg, N\u00e9meto. 2000. jan. 25: \u2013 Mv.-en elv\u00e9gezte az \u00e1llami g\u00e9pipari k\u00f6z\u00e9piskol\u00e1t, majd a kv.-i egyetem k\u00f6zgazdas\u00e1gi kar\u00e1n tanult. R\u00f6vid ideig helyettes tan\u00e1rk\u00e9nt dolgozott v\u00e1rosunkban, majd a ludasi cukorgy\u00e1r megalakul\u00e1s\u00e1t\u00f3l (1960) nyugd\u00edjaz\u00e1s\u00e1ig (1982) k\u00f6zgazd\u00e1sz- k\u00f6nyvel\u0151k\u00e9nt dolgozott a v\u00e1llalatn\u00e1l. Nyugd\u00edjask\u00e9nt k\u00f6lt\u00f6z\u00f6tt N\u00e9meto.-ba. A sz\u00fcl\u0151v\u00e1rosa ir\u00e1nti szeretete \u00e9letp\u00e1ly\u00e1j\u00e1n v\u00e9gig k\u00eds\u00e9rte. Mind a N\u00e9p\u00fajs\u00e1gnak k\u00fcld\u00f6tt anyagokb\u00f3l (Marosludas a magyar irodalom kist\u00fckr\u00e9ben, Adal\u00e9kok Ludas helyt\u00f6rt\u00e9net\u00e9hez, Korai magvet\u0151k Eur\u00f3pa mezsgy\u00e9j\u00e9n) \u00e9s h\u0171s\u00e9ges levelez\u0151t\u00e1rsa, S\u00f3lyom J\u00e1nos ludasi nyugd\u00edjas- technikushoz k\u00fcld\u00f6tt levelez\u00e9s\u00e9b\u0151l kit\u0171nik, az adatokat a budapesti Orsz\u00e1gos Lev\u00e9lt\u00e1r, a Sz\u00e9chenyi K\u00f6nyvt\u00e1r dokument\u00e1ci\u00f3s r\u00e9szlegein gy\u0171jt\u00f6gette. Az adatgy\u0171jt\u00e9st tudatosan v\u00e9gezte. Ezt bizony\u00edtja az az \u00f3haja is, hogy minden okm\u00e1nyt, amelyet \u00f6sszegy\u0171jt\u00f6tt, a helybeli r\u00f3mai katolikus egyh\u00e1z k\u00f6nyvt\u00e1r\u00e1ban helyezz\u00e9k el. <br \/><strong>\u2013 Irod.:<\/strong> Szekeres Ad\u00e9l: In memoriam Tolok\u00e1n Jen\u0151 (N\u00fa. 2000. febr. 22.).<\/br><\/p>\n","protected":false},"excerpt":{"rendered":"<p>Marosludas, 1922. j\u00fan. 5., \u2020 N\u00fcrnberg, N\u00e9meto. 2000. jan. 25: \u2013 Mv.-en elv\u00e9gezte az \u00e1llami g\u00e9pipari k\u00f6z\u00e9piskol\u00e1t, majd a kv.-i egyetem k\u00f6zgazdas\u00e1gi kar\u00e1n tanult. R\u00f6vid ideig helyettes tan\u00e1rk\u00e9nt dolgozott v\u00e1rosunkban, majd a ludasi cukorgy\u00e1r megalakul\u00e1s\u00e1t\u00f3l (1960) nyugd\u00edjaz\u00e1s\u00e1ig (1982) k\u00f6zgazd\u00e1sz- k\u00f6nyvel\u0151k\u00e9nt dolgozott a v\u00e1llalatn\u00e1l. Nyugd\u00edjask\u00e9nt k\u00f6lt\u00f6z\u00f6tt N\u00e9meto.-ba. A sz\u00fcl\u0151v\u00e1rosa ir\u00e1nti szeretete \u00e9letp\u00e1ly\u00e1j\u00e1n v\u00e9gig k\u00eds\u00e9rte. Mind a [&hellip;]<\/p>\n","protected":false},"featured_media":0,"comment_status":"open","ping_status":"closed","template":"","meta":[],"product_brand":[],"product_cat":[137],"product_tag":[],"class_list":{"0":"post-23294","1":"product","2":"type-product","3":"status-publish","5":"product_cat-maros-megyei-eletrajzi-lexikon","7":"first","8":"instock","9":"shipping-taxable","10":"product-type-simple"},"_links":{"self":[{"href":"https:\/\/uj.adatbank.ro\/lexikon\/wp-json\/wp\/v2\/product\/23294","targetHints":{"allow":["GET"]}}],"collection":[{"href":"https:\/\/uj.adatbank.ro\/lexikon\/wp-json\/wp\/v2\/product"}],"about":[{"href":"https:\/\/uj.adatbank.ro\/lexikon\/wp-json\/wp\/v2\/types\/product"}],"replies":[{"embeddable":true,"href":"https:\/\/uj.adatbank.ro\/lexikon\/wp-json\/wp\/v2\/comments?post=23294"}],"wp:attachment":[{"href":"https:\/\/uj.adatbank.ro\/lexikon\/wp-json\/wp\/v2\/media?parent=23294"}],"wp:term":[{"taxonomy":"product_brand","embeddable":true,"href":"https:\/\/uj.adatbank.ro\/lexikon\/wp-json\/wp\/v2\/product_brand?post=23294"},{"taxonomy":"product_cat","embeddable":true,"href":"https:\/\/uj.adatbank.ro\/lexikon\/wp-json\/wp\/v2\/product_cat?post=23294"},{"taxonomy":"product_tag","embeddable":true,"href":"https:\/\/uj.adatbank.ro\/lexikon\/wp-json\/wp\/v2\/product_tag?post=23294"}],"curies":[{"name":"wp","href":"https:\/\/api.w.org\/{rel}","templated":true}]}}