{"id":23295,"date":"2025-08-01T17:21:30","date_gmt":"2025-08-01T15:21:30","guid":{"rendered":"https:\/\/uj.adatbank.ro\/lexikon\/termek\/tolokan-marton\/"},"modified":"2025-08-01T17:21:30","modified_gmt":"2025-08-01T15:21:30","slug":"tolokan-marton","status":"publish","type":"product","link":"https:\/\/uj.adatbank.ro\/lexikon\/termek\/tolokan-marton\/","title":{"rendered":"TOLOK\u00c1N M\u00e1rton"},"content":{"rendered":"<p>1883?., \u2020 Mv., 1938. aug. 12.: keresked\u0151. \u2013 Testv\u00e9rei: T. Rebeka \u2013 Vit\u00e1lis S\u00e1ndorn\u00e9; M\u00e1ria \u2013 Valics K\u00e1rolyn\u00e9; Krist\u00f3f, feles\u00e9ge Papp Anna; Jen\u0151, feles\u00e9ge Major Berta; Roz\u00e1lia \u2013 Sz\u00f6rtsey Andr\u00e1sn\u00e9; G\u00e9za, feles\u00e9ge Kiss M\u00e1ria; K\u00e1roly, feles\u00e9ge Willmann Anna; Katinka. Feles\u00e9ge: Pungutz M\u00e1ria. Fiuk: M\u00e1rton. \u2013 Mv.-en volt keresked\u0151, m\u00e9ter\u00e1ruboltja volt. <br \/><strong>\u2013 Irod.:<\/strong> Gy\u00e1szjelent\u0151; Sz\u00e1sz\u2013Barab\u00e1s\u2013Pusk\u00e1s.<\/br><\/p>\n","protected":false},"excerpt":{"rendered":"<p>1883?., \u2020 Mv., 1938. aug. 12.: keresked\u0151. \u2013 Testv\u00e9rei: T. Rebeka \u2013 Vit\u00e1lis S\u00e1ndorn\u00e9; M\u00e1ria \u2013 Valics K\u00e1rolyn\u00e9; Krist\u00f3f, feles\u00e9ge Papp Anna; Jen\u0151, feles\u00e9ge Major Berta; Roz\u00e1lia \u2013 Sz\u00f6rtsey Andr\u00e1sn\u00e9; G\u00e9za, feles\u00e9ge Kiss M\u00e1ria; K\u00e1roly, feles\u00e9ge Willmann Anna; Katinka. Feles\u00e9ge: Pungutz M\u00e1ria. Fiuk: M\u00e1rton. \u2013 Mv.-en volt keresked\u0151, m\u00e9ter\u00e1ruboltja volt. \u2013 Irod.: Gy\u00e1szjelent\u0151; Sz\u00e1sz\u2013Barab\u00e1s\u2013Pusk\u00e1s.<\/p>\n","protected":false},"featured_media":0,"comment_status":"open","ping_status":"closed","template":"","meta":[],"product_brand":[],"product_cat":[137],"product_tag":[],"class_list":{"0":"post-23295","1":"product","2":"type-product","3":"status-publish","5":"product_cat-maros-megyei-eletrajzi-lexikon","7":"first","8":"instock","9":"shipping-taxable","10":"product-type-simple"},"_links":{"self":[{"href":"https:\/\/uj.adatbank.ro\/lexikon\/wp-json\/wp\/v2\/product\/23295","targetHints":{"allow":["GET"]}}],"collection":[{"href":"https:\/\/uj.adatbank.ro\/lexikon\/wp-json\/wp\/v2\/product"}],"about":[{"href":"https:\/\/uj.adatbank.ro\/lexikon\/wp-json\/wp\/v2\/types\/product"}],"replies":[{"embeddable":true,"href":"https:\/\/uj.adatbank.ro\/lexikon\/wp-json\/wp\/v2\/comments?post=23295"}],"wp:attachment":[{"href":"https:\/\/uj.adatbank.ro\/lexikon\/wp-json\/wp\/v2\/media?parent=23295"}],"wp:term":[{"taxonomy":"product_brand","embeddable":true,"href":"https:\/\/uj.adatbank.ro\/lexikon\/wp-json\/wp\/v2\/product_brand?post=23295"},{"taxonomy":"product_cat","embeddable":true,"href":"https:\/\/uj.adatbank.ro\/lexikon\/wp-json\/wp\/v2\/product_cat?post=23295"},{"taxonomy":"product_tag","embeddable":true,"href":"https:\/\/uj.adatbank.ro\/lexikon\/wp-json\/wp\/v2\/product_tag?post=23295"}],"curies":[{"name":"wp","href":"https:\/\/api.w.org\/{rel}","templated":true}]}}