{"id":23296,"date":"2025-08-01T17:21:32","date_gmt":"2025-08-01T15:21:32","guid":{"rendered":"https:\/\/uj.adatbank.ro\/lexikon\/termek\/tolokan-marton-2\/"},"modified":"2025-08-01T17:21:32","modified_gmt":"2025-08-01T15:21:32","slug":"tolokan-marton-2","status":"publish","type":"product","link":"https:\/\/uj.adatbank.ro\/lexikon\/termek\/tolokan-marton-2\/","title":{"rendered":"TOLOK\u00c1N M\u00e1rton"},"content":{"rendered":"<p>1914., \u2020 Mv., 1990. nov, 18: keresked\u0151. \u2013 Petri K\u00e1rollyal nyitottak Helikon n\u00e9vvel k\u00f6nyvesbotot Mv.-en a f\u0151t\u00e9ren (1942). A Nyilaskeresztes P\u00e1rt tagja volt, de abbamaradt tev\u00e9kenys\u00e9ge, majd a M. P\u00e1rt tagja, de tev\u00e9kenys\u00e9ge jelent\u00e9ktelen (a securitate jelent\u00e9se szerint, 1951). <br \/><strong>\u2013 Irod.:<\/strong> Bartos 2012; Id\u0151t\u00e1r 3.<\/br><\/p>\n","protected":false},"excerpt":{"rendered":"<p>1914., \u2020 Mv., 1990. nov, 18: keresked\u0151. \u2013 Petri K\u00e1rollyal nyitottak Helikon n\u00e9vvel k\u00f6nyvesbotot Mv.-en a f\u0151t\u00e9ren (1942). A Nyilaskeresztes P\u00e1rt tagja volt, de abbamaradt tev\u00e9kenys\u00e9ge, majd a M. P\u00e1rt tagja, de tev\u00e9kenys\u00e9ge jelent\u00e9ktelen (a securitate jelent\u00e9se szerint, 1951). \u2013 Irod.: Bartos 2012; Id\u0151t\u00e1r 3.<\/p>\n","protected":false},"featured_media":0,"comment_status":"open","ping_status":"closed","template":"","meta":[],"product_brand":[],"product_cat":[137],"product_tag":[],"class_list":{"0":"post-23296","1":"product","2":"type-product","3":"status-publish","5":"product_cat-maros-megyei-eletrajzi-lexikon","7":"first","8":"instock","9":"shipping-taxable","10":"product-type-simple"},"_links":{"self":[{"href":"https:\/\/uj.adatbank.ro\/lexikon\/wp-json\/wp\/v2\/product\/23296","targetHints":{"allow":["GET"]}}],"collection":[{"href":"https:\/\/uj.adatbank.ro\/lexikon\/wp-json\/wp\/v2\/product"}],"about":[{"href":"https:\/\/uj.adatbank.ro\/lexikon\/wp-json\/wp\/v2\/types\/product"}],"replies":[{"embeddable":true,"href":"https:\/\/uj.adatbank.ro\/lexikon\/wp-json\/wp\/v2\/comments?post=23296"}],"wp:attachment":[{"href":"https:\/\/uj.adatbank.ro\/lexikon\/wp-json\/wp\/v2\/media?parent=23296"}],"wp:term":[{"taxonomy":"product_brand","embeddable":true,"href":"https:\/\/uj.adatbank.ro\/lexikon\/wp-json\/wp\/v2\/product_brand?post=23296"},{"taxonomy":"product_cat","embeddable":true,"href":"https:\/\/uj.adatbank.ro\/lexikon\/wp-json\/wp\/v2\/product_cat?post=23296"},{"taxonomy":"product_tag","embeddable":true,"href":"https:\/\/uj.adatbank.ro\/lexikon\/wp-json\/wp\/v2\/product_tag?post=23296"}],"curies":[{"name":"wp","href":"https:\/\/api.w.org\/{rel}","templated":true}]}}