{"id":23297,"date":"2025-08-01T17:21:35","date_gmt":"2025-08-01T15:21:35","guid":{"rendered":"https:\/\/uj.adatbank.ro\/lexikon\/termek\/tolokan-marton-3\/"},"modified":"2025-08-01T17:21:35","modified_gmt":"2025-08-01T15:21:35","slug":"tolokan-marton-3","status":"publish","type":"product","link":"https:\/\/uj.adatbank.ro\/lexikon\/termek\/tolokan-marton-3\/","title":{"rendered":"TOLOK\u00c1N M\u00e1rton"},"content":{"rendered":"<p>? 1946., \u2020 Bp., 2001. m\u00e1rc. 4., temet\u00e9se Mv.-en 2001. m\u00e1rc 23.: t\u00f6rt\u00e9nelemtan\u00e1r. \u2013 Tan\u00edtott Maroscsap\u00f3n, a mv.-i 9-es \u00e9s a 16-os \u00e1ltal\u00e1nos iskol\u00e1ban. <br \/><strong>\u2013 Irod.:<\/strong> MMK.<\/br><\/p>\n","protected":false},"excerpt":{"rendered":"<p>? 1946., \u2020 Bp., 2001. m\u00e1rc. 4., temet\u00e9se Mv.-en 2001. m\u00e1rc 23.: t\u00f6rt\u00e9nelemtan\u00e1r. \u2013 Tan\u00edtott Maroscsap\u00f3n, a mv.-i 9-es \u00e9s a 16-os \u00e1ltal\u00e1nos iskol\u00e1ban. \u2013 Irod.: MMK.<\/p>\n","protected":false},"featured_media":0,"comment_status":"open","ping_status":"closed","template":"","meta":[],"product_brand":[],"product_cat":[137],"product_tag":[],"class_list":{"0":"post-23297","1":"product","2":"type-product","3":"status-publish","5":"product_cat-maros-megyei-eletrajzi-lexikon","7":"first","8":"instock","9":"shipping-taxable","10":"product-type-simple"},"_links":{"self":[{"href":"https:\/\/uj.adatbank.ro\/lexikon\/wp-json\/wp\/v2\/product\/23297","targetHints":{"allow":["GET"]}}],"collection":[{"href":"https:\/\/uj.adatbank.ro\/lexikon\/wp-json\/wp\/v2\/product"}],"about":[{"href":"https:\/\/uj.adatbank.ro\/lexikon\/wp-json\/wp\/v2\/types\/product"}],"replies":[{"embeddable":true,"href":"https:\/\/uj.adatbank.ro\/lexikon\/wp-json\/wp\/v2\/comments?post=23297"}],"wp:attachment":[{"href":"https:\/\/uj.adatbank.ro\/lexikon\/wp-json\/wp\/v2\/media?parent=23297"}],"wp:term":[{"taxonomy":"product_brand","embeddable":true,"href":"https:\/\/uj.adatbank.ro\/lexikon\/wp-json\/wp\/v2\/product_brand?post=23297"},{"taxonomy":"product_cat","embeddable":true,"href":"https:\/\/uj.adatbank.ro\/lexikon\/wp-json\/wp\/v2\/product_cat?post=23297"},{"taxonomy":"product_tag","embeddable":true,"href":"https:\/\/uj.adatbank.ro\/lexikon\/wp-json\/wp\/v2\/product_tag?post=23297"}],"curies":[{"name":"wp","href":"https:\/\/api.w.org\/{rel}","templated":true}]}}