{"id":23299,"date":"2025-08-01T17:21:40","date_gmt":"2025-08-01T15:21:40","guid":{"rendered":"https:\/\/uj.adatbank.ro\/lexikon\/termek\/tolvaly-albert\/"},"modified":"2025-08-01T17:21:40","modified_gmt":"2025-08-01T15:21:40","slug":"tolvaly-albert","status":"publish","type":"product","link":"https:\/\/uj.adatbank.ro\/lexikon\/termek\/tolvaly-albert\/","title":{"rendered":"TOLVALY Albert"},"content":{"rendered":"<p>Lukafalva, 1858., \u2020 1934. aug. 22.: m. kir. honv. \u0151rnagy. \u2013 \u00c1kosfalv\u00e1n \u00e9ltek. Feles\u00e9ge Incze Ilka, akinek egyik testv\u00e9re Eliz \u00e9s az \u0151 fia \u00c1d\u00e1m Lajos, egyetemi tan\u00e1r Mv.-en. Fi\u00fak: Albert, m\u00e9rn\u00f6k.Tanulm\u00e1nyait Bp.-en, Mv.-en v\u00e9gezte \u00e9s bevonult a 22. h. gy. ezred k\u00f6tel\u00e9k\u00e9be (1879) \u00e9s mint tov\u00e1bb szolg\u00e1l\u00f3 teljes\u00edtett katonai szolg\u00e1latot. Az I. vh.-ban is r\u00e9szt vett mint \u0151rnagy, t\u00f6bb kit\u00fcntet\u00e9s tulajdonosa. <br \/><strong>\u2013 Irod.:<\/strong> Ny\u00e1r\u00e1dszentbenedek; Sz\u00e9kelyf\u00f6ld \u00ed. k.<\/br><\/p>\n","protected":false},"excerpt":{"rendered":"<p>Lukafalva, 1858., \u2020 1934. aug. 22.: m. kir. honv. \u0151rnagy. \u2013 \u00c1kosfalv\u00e1n \u00e9ltek. Feles\u00e9ge Incze Ilka, akinek egyik testv\u00e9re Eliz \u00e9s az \u0151 fia \u00c1d\u00e1m Lajos, egyetemi tan\u00e1r Mv.-en. Fi\u00fak: Albert, m\u00e9rn\u00f6k.Tanulm\u00e1nyait Bp.-en, Mv.-en v\u00e9gezte \u00e9s bevonult a 22. h. gy. ezred k\u00f6tel\u00e9k\u00e9be (1879) \u00e9s mint tov\u00e1bb szolg\u00e1l\u00f3 teljes\u00edtett katonai szolg\u00e1latot. Az I. vh.-ban is [&hellip;]<\/p>\n","protected":false},"featured_media":0,"comment_status":"open","ping_status":"closed","template":"","meta":[],"product_brand":[],"product_cat":[137],"product_tag":[],"class_list":{"0":"post-23299","1":"product","2":"type-product","3":"status-publish","5":"product_cat-maros-megyei-eletrajzi-lexikon","7":"first","8":"instock","9":"shipping-taxable","10":"product-type-simple"},"_links":{"self":[{"href":"https:\/\/uj.adatbank.ro\/lexikon\/wp-json\/wp\/v2\/product\/23299","targetHints":{"allow":["GET"]}}],"collection":[{"href":"https:\/\/uj.adatbank.ro\/lexikon\/wp-json\/wp\/v2\/product"}],"about":[{"href":"https:\/\/uj.adatbank.ro\/lexikon\/wp-json\/wp\/v2\/types\/product"}],"replies":[{"embeddable":true,"href":"https:\/\/uj.adatbank.ro\/lexikon\/wp-json\/wp\/v2\/comments?post=23299"}],"wp:attachment":[{"href":"https:\/\/uj.adatbank.ro\/lexikon\/wp-json\/wp\/v2\/media?parent=23299"}],"wp:term":[{"taxonomy":"product_brand","embeddable":true,"href":"https:\/\/uj.adatbank.ro\/lexikon\/wp-json\/wp\/v2\/product_brand?post=23299"},{"taxonomy":"product_cat","embeddable":true,"href":"https:\/\/uj.adatbank.ro\/lexikon\/wp-json\/wp\/v2\/product_cat?post=23299"},{"taxonomy":"product_tag","embeddable":true,"href":"https:\/\/uj.adatbank.ro\/lexikon\/wp-json\/wp\/v2\/product_tag?post=23299"}],"curies":[{"name":"wp","href":"https:\/\/api.w.org\/{rel}","templated":true}]}}