{"id":23300,"date":"2025-08-01T17:21:43","date_gmt":"2025-08-01T15:21:43","guid":{"rendered":"https:\/\/uj.adatbank.ro\/lexikon\/termek\/tolvaly-albert-2\/"},"modified":"2025-08-01T17:21:43","modified_gmt":"2025-08-01T15:21:43","slug":"tolvaly-albert-2","status":"publish","type":"product","link":"https:\/\/uj.adatbank.ro\/lexikon\/termek\/tolvaly-albert-2\/","title":{"rendered":"TOLVALY Albert"},"content":{"rendered":"<p>\u00c1kosfalva, ? \u2020 Mv., 2003. j\u00fan. 13.: g\u00e9p\u00e9szm\u00e9rn\u00f6k, az aradi \u00e9s marosludasi cukorgy\u00e1r f\u0151m\u00e9rn\u00f6ke. <br \/><strong>\u2013 Irod.:<\/strong> [Nekrol\u00f3g] (N\u00fa., 2003. j\u00fan. 16.).<\/br><\/p>\n","protected":false},"excerpt":{"rendered":"<p>\u00c1kosfalva, ? \u2020 Mv., 2003. j\u00fan. 13.: g\u00e9p\u00e9szm\u00e9rn\u00f6k, az aradi \u00e9s marosludasi cukorgy\u00e1r f\u0151m\u00e9rn\u00f6ke. \u2013 Irod.: [Nekrol\u00f3g] (N\u00fa., 2003. j\u00fan. 16.).<\/p>\n","protected":false},"featured_media":0,"comment_status":"open","ping_status":"closed","template":"","meta":[],"product_brand":[],"product_cat":[137],"product_tag":[],"class_list":{"0":"post-23300","1":"product","2":"type-product","3":"status-publish","5":"product_cat-maros-megyei-eletrajzi-lexikon","7":"first","8":"instock","9":"shipping-taxable","10":"product-type-simple"},"_links":{"self":[{"href":"https:\/\/uj.adatbank.ro\/lexikon\/wp-json\/wp\/v2\/product\/23300","targetHints":{"allow":["GET"]}}],"collection":[{"href":"https:\/\/uj.adatbank.ro\/lexikon\/wp-json\/wp\/v2\/product"}],"about":[{"href":"https:\/\/uj.adatbank.ro\/lexikon\/wp-json\/wp\/v2\/types\/product"}],"replies":[{"embeddable":true,"href":"https:\/\/uj.adatbank.ro\/lexikon\/wp-json\/wp\/v2\/comments?post=23300"}],"wp:attachment":[{"href":"https:\/\/uj.adatbank.ro\/lexikon\/wp-json\/wp\/v2\/media?parent=23300"}],"wp:term":[{"taxonomy":"product_brand","embeddable":true,"href":"https:\/\/uj.adatbank.ro\/lexikon\/wp-json\/wp\/v2\/product_brand?post=23300"},{"taxonomy":"product_cat","embeddable":true,"href":"https:\/\/uj.adatbank.ro\/lexikon\/wp-json\/wp\/v2\/product_cat?post=23300"},{"taxonomy":"product_tag","embeddable":true,"href":"https:\/\/uj.adatbank.ro\/lexikon\/wp-json\/wp\/v2\/product_tag?post=23300"}],"curies":[{"name":"wp","href":"https:\/\/api.w.org\/{rel}","templated":true}]}}