{"id":23301,"date":"2025-08-01T17:21:46","date_gmt":"2025-08-01T15:21:46","guid":{"rendered":"https:\/\/uj.adatbank.ro\/lexikon\/termek\/tolvaly-benedek-jobbagytelki\/"},"modified":"2025-08-01T17:21:46","modified_gmt":"2025-08-01T15:21:46","slug":"tolvaly-benedek-jobbagytelki","status":"publish","type":"product","link":"https:\/\/uj.adatbank.ro\/lexikon\/termek\/tolvaly-benedek-jobbagytelki\/","title":{"rendered":"TOLVALY Benedek, jobb\u00e1gytelki"},"content":{"rendered":"<p>Mez\u0151cs\u00e1v\u00e1s, 1830., \u2020Sz\u00e9kelyb\u0151, 1868. P\u00f3k\u00e1ban temett\u00e9k el: m\u00e9rn\u00f6k. \u2013 Zsigmond fia.<\/br><\/p>\n","protected":false},"excerpt":{"rendered":"<p>Mez\u0151cs\u00e1v\u00e1s, 1830., \u2020Sz\u00e9kelyb\u0151, 1868. P\u00f3k\u00e1ban temett\u00e9k el: m\u00e9rn\u00f6k. \u2013 Zsigmond fia.<\/p>\n","protected":false},"featured_media":0,"comment_status":"open","ping_status":"closed","template":"","meta":[],"product_brand":[],"product_cat":[137],"product_tag":[],"class_list":{"0":"post-23301","1":"product","2":"type-product","3":"status-publish","5":"product_cat-maros-megyei-eletrajzi-lexikon","7":"first","8":"instock","9":"shipping-taxable","10":"product-type-simple"},"_links":{"self":[{"href":"https:\/\/uj.adatbank.ro\/lexikon\/wp-json\/wp\/v2\/product\/23301","targetHints":{"allow":["GET"]}}],"collection":[{"href":"https:\/\/uj.adatbank.ro\/lexikon\/wp-json\/wp\/v2\/product"}],"about":[{"href":"https:\/\/uj.adatbank.ro\/lexikon\/wp-json\/wp\/v2\/types\/product"}],"replies":[{"embeddable":true,"href":"https:\/\/uj.adatbank.ro\/lexikon\/wp-json\/wp\/v2\/comments?post=23301"}],"wp:attachment":[{"href":"https:\/\/uj.adatbank.ro\/lexikon\/wp-json\/wp\/v2\/media?parent=23301"}],"wp:term":[{"taxonomy":"product_brand","embeddable":true,"href":"https:\/\/uj.adatbank.ro\/lexikon\/wp-json\/wp\/v2\/product_brand?post=23301"},{"taxonomy":"product_cat","embeddable":true,"href":"https:\/\/uj.adatbank.ro\/lexikon\/wp-json\/wp\/v2\/product_cat?post=23301"},{"taxonomy":"product_tag","embeddable":true,"href":"https:\/\/uj.adatbank.ro\/lexikon\/wp-json\/wp\/v2\/product_tag?post=23301"}],"curies":[{"name":"wp","href":"https:\/\/api.w.org\/{rel}","templated":true}]}}