{"id":23303,"date":"2025-08-01T17:21:53","date_gmt":"2025-08-01T15:21:53","guid":{"rendered":"https:\/\/uj.adatbank.ro\/lexikon\/termek\/tolvaly-erzsebet-jobbagytelki\/"},"modified":"2025-08-01T17:21:53","modified_gmt":"2025-08-01T15:21:53","slug":"tolvaly-erzsebet-jobbagytelki","status":"publish","type":"product","link":"https:\/\/uj.adatbank.ro\/lexikon\/termek\/tolvaly-erzsebet-jobbagytelki\/","title":{"rendered":"TOLVALY Erzs\u00e9bet, jobb\u00e1gytelki"},"content":{"rendered":"<p>Makfalva, ? \u2020 ?: f\u00f6ldbirtokos. \u2013 Erd\u0151csin\u00e1don a Tejk\u00f6zpont k\u00f6nyvel\u0151je, 58 hold f\u00f6ldbirtok\u00e1n foglalkozott \u0151stermel\u00e9ssel \u00e9s haszon\u00e1llatok teny\u00e9szt\u00e9s\u00e9vel. <br \/><strong>\u2013 Irod.:<\/strong> Sz\u00e9kelyf\u00f6ld \u00ed. k.<\/br><\/p>\n","protected":false},"excerpt":{"rendered":"<p>Makfalva, ? \u2020 ?: f\u00f6ldbirtokos. \u2013 Erd\u0151csin\u00e1don a Tejk\u00f6zpont k\u00f6nyvel\u0151je, 58 hold f\u00f6ldbirtok\u00e1n foglalkozott \u0151stermel\u00e9ssel \u00e9s haszon\u00e1llatok teny\u00e9szt\u00e9s\u00e9vel. \u2013 Irod.: Sz\u00e9kelyf\u00f6ld \u00ed. k.<\/p>\n","protected":false},"featured_media":0,"comment_status":"open","ping_status":"closed","template":"","meta":[],"product_brand":[],"product_cat":[137],"product_tag":[],"class_list":{"0":"post-23303","1":"product","2":"type-product","3":"status-publish","5":"product_cat-maros-megyei-eletrajzi-lexikon","7":"first","8":"instock","9":"shipping-taxable","10":"product-type-simple"},"_links":{"self":[{"href":"https:\/\/uj.adatbank.ro\/lexikon\/wp-json\/wp\/v2\/product\/23303","targetHints":{"allow":["GET"]}}],"collection":[{"href":"https:\/\/uj.adatbank.ro\/lexikon\/wp-json\/wp\/v2\/product"}],"about":[{"href":"https:\/\/uj.adatbank.ro\/lexikon\/wp-json\/wp\/v2\/types\/product"}],"replies":[{"embeddable":true,"href":"https:\/\/uj.adatbank.ro\/lexikon\/wp-json\/wp\/v2\/comments?post=23303"}],"wp:attachment":[{"href":"https:\/\/uj.adatbank.ro\/lexikon\/wp-json\/wp\/v2\/media?parent=23303"}],"wp:term":[{"taxonomy":"product_brand","embeddable":true,"href":"https:\/\/uj.adatbank.ro\/lexikon\/wp-json\/wp\/v2\/product_brand?post=23303"},{"taxonomy":"product_cat","embeddable":true,"href":"https:\/\/uj.adatbank.ro\/lexikon\/wp-json\/wp\/v2\/product_cat?post=23303"},{"taxonomy":"product_tag","embeddable":true,"href":"https:\/\/uj.adatbank.ro\/lexikon\/wp-json\/wp\/v2\/product_tag?post=23303"}],"curies":[{"name":"wp","href":"https:\/\/api.w.org\/{rel}","templated":true}]}}