{"id":23304,"date":"2025-08-01T17:21:56","date_gmt":"2025-08-01T15:21:56","guid":{"rendered":"https:\/\/uj.adatbank.ro\/lexikon\/termek\/tolvaly-ferenc\/"},"modified":"2025-08-01T17:21:56","modified_gmt":"2025-08-01T15:21:56","slug":"tolvaly-ferenc","status":"publish","type":"product","link":"https:\/\/uj.adatbank.ro\/lexikon\/termek\/tolvaly-ferenc\/","title":{"rendered":"TOLVALY Ferenc"},"content":{"rendered":"<p>? 1902., \u2020 Erd\u0151csin\u00e1d, 1989. jan. 12.: gazd\u00e1lkod\u00f3 \u00e9s asztalos. \u2013 Erd\u0151csin\u00e1don volt \u00f6n\u00e1ll\u00f3. A m. kultur\u00e1lis \u00e9s szoci\u00e1lis egyes\u00fcleteket \u00f6nzetlen\u00fcl t\u00e1mogatta. <br \/><strong>\u2013 Irod.:<\/strong> [Nekrol\u00f3g] (V. Z., 1989. jan. 13.); Sz\u00e9kelyf\u00f6ld \u00ed. k.<\/br><\/p>\n","protected":false},"excerpt":{"rendered":"<p>? 1902., \u2020 Erd\u0151csin\u00e1d, 1989. jan. 12.: gazd\u00e1lkod\u00f3 \u00e9s asztalos. \u2013 Erd\u0151csin\u00e1don volt \u00f6n\u00e1ll\u00f3. A m. kultur\u00e1lis \u00e9s szoci\u00e1lis egyes\u00fcleteket \u00f6nzetlen\u00fcl t\u00e1mogatta. \u2013 Irod.: [Nekrol\u00f3g] (V. Z., 1989. jan. 13.); Sz\u00e9kelyf\u00f6ld \u00ed. k.<\/p>\n","protected":false},"featured_media":0,"comment_status":"open","ping_status":"closed","template":"","meta":[],"product_brand":[],"product_cat":[137],"product_tag":[],"class_list":{"0":"post-23304","1":"product","2":"type-product","3":"status-publish","5":"product_cat-maros-megyei-eletrajzi-lexikon","7":"first","8":"instock","9":"shipping-taxable","10":"product-type-simple"},"_links":{"self":[{"href":"https:\/\/uj.adatbank.ro\/lexikon\/wp-json\/wp\/v2\/product\/23304","targetHints":{"allow":["GET"]}}],"collection":[{"href":"https:\/\/uj.adatbank.ro\/lexikon\/wp-json\/wp\/v2\/product"}],"about":[{"href":"https:\/\/uj.adatbank.ro\/lexikon\/wp-json\/wp\/v2\/types\/product"}],"replies":[{"embeddable":true,"href":"https:\/\/uj.adatbank.ro\/lexikon\/wp-json\/wp\/v2\/comments?post=23304"}],"wp:attachment":[{"href":"https:\/\/uj.adatbank.ro\/lexikon\/wp-json\/wp\/v2\/media?parent=23304"}],"wp:term":[{"taxonomy":"product_brand","embeddable":true,"href":"https:\/\/uj.adatbank.ro\/lexikon\/wp-json\/wp\/v2\/product_brand?post=23304"},{"taxonomy":"product_cat","embeddable":true,"href":"https:\/\/uj.adatbank.ro\/lexikon\/wp-json\/wp\/v2\/product_cat?post=23304"},{"taxonomy":"product_tag","embeddable":true,"href":"https:\/\/uj.adatbank.ro\/lexikon\/wp-json\/wp\/v2\/product_tag?post=23304"}],"curies":[{"name":"wp","href":"https:\/\/api.w.org\/{rel}","templated":true}]}}